{"id":269,"date":"2024-12-10T07:49:48","date_gmt":"2024-12-10T07:49:48","guid":{"rendered":"https:\/\/omch.com\/?page_id=269"},"modified":"2025-07-22T05:55:49","modified_gmt":"2025-07-22T05:55:49","slug":"blogs","status":"publish","type":"page","link":"https:\/\/www.omch.com\/tr\/blogs\/","title":{"rendered":"Bloglar"},"content":{"rendered":"<div data-elementor-type=\"wp-page\" data-elementor-id=\"269\" class=\"elementor elementor-269\" data-elementor-settings=\"{&quot;element_pack_global_tooltip_width&quot;:{&quot;unit&quot;:&quot;px&quot;,&quot;size&quot;:&quot;&quot;,&quot;sizes&quot;:[]},&quot;element_pack_global_tooltip_width_tablet&quot;:{&quot;unit&quot;:&quot;px&quot;,&quot;size&quot;:&quot;&quot;,&quot;sizes&quot;:[]},&quot;element_pack_global_tooltip_width_mobile&quot;:{&quot;unit&quot;:&quot;px&quot;,&quot;size&quot;:&quot;&quot;,&quot;sizes&quot;:[]},&quot;element_pack_global_tooltip_padding&quot;:{&quot;unit&quot;:&quot;px&quot;,&quot;top&quot;:&quot;&quot;,&quot;right&quot;:&quot;&quot;,&quot;bottom&quot;:&quot;&quot;,&quot;left&quot;:&quot;&quot;,&quot;isLinked&quot;:true},&quot;element_pack_global_tooltip_padding_tablet&quot;:{&quot;unit&quot;:&quot;px&quot;,&quot;top&quot;:&quot;&quot;,&quot;right&quot;:&quot;&quot;,&quot;bottom&quot;:&quot;&quot;,&quot;left&quot;:&quot;&quot;,&quot;isLinked&quot;:true},&quot;element_pack_global_tooltip_padding_mobile&quot;:{&quot;unit&quot;:&quot;px&quot;,&quot;top&quot;:&quot;&quot;,&quot;right&quot;:&quot;&quot;,&quot;bottom&quot;:&quot;&quot;,&quot;left&quot;:&quot;&quot;,&quot;isLinked&quot;:true},&quot;element_pack_global_tooltip_border_radius&quot;:{&quot;unit&quot;:&quot;px&quot;,&quot;top&quot;:&quot;&quot;,&quot;right&quot;:&quot;&quot;,&quot;bottom&quot;:&quot;&quot;,&quot;left&quot;:&quot;&quot;,&quot;isLinked&quot;:true},&quot;element_pack_global_tooltip_border_radius_tablet&quot;:{&quot;unit&quot;:&quot;px&quot;,&quot;top&quot;:&quot;&quot;,&quot;right&quot;:&quot;&quot;,&quot;bottom&quot;:&quot;&quot;,&quot;left&quot;:&quot;&quot;,&quot;isLinked&quot;:true},&quot;element_pack_global_tooltip_border_radius_mobile&quot;:{&quot;unit&quot;:&quot;px&quot;,&quot;top&quot;:&quot;&quot;,&quot;right&quot;:&quot;&quot;,&quot;bottom&quot;:&quot;&quot;,&quot;left&quot;:&quot;&quot;,&quot;isLinked&quot;:true}}\" data-elementor-post-type=\"page\">\n\t\t\t\t<div class=\"elementor-element elementor-element-0f3211a e-flex e-con-boxed e-con e-parent\" data-id=\"0f3211a\" data-element_type=\"container\" data-settings=\"{&quot;background_background&quot;:&quot;classic&quot;}\">\n\t\t\t\t\t<div class=\"e-con-inner\">\n\t\t\t\t<div class=\"elementor-element elementor-element-8d5514a elementor-widget elementor-widget-heading\" data-id=\"8d5514a\" data-element_type=\"widget\" data-widget_type=\"heading.default\">\n\t\t\t\t<div class=\"elementor-widget-container\">\n\t\t\t\t\t<h1 class=\"elementor-heading-title elementor-size-default\">Bloglar<\/h1>\t\t\t\t<\/div>\n\t\t\t\t<\/div>\n\t\t\t\t<div class=\"elementor-element elementor-element-5f0a03f elementor-widget elementor-widget-pp-breadcrumbs\" data-id=\"5f0a03f\" data-element_type=\"widget\" data-settings=\"{&quot;breadcrumbs_type&quot;:&quot;powerpack&quot;}\" data-widget_type=\"pp-breadcrumbs.default\">\n\t\t\t\t<div class=\"elementor-widget-container\">\n\t\t\t\t\t<ul class=\"pp-breadcrumbs pp-breadcrumbs-powerpack\">\t\t<li class=\"pp-breadcrumbs-item pp-breadcrumbs-item-home\">\n\t\t\t<a class=\"pp-breadcrumbs-crumb pp-breadcrumbs-crumb-link pp-breadcrumbs-crumb-home\" href=\"https:\/\/www.omch.com\/tr\" title=\"Ev\">\n\t\t\t\t<span class=\"pp-breadcrumbs-text\">\n\t\t\t\t\t\t\t\t\t\tEv\t\t\t\t<\/span>\n\t\t\t<\/a>\n\t\t<\/li>\n\t\t<li class=\"pp-breadcrumbs-separator\">\t\t\t\t<span class='pp-separator-icon pp-icon'>\n\t\t\t\t\t<i aria-hidden=\"true\" class=\"fas fa-angle-right\"><\/i>\t\t\t\t<\/span>\n\t\t\t\t<\/li><\/ul>\t\t\t\t<\/div>\n\t\t\t\t<\/div>\n\t\t\t\t\t<\/div>\n\t\t\t\t<\/div>\n\t\t<div class=\"elementor-element elementor-element-0f38121 e-flex e-con-boxed e-con e-parent\" data-id=\"0f38121\" data-element_type=\"container\">\n\t\t\t\t\t<div class=\"e-con-inner\">\n\t\t\t\t<div class=\"elementor-element elementor-element-6c5bf77 pp-equal-height-yes elementor-grid-3 elementor-grid-tablet-2 elementor-grid-mobile-1 pp-post-filters-align-left elementor-widget elementor-widget-pp-posts\" data-id=\"6c5bf77\" data-element_type=\"widget\" data-widget_type=\"pp-posts.card\">\n\t\t\t\t<div class=\"elementor-widget-container\">\n\t\t\t\t\t\t\t<div class=\"pp-post-filters-container\">\n\t\t\t\t\t\t<div class=\"pp-post-filters-wrap pp-post-filters-dropdown-no\">\n\t\t\t\t<ul class=\"pp-post-filters\">\n\t\t\t\t\t\t\t\t\t\t\t<li class=\"pp-post-filter pp-filter-current\" data-filter=\"*\" data-taxonomy=\"\">T\u00fcm\u00fc<\/li>\n\t\t\t\t\t\t\t\t\t\t\t\t\t\t\t\t\t\t\t\t\t\t\t\t\t\t\t\t\t\t<li class=\"pp-post-filter\" data-filter=\".industrial-control\" data-taxonomy=\".category\">End\u00fcstriyel Kontrol<\/li>\n\t\t\t\t\t\t\t\t\t\t\t\t\t\t\t\t\t\t\t\t\t\t\t\t\t\t<li class=\"pp-post-filter\" data-filter=\".power-supply\" data-taxonomy=\".category\">G\u00fc\u00e7 Kayna\u011f\u0131<\/li>\n\t\t\t\t\t\t\t\t\t\t\t\t\t\t\t\t\t\t\t\t\t\t\t\t\t\t<li class=\"pp-post-filter\" data-filter=\".uncategorized\" data-taxonomy=\".category\">Uncategorized<\/li>\n\t\t\t\t\t\t\t\t\t\t\t<\/ul>\n\n\t\t\t\t\t\t\t<\/div>\n\t\t\t\t\t\t\t\t<\/div>\n\t\t\t\t<div class=\"pp-posts-container\">\n\t\t\t\n\t\t\t\t\t\t\t\t\t\t\n\t\t\t<div class=\"pp-posts pp-posts-skin-card elementor-grid pp-posts-grid\" data-query-type=\"custom\" data-layout=\"grid\" data-page=\"269\" data-skin=\"card\">\n\t\t\t\t\t\t\t\t\t\t\t<div class=\"pp-post-wrap pp-grid-item-wrap elementor-grid-item post-10245 post type-post status-publish format-standard has-post-thumbnail hentry category-industrial-control\">\n\t\t\t\t\t\t<div class=\"pp-post pp-grid-item\">\n\t\t\t\t\t\t<div class=\"pp-post-thumbnail\">\n\t\t\t<a class=\"pp-post-thumbnail-wrap\" href=\"https:\/\/www.omch.com\/tr\/temperature-sensors-manufacturers-guide\/\" title=\"En \u0130yi S\u0131cakl\u0131k Sens\u00f6r\u00fc \u00dcreticileri: Nihai K\u00fcresel Kaynak Bulma ve Se\u00e7im Rehberi\">\n\t\t\t\t<img fetchpriority=\"high\" decoding=\"async\" width=\"800\" height=\"600\" src=\"https:\/\/www.omch.com\/wp-content\/uploads\/2026\/03\/temperature-sensors-1.jpg\" class=\"attachment-large size-large wp-image-10248\" alt=\"s\u0131cakl\u0131k sens\u00f6rleri\" srcset=\"https:\/\/www.omch.com\/wp-content\/uploads\/2026\/03\/temperature-sensors-1.jpg 1024w, https:\/\/www.omch.com\/wp-content\/uploads\/2026\/03\/temperature-sensors-1-300x225.jpg 300w, https:\/\/www.omch.com\/wp-content\/uploads\/2026\/03\/temperature-sensors-1-768x576.jpg 768w, https:\/\/www.omch.com\/wp-content\/uploads\/2026\/03\/temperature-sensors-1-16x12.jpg 16w\" sizes=\"(max-width: 800px) 100vw, 800px\" \/>\t\t\t<\/a>\n\t\t<\/div>\n\t\t\n\t\t\t\t<div class=\"pp-post-content-wrap\">\n\t\t\t\t\t<div class=\"pp-post-content\">\n\t\t\t\t\t\t\t\t\t\t\t\t<h4 class=\"pp-post-title\">\n\t\t\t\t<a href=\"https:\/\/www.omch.com\/tr\/temperature-sensors-manufacturers-guide\/\">En \u0130yi S\u0131cakl\u0131k Sens\u00f6r\u00fc \u00dcreticileri: Nihai K\u00fcresel Kaynak Bulma ve Se\u00e7im Rehberi<\/a>\t\t\t<\/h4>\n\t\t\t\t\t\t\t<div class=\"pp-post-excerpt\">\n\t\t\t<p>S\u0131cakl\u0131k sens\u00f6rleri, modern end\u00fcstriyel otomasyon, otomotiv \u00fcretimi ve Nesnelerin \u0130nterneti alanlar\u0131nda \u00f6nemli temel bile\u015fenlerdir ...<\/p>\n\t\t<\/div>\n\t\t\t\t\t\t\t\t\t<\/div>\n\t\t\t\t\t\t\t\t\t<\/div>\n\n\t\t\t\t\t\t\t<\/div>\n\t\t\t\t\t<\/div>\n\t\t\t\t<div class=\"pp-post-wrap pp-grid-item-wrap elementor-grid-item post-10238 post type-post status-publish format-standard has-post-thumbnail hentry category-uncategorized\">\n\t\t\t\t\t\t<div class=\"pp-post pp-grid-item\">\n\t\t\t\t\t\t<div class=\"pp-post-thumbnail\">\n\t\t\t<a class=\"pp-post-thumbnail-wrap\" href=\"https:\/\/www.omch.com\/tr\/factory-automation-components-guide\/\" title=\"Fabrika Otomasyon Bile\u015fenleri: Se\u00e7im ve Entegrasyon i\u00e7in Nihai K\u0131lavuz\">\n\t\t\t\t<img decoding=\"async\" width=\"800\" height=\"600\" src=\"https:\/\/www.omch.com\/wp-content\/uploads\/2026\/03\/factory-automation-components-2.webp\" class=\"attachment-large size-large wp-image-10241\" alt=\"fabri\u0307ka otomasyon bi\u0307le\u015fenleri\u0307\" srcset=\"https:\/\/www.omch.com\/wp-content\/uploads\/2026\/03\/factory-automation-components-2.webp 1024w, https:\/\/www.omch.com\/wp-content\/uploads\/2026\/03\/factory-automation-components-2-300x225.webp 300w, https:\/\/www.omch.com\/wp-content\/uploads\/2026\/03\/factory-automation-components-2-768x576.webp 768w, https:\/\/www.omch.com\/wp-content\/uploads\/2026\/03\/factory-automation-components-2-16x12.webp 16w\" sizes=\"(max-width: 800px) 100vw, 800px\" \/>\t\t\t<\/a>\n\t\t<\/div>\n\t\t\n\t\t\t\t<div class=\"pp-post-content-wrap\">\n\t\t\t\t\t<div class=\"pp-post-content\">\n\t\t\t\t\t\t\t\t\t\t\t\t<h4 class=\"pp-post-title\">\n\t\t\t\t<a href=\"https:\/\/www.omch.com\/tr\/factory-automation-components-guide\/\">Fabrika Otomasyon Bile\u015fenleri: Se\u00e7im ve Entegrasyon i\u00e7in Nihai K\u0131lavuz<\/a>\t\t\t<\/h4>\n\t\t\t\t\t\t\t<div class=\"pp-post-excerpt\">\n\t\t\t<p>Modern imalat ve daha geni\u015f imalat end\u00fcstrisinin modern d\u00fcnyas\u0131nda, uzun zamandan beri ...<\/p>\n\t\t<\/div>\n\t\t\t\t\t\t\t\t\t<\/div>\n\t\t\t\t\t\t\t\t\t<\/div>\n\n\t\t\t\t\t\t\t<\/div>\n\t\t\t\t\t<\/div>\n\t\t\t\t<div class=\"pp-post-wrap pp-grid-item-wrap elementor-grid-item post-10213 post type-post status-publish format-standard has-post-thumbnail hentry category-power-supply\">\n\t\t\t\t\t\t<div class=\"pp-post pp-grid-item\">\n\t\t\t\t\t\t<div class=\"pp-post-thumbnail\">\n\t\t\t<a class=\"pp-post-thumbnail-wrap\" href=\"https:\/\/www.omch.com\/tr\/top-custom-power-supply-manufacturers\/\" title=\"En \u0130yi \u00d6zel G\u00fc\u00e7 Kayna\u011f\u0131 \u00dcreticileri: M\u00fchendislikte M\u00fckemmellik Rehberi\">\n\t\t\t\t<img decoding=\"async\" width=\"800\" height=\"600\" src=\"https:\/\/www.omch.com\/wp-content\/uploads\/2026\/03\/iot-solutions-for-warehouse-management-2.webp\" class=\"attachment-large size-large wp-image-10224\" alt=\"i\u015fbirli\u011fi\" srcset=\"https:\/\/www.omch.com\/wp-content\/uploads\/2026\/03\/iot-solutions-for-warehouse-management-2.webp 1024w, https:\/\/www.omch.com\/wp-content\/uploads\/2026\/03\/iot-solutions-for-warehouse-management-2-300x225.webp 300w, https:\/\/www.omch.com\/wp-content\/uploads\/2026\/03\/iot-solutions-for-warehouse-management-2-768x576.webp 768w, https:\/\/www.omch.com\/wp-content\/uploads\/2026\/03\/iot-solutions-for-warehouse-management-2-16x12.webp 16w\" sizes=\"(max-width: 800px) 100vw, 800px\" \/>\t\t\t<\/a>\n\t\t<\/div>\n\t\t\n\t\t\t\t<div class=\"pp-post-content-wrap\">\n\t\t\t\t\t<div class=\"pp-post-content\">\n\t\t\t\t\t\t\t\t\t\t\t\t<h4 class=\"pp-post-title\">\n\t\t\t\t<a href=\"https:\/\/www.omch.com\/tr\/top-custom-power-supply-manufacturers\/\">En \u0130yi \u00d6zel G\u00fc\u00e7 Kayna\u011f\u0131 \u00dcreticileri: M\u00fchendislikte M\u00fckemmellik Rehberi<\/a>\t\t\t<\/h4>\n\t\t\t\t\t\t\t<div class=\"pp-post-excerpt\">\n\t\t\t<p>G\u00fc\u00e7 sistemi, modern elektronik ekipmanlar\u0131n geli\u015ftirilmesinde yayg\u0131n olarak mecazi anlamda kalp olarak adland\u0131r\u0131l\u0131r. Buna ra\u011fmen ...<\/p>\n\t\t<\/div>\n\t\t\t\t\t\t\t\t\t<\/div>\n\t\t\t\t\t\t\t\t\t<\/div>\n\n\t\t\t\t\t\t\t<\/div>\n\t\t\t\t\t<\/div>\n\t\t\t\t<div class=\"pp-post-wrap pp-grid-item-wrap elementor-grid-item post-10205 post type-post status-publish format-standard has-post-thumbnail hentry category-industrial-control\">\n\t\t\t\t\t\t<div class=\"pp-post pp-grid-item\">\n\t\t\t\t\t\t<div class=\"pp-post-thumbnail\">\n\t\t\t<a class=\"pp-post-thumbnail-wrap\" href=\"https:\/\/www.omch.com\/tr\/iot-solutions-for-warehouse-management\/\" title=\"Depo Y\u00f6netimi i\u00e7in Stratejik IoT \u00c7\u00f6z\u00fcmleri: Bir Verimlilik Plan\u0131\">\n\t\t\t\t<img loading=\"lazy\" decoding=\"async\" width=\"800\" height=\"600\" src=\"https:\/\/www.omch.com\/wp-content\/uploads\/2026\/03\/iot-solutions-for-warehouse-management-3.webp\" class=\"attachment-large size-large wp-image-10225\" alt=\"depo y\u00f6neti\u0307mi\u0307 i\u0307\u00e7i\u0307n iot \u00e7\u00f6z\u00fcmleri\u0307\" srcset=\"https:\/\/www.omch.com\/wp-content\/uploads\/2026\/03\/iot-solutions-for-warehouse-management-3.webp 1024w, https:\/\/www.omch.com\/wp-content\/uploads\/2026\/03\/iot-solutions-for-warehouse-management-3-300x225.webp 300w, https:\/\/www.omch.com\/wp-content\/uploads\/2026\/03\/iot-solutions-for-warehouse-management-3-768x576.webp 768w, https:\/\/www.omch.com\/wp-content\/uploads\/2026\/03\/iot-solutions-for-warehouse-management-3-16x12.webp 16w\" sizes=\"(max-width: 800px) 100vw, 800px\" \/>\t\t\t<\/a>\n\t\t<\/div>\n\t\t\n\t\t\t\t<div class=\"pp-post-content-wrap\">\n\t\t\t\t\t<div class=\"pp-post-content\">\n\t\t\t\t\t\t\t\t\t\t\t\t<h4 class=\"pp-post-title\">\n\t\t\t\t<a href=\"https:\/\/www.omch.com\/tr\/iot-solutions-for-warehouse-management\/\">Depo Y\u00f6netimi i\u00e7in Stratejik IoT \u00c7\u00f6z\u00fcmleri: Bir Verimlilik Plan\u0131<\/a>\t\t\t<\/h4>\n\t\t\t\t\t\t\t<div class=\"pp-post-excerpt\">\n\t\t\t<p>Modern Lojistik Sanc\u0131lar\u0131n\u0131 Entegre IoT \u00c7er\u00e7eveleri ile \u00c7\u00f6zmek Modern depo y\u00f6netiminin derinlikleriyle y\u00fczle\u015fmeden \u00f6nce ...<\/p>\n\t\t<\/div>\n\t\t\t\t\t\t\t\t\t<\/div>\n\t\t\t\t\t\t\t\t\t<\/div>\n\n\t\t\t\t\t\t\t<\/div>\n\t\t\t\t\t<\/div>\n\t\t\t\t<div class=\"pp-post-wrap pp-grid-item-wrap elementor-grid-item post-10193 post type-post status-publish format-standard has-post-thumbnail hentry category-power-supply\">\n\t\t\t\t\t\t<div class=\"pp-post pp-grid-item\">\n\t\t\t\t\t\t<div class=\"pp-post-thumbnail\">\n\t\t\t<a class=\"pp-post-thumbnail-wrap\" href=\"https:\/\/www.omch.com\/tr\/industrial-ups-manufacturers\/\" title=\"En \u0130yi 5 End\u00fcstriyel UPS \u00dcreticisi: 2026 Kapsaml\u0131 Sat\u0131n Alma Rehberi\">\n\t\t\t\t<img loading=\"lazy\" decoding=\"async\" width=\"800\" height=\"600\" src=\"https:\/\/www.omch.com\/wp-content\/uploads\/2026\/03\/industrial-ups-1.webp\" class=\"attachment-large size-large wp-image-10198\" alt=\"end\u00fcstri\u0307yel ups\" srcset=\"https:\/\/www.omch.com\/wp-content\/uploads\/2026\/03\/industrial-ups-1.webp 1024w, https:\/\/www.omch.com\/wp-content\/uploads\/2026\/03\/industrial-ups-1-300x225.webp 300w, https:\/\/www.omch.com\/wp-content\/uploads\/2026\/03\/industrial-ups-1-768x576.webp 768w, https:\/\/www.omch.com\/wp-content\/uploads\/2026\/03\/industrial-ups-1-16x12.webp 16w\" sizes=\"(max-width: 800px) 100vw, 800px\" \/>\t\t\t<\/a>\n\t\t<\/div>\n\t\t\n\t\t\t\t<div class=\"pp-post-content-wrap\">\n\t\t\t\t\t<div class=\"pp-post-content\">\n\t\t\t\t\t\t\t\t\t\t\t\t<h4 class=\"pp-post-title\">\n\t\t\t\t<a href=\"https:\/\/www.omch.com\/tr\/industrial-ups-manufacturers\/\">En \u0130yi 5 End\u00fcstriyel UPS \u00dcreticisi: 2026 Kapsaml\u0131 Sat\u0131n Alma Rehberi<\/a>\t\t\t<\/h4>\n\t\t\t\t\t\t\t<div class=\"pp-post-excerpt\">\n\t\t\t<p>Modern end\u00fcstriyel otomasyon ve dijital d\u00f6n\u00fc\u015f\u00fcmle birlikte, g\u00fc\u00e7 kayna\u011f\u0131n\u0131n istikrar\u0131 i\u015fletmelerin ya\u015fam \u00e7izgisi haline gelmi\u015ftir. \u0130\u00e7inde ...<\/p>\n\t\t<\/div>\n\t\t\t\t\t\t\t\t\t<\/div>\n\t\t\t\t\t\t\t\t\t<\/div>\n\n\t\t\t\t\t\t\t<\/div>\n\t\t\t\t\t<\/div>\n\t\t\t\t<div class=\"pp-post-wrap pp-grid-item-wrap elementor-grid-item post-10182 post type-post status-publish format-standard has-post-thumbnail hentry category-industrial-control\">\n\t\t\t\t\t\t<div class=\"pp-post pp-grid-item\">\n\t\t\t\t\t\t<div class=\"pp-post-thumbnail\">\n\t\t\t<a class=\"pp-post-thumbnail-wrap\" href=\"https:\/\/www.omch.com\/tr\/industrial-automating-components\/\" title=\"End\u00fcstriyel Otomasyon Bile\u015fenleri: Nedir ve Nas\u0131l Se\u00e7ilir?\">\n\t\t\t\t<img loading=\"lazy\" decoding=\"async\" width=\"800\" height=\"600\" src=\"https:\/\/www.omch.com\/wp-content\/uploads\/2026\/03\/industrial-automation-components-2.webp\" class=\"attachment-large size-large wp-image-10185\" alt=\"end\u00fcstri\u0307yel otomasyon bi\u0307le\u015fenleri\u0307\" srcset=\"https:\/\/www.omch.com\/wp-content\/uploads\/2026\/03\/industrial-automation-components-2.webp 1024w, https:\/\/www.omch.com\/wp-content\/uploads\/2026\/03\/industrial-automation-components-2-300x225.webp 300w, https:\/\/www.omch.com\/wp-content\/uploads\/2026\/03\/industrial-automation-components-2-768x576.webp 768w, https:\/\/www.omch.com\/wp-content\/uploads\/2026\/03\/industrial-automation-components-2-16x12.webp 16w\" sizes=\"(max-width: 800px) 100vw, 800px\" \/>\t\t\t<\/a>\n\t\t<\/div>\n\t\t\n\t\t\t\t<div class=\"pp-post-content-wrap\">\n\t\t\t\t\t<div class=\"pp-post-content\">\n\t\t\t\t\t\t\t\t\t\t\t\t<h4 class=\"pp-post-title\">\n\t\t\t\t<a href=\"https:\/\/www.omch.com\/tr\/industrial-automating-components\/\">End\u00fcstriyel Otomasyon Bile\u015fenleri: Nedir ve Nas\u0131l Se\u00e7ilir?<\/a>\t\t\t<\/h4>\n\t\t\t\t\t\t\t<div class=\"pp-post-excerpt\">\n\t\t\t<p>2026 y\u0131l\u0131na gelindi\u011finde, \u00fcretim d\u00fcnyas\u0131 dijitalle\u015fme ve ak\u0131ll\u0131 otomasyon \u00e7a\u011f\u0131na girmi\u015f olacak ve bu da sekt\u00f6r genelinde \u00f6nemli de\u011fi\u015fimlere yol a\u00e7acak ...<\/p>\n\t\t<\/div>\n\t\t\t\t\t\t\t\t\t<\/div>\n\t\t\t\t\t\t\t\t\t<\/div>\n\n\t\t\t\t\t\t\t<\/div>\n\t\t\t\t\t<\/div>\n\t\t\t\t\t\t\t\t\t<\/div>\n\t\t\t\n\t\t\t\n\t\t\t\n\t\t\t\n\t\t\t\t\t\t\t\t\t\t\t<div class=\"pp-posts-pagination-wrap pp-posts-pagination-bottom\">\n\t\t\t\t\t\t\t\t<nav class=\"pp-posts-pagination pp-posts-pagination-ajax elementor-pagination\" role=\"navigation\" aria-label=\"Sayfaland\u0131rma\" data-total=\"16\">\n\t\t\t\t<span aria-current=\"page\" class=\"page-numbers current\">1<\/span>\n<a class=\"page-numbers\" href=\"https:\/\/www.omch.com\/wp-json\/wp\/v2\/pages\/269\/page\/2\/\">2<\/a>\n<a class=\"page-numbers\" href=\"https:\/\/www.omch.com\/wp-json\/wp\/v2\/pages\/269\/page\/3\/\">3<\/a>\n<a class=\"page-numbers\" href=\"https:\/\/www.omch.com\/wp-json\/wp\/v2\/pages\/269\/page\/4\/\">4<\/a>\n<a class=\"page-numbers\" href=\"https:\/\/www.omch.com\/wp-json\/wp\/v2\/pages\/269\/page\/5\/\">5<\/a>\n<a class=\"next page-numbers\" href=\"https:\/\/www.omch.com\/wp-json\/wp\/v2\/pages\/269\/page\/2\/\">Sonraki \u00bb<\/a>\t\t\t<\/nav>\n\t\t\t\t\t\t\t<\/div>\n\t\t\t\t\t\t\t\t\t<\/div>\n\n\t\t\n\t\t\t\t\t\t<\/div>\n\t\t\t\t<\/div>\n\t\t\t\t\t<\/div>\n\t\t\t\t<\/div>\n\t\t<div class=\"elementor-element elementor-element-fdc447f e-con-full e-flex e-con e-parent\" data-id=\"fdc447f\" data-element_type=\"container\">\n\t\t\t\t<div class=\"elementor-element elementor-element-4c8e5d0 elementor-widget elementor-widget-template\" data-id=\"4c8e5d0\" data-element_type=\"widget\" data-widget_type=\"template.default\">\n\t\t\t\t<div class=\"elementor-widget-container\">\n\t\t\t\t\t\t\t<div class=\"elementor-template\">\n\t\t\t\t\t<div data-elementor-type=\"container\" data-elementor-id=\"1163\" class=\"elementor elementor-1163\" data-elementor-post-type=\"elementor_library\">\n\t\t\t\t<div class=\"elementor-element elementor-element-25fb23f6 e-flex e-con-boxed e-con e-parent\" data-id=\"25fb23f6\" data-element_type=\"container\" data-settings=\"{&quot;background_background&quot;:&quot;classic&quot;}\">\n\t\t\t\t\t<div class=\"e-con-inner\">\n\t\t\t\t<div class=\"elementor-element elementor-element-447db66 elementor-widget elementor-widget-heading\" data-id=\"447db66\" data-element_type=\"widget\" data-widget_type=\"heading.default\">\n\t\t\t\t<div class=\"elementor-widget-container\">\n\t\t\t\t\t<h3 class=\"elementor-heading-title elementor-size-default\">G\u00fcvenilir End\u00fcstriyel Otomasyon, Sizi \u00c7al\u0131\u015ft\u0131rmaya Devam Ediyoruz!<\/h3>\t\t\t\t<\/div>\n\t\t\t\t<\/div>\n\t\t\t\t<div class=\"elementor-element elementor-element-58f026d elementor-align-center elementor-widget elementor-widget-button\" data-id=\"58f026d\" data-element_type=\"widget\" data-widget_type=\"button.default\">\n\t\t\t\t<div class=\"elementor-widget-container\">\n\t\t\t\t\t\t\t\t\t<div class=\"elementor-button-wrapper\">\n\t\t\t\t\t<a class=\"elementor-button elementor-button-link elementor-size-sm\" href=\"#elementor-action%3Aaction%3Dpopup%3Aopen%26settings%3DeyJpZCI6IjI1MzUiLCJ0b2dnbGUiOmZhbHNlfQ%3D%3D\">\n\t\t\t\t\t\t<span class=\"elementor-button-content-wrapper\">\n\t\t\t\t\t\t\t\t\t<span class=\"elementor-button-text\">B\u0130ZE ULA\u015eIN<\/span>\n\t\t\t\t\t<\/span>\n\t\t\t\t\t<\/a>\n\t\t\t\t<\/div>\n\t\t\t\t\t\t\t\t<\/div>\n\t\t\t\t<\/div>\n\t\t\t\t\t<\/div>\n\t\t\t\t<\/div>\n\t\t\t\t<\/div>\n\t\t\t\t<\/div>\n\t\t\t\t\t\t<\/div>\n\t\t\t\t<\/div>\n\t\t\t\t<\/div>\n\t\t\t\t<\/div>","protected":false},"excerpt":{"rendered":"<p>Bloglar Ana Sayfa T\u00fcm End\u00fcstriyel Kontrol G\u00fc\u00e7 Kayna\u011f\u0131 Do\u011fru R\u00f6leyi Se\u00e7mek: T\u00fcm T\u00fcrler ve Kullan\u0131mlar \u0130\u00e7in Bir K\u0131lavuz Elektrik r\u00f6leleri en temel, ancak ayn\u0131 zamanda devasa alandaki en \u00e7ok y\u00f6nl\u00fc bile\u015fenlerden biridir ... Kat\u0131 Hal R\u00f6lesi Nedir? T\u0131klaman\u0131n \u00d6tesinde 2025 i\u00e7in Nihai K\u0131lavuz: Nedir [...]<\/p>","protected":false},"author":4,"featured_media":0,"parent":0,"menu_order":0,"comment_status":"closed","ping_status":"closed","template":"elementor_header_footer","meta":{"_acf_changed":false,"_seopress_robots_primary_cat":"","_seopress_titles_title":"Omch Blog: Your Resource for Automation Expertise","_seopress_titles_desc":"Stay updated on the latest trends and gain valuable insights into automation from our blog.","_seopress_robots_index":"","footnotes":""},"class_list":["post-269","page","type-page","status-publish","hentry"],"acf":[],"_links":{"self":[{"href":"https:\/\/www.omch.com\/tr\/wp-json\/wp\/v2\/pages\/269","targetHints":{"allow":["GET"]}}],"collection":[{"href":"https:\/\/www.omch.com\/tr\/wp-json\/wp\/v2\/pages"}],"about":[{"href":"https:\/\/www.omch.com\/tr\/wp-json\/wp\/v2\/types\/page"}],"author":[{"embeddable":true,"href":"https:\/\/www.omch.com\/tr\/wp-json\/wp\/v2\/users\/4"}],"replies":[{"embeddable":true,"href":"https:\/\/www.omch.com\/tr\/wp-json\/wp\/v2\/comments?post=269"}],"version-history":[{"count":9,"href":"https:\/\/www.omch.com\/tr\/wp-json\/wp\/v2\/pages\/269\/revisions"}],"predecessor-version":[{"id":6501,"href":"https:\/\/www.omch.com\/tr\/wp-json\/wp\/v2\/pages\/269\/revisions\/6501"}],"wp:attachment":[{"href":"https:\/\/www.omch.com\/tr\/wp-json\/wp\/v2\/media?parent=269"}],"curies":[{"name":"wp","href":"https:\/\/api.w.org\/{rel}","templated":true}]}}