{"id":273,"date":"2024-12-10T07:49:48","date_gmt":"2024-12-10T07:49:48","guid":{"rendered":"https:\/\/omch.com\/?page_id=273"},"modified":"2025-06-16T05:45:22","modified_gmt":"2025-06-16T05:45:22","slug":"meet-our-team","status":"publish","type":"page","link":"https:\/\/www.omch.com\/pt\/meet-our-team\/","title":{"rendered":"Conhe\u00e7a nossa equipe"},"content":{"rendered":"<div data-elementor-type=\"wp-page\" data-elementor-id=\"273\" class=\"elementor elementor-273\" data-elementor-settings=\"{&quot;element_pack_global_tooltip_width&quot;:{&quot;unit&quot;:&quot;px&quot;,&quot;size&quot;:&quot;&quot;,&quot;sizes&quot;:[]},&quot;element_pack_global_tooltip_width_tablet&quot;:{&quot;unit&quot;:&quot;px&quot;,&quot;size&quot;:&quot;&quot;,&quot;sizes&quot;:[]},&quot;element_pack_global_tooltip_width_mobile&quot;:{&quot;unit&quot;:&quot;px&quot;,&quot;size&quot;:&quot;&quot;,&quot;sizes&quot;:[]},&quot;element_pack_global_tooltip_padding&quot;:{&quot;unit&quot;:&quot;px&quot;,&quot;top&quot;:&quot;&quot;,&quot;right&quot;:&quot;&quot;,&quot;bottom&quot;:&quot;&quot;,&quot;left&quot;:&quot;&quot;,&quot;isLinked&quot;:true},&quot;element_pack_global_tooltip_padding_tablet&quot;:{&quot;unit&quot;:&quot;px&quot;,&quot;top&quot;:&quot;&quot;,&quot;right&quot;:&quot;&quot;,&quot;bottom&quot;:&quot;&quot;,&quot;left&quot;:&quot;&quot;,&quot;isLinked&quot;:true},&quot;element_pack_global_tooltip_padding_mobile&quot;:{&quot;unit&quot;:&quot;px&quot;,&quot;top&quot;:&quot;&quot;,&quot;right&quot;:&quot;&quot;,&quot;bottom&quot;:&quot;&quot;,&quot;left&quot;:&quot;&quot;,&quot;isLinked&quot;:true},&quot;element_pack_global_tooltip_border_radius&quot;:{&quot;unit&quot;:&quot;px&quot;,&quot;top&quot;:&quot;&quot;,&quot;right&quot;:&quot;&quot;,&quot;bottom&quot;:&quot;&quot;,&quot;left&quot;:&quot;&quot;,&quot;isLinked&quot;:true},&quot;element_pack_global_tooltip_border_radius_tablet&quot;:{&quot;unit&quot;:&quot;px&quot;,&quot;top&quot;:&quot;&quot;,&quot;right&quot;:&quot;&quot;,&quot;bottom&quot;:&quot;&quot;,&quot;left&quot;:&quot;&quot;,&quot;isLinked&quot;:true},&quot;element_pack_global_tooltip_border_radius_mobile&quot;:{&quot;unit&quot;:&quot;px&quot;,&quot;top&quot;:&quot;&quot;,&quot;right&quot;:&quot;&quot;,&quot;bottom&quot;:&quot;&quot;,&quot;left&quot;:&quot;&quot;,&quot;isLinked&quot;:true}}\" data-elementor-post-type=\"page\">\n\t\t\t\t<div class=\"elementor-element elementor-element-6fcd67b e-flex e-con-boxed e-con e-parent\" data-id=\"6fcd67b\" data-element_type=\"container\" data-settings=\"{&quot;background_background&quot;:&quot;classic&quot;}\">\n\t\t\t\t\t<div class=\"e-con-inner\">\n\t\t\t\t<div class=\"elementor-element elementor-element-9d071b3 elementor-widget elementor-widget-heading\" data-id=\"9d071b3\" data-element_type=\"widget\" data-widget_type=\"heading.default\">\n\t\t\t\t<div class=\"elementor-widget-container\">\n\t\t\t\t\t<h1 class=\"elementor-heading-title elementor-size-default\">Conhe\u00e7a nossa equipe<\/h1>\t\t\t\t<\/div>\n\t\t\t\t<\/div>\n\t\t\t\t<div class=\"elementor-element elementor-element-4fdc772 elementor-widget elementor-widget-pp-breadcrumbs\" data-id=\"4fdc772\" data-element_type=\"widget\" data-settings=\"{&quot;breadcrumbs_type&quot;:&quot;powerpack&quot;}\" data-widget_type=\"pp-breadcrumbs.default\">\n\t\t\t\t<div class=\"elementor-widget-container\">\n\t\t\t\t\t<ul class=\"pp-breadcrumbs pp-breadcrumbs-powerpack\">\t\t<li class=\"pp-breadcrumbs-item pp-breadcrumbs-item-home\">\n\t\t\t<a class=\"pp-breadcrumbs-crumb pp-breadcrumbs-crumb-link pp-breadcrumbs-crumb-home\" href=\"https:\/\/www.omch.com\/pt\" title=\"In\u00edcio\">\n\t\t\t\t<span class=\"pp-breadcrumbs-text\">\n\t\t\t\t\t\t\t\t\t\tIn\u00edcio\t\t\t\t<\/span>\n\t\t\t<\/a>\n\t\t<\/li>\n\t\t<li class=\"pp-breadcrumbs-separator\">\t\t\t\t<span class='pp-separator-icon pp-icon'>\n\t\t\t\t\t<i aria-hidden=\"true\" class=\"fas fa-angle-right\"><\/i>\t\t\t\t<\/span>\n\t\t\t\t<\/li><\/ul>\t\t\t\t<\/div>\n\t\t\t\t<\/div>\n\t\t\t\t\t<\/div>\n\t\t\t\t<\/div>\n\t\t<div class=\"elementor-element elementor-element-8af0b8d e-flex e-con-boxed e-con e-parent\" data-id=\"8af0b8d\" data-element_type=\"container\">\n\t\t\t\t\t<div class=\"e-con-inner\">\n\t\t<div class=\"elementor-element elementor-element-ab44c32 e-con-full e-flex e-con e-child\" data-id=\"ab44c32\" data-element_type=\"container\" data-settings=\"{&quot;background_background&quot;:&quot;classic&quot;}\">\n\t\t<div class=\"elementor-element elementor-element-4b7bb5d e-con-full e-flex e-con e-child\" data-id=\"4b7bb5d\" data-element_type=\"container\">\n\t\t<div class=\"elementor-element elementor-element-ff1ef0f e-con-full e-flex e-con e-child\" data-id=\"ff1ef0f\" data-element_type=\"container\">\n\t\t\t\t<div class=\"elementor-element elementor-element-e273aaa elementor-widget elementor-widget-image\" data-id=\"e273aaa\" data-element_type=\"widget\" data-widget_type=\"image.default\">\n\t\t\t\t<div class=\"elementor-widget-container\">\n\t\t\t\t\t\t\t\t\t\t\t\t\t\t\t<img fetchpriority=\"high\" decoding=\"async\" width=\"800\" height=\"1200\" src=\"https:\/\/www.omch.com\/wp-content\/uploads\/2025\/06\/C02.webp\" class=\"elementor-animation-wobble-vertical attachment-full size-full wp-image-5445\" alt=\"fundador\" srcset=\"https:\/\/www.omch.com\/wp-content\/uploads\/2025\/06\/C02.webp 800w, https:\/\/www.omch.com\/wp-content\/uploads\/2025\/06\/C02-200x300.webp 200w, https:\/\/www.omch.com\/wp-content\/uploads\/2025\/06\/C02-683x1024.webp 683w, https:\/\/www.omch.com\/wp-content\/uploads\/2025\/06\/C02-768x1152.webp 768w, https:\/\/www.omch.com\/wp-content\/uploads\/2025\/06\/C02-400x600.webp 400w\" sizes=\"(max-width: 800px) 100vw, 800px\" \/>\t\t\t\t\t\t\t\t\t\t\t\t\t\t\t<\/div>\n\t\t\t\t<\/div>\n\t\t\t\t<\/div>\n\t\t<div class=\"elementor-element elementor-element-137d715 e-con-full e-flex e-con e-child\" data-id=\"137d715\" data-element_type=\"container\">\n\t\t\t\t<div class=\"elementor-element elementor-element-5cf589c elementor-widget elementor-widget-heading\" data-id=\"5cf589c\" data-element_type=\"widget\" data-widget_type=\"heading.default\">\n\t\t\t\t<div class=\"elementor-widget-container\">\n\t\t\t\t\t<h2 class=\"elementor-heading-title elementor-size-default\">Fundador<\/h2>\t\t\t\t<\/div>\n\t\t\t\t<\/div>\n\t\t\t\t<div class=\"elementor-element elementor-element-c6f4a3d elementor-widget elementor-widget-heading\" data-id=\"c6f4a3d\" data-element_type=\"widget\" data-widget_type=\"heading.default\">\n\t\t\t\t<div class=\"elementor-widget-container\">\n\t\t\t\t\t<h4 class=\"elementor-heading-title elementor-size-default\">\"Tornar a automa\u00e7\u00e3o acess\u00edvel e confi\u00e1vel para todos. Essa \u00e9 a vis\u00e3o que orienta tudo o que fazemos.\"<\/h4>\t\t\t\t<\/div>\n\t\t\t\t<\/div>\n\t\t\t\t<div class=\"elementor-element elementor-element-caff60c elementor-widget elementor-widget-text-editor\" data-id=\"caff60c\" data-element_type=\"widget\" data-widget_type=\"text-editor.default\">\n\t\t\t\t<div class=\"elementor-widget-container\">\n\t\t\t\t\t\t\t\t\t<div data-page-id=\"DTyudAKETooTfaxmdk7cficwn7e\" data-lark-html-role=\"root\" data-docx-has-block-data=\"false\"><div class=\"ace-line ace-line old-record-id-JAzbdriOhorrVyxCLgucqcaYnhb\">O fundador da Omch, Sr. Chen, \u00e9 um empres\u00e1rio vision\u00e1rio com mais de 37 anos de experi\u00eancia no setor de automa\u00e7\u00e3o industrial. Com um in\u00edcio humilde em 1986, ele e seus irm\u00e3os transformaram a Omch de uma pequena oficina em uma marca l\u00edder global. Impulsionado por seu compromisso inabal\u00e1vel de tornar a automa\u00e7\u00e3o acess\u00edvel e confi\u00e1vel, o Sr. Chen tem investido continuamente em inova\u00e7\u00e3o, fabrica\u00e7\u00e3o avan\u00e7ada e solu\u00e7\u00f5es centradas no cliente. Sob sua lideran\u00e7a, a Omch cresceu e se tornou um fornecedor confi\u00e1vel de produtos de automa\u00e7\u00e3o de alta qualidade. A cren\u00e7a do Sr. Chen em qualidade, efici\u00eancia e acessibilidade continua a moldar a jornada da empresa, inspirando a pr\u00f3xima gera\u00e7\u00e3o de solu\u00e7\u00f5es de automa\u00e7\u00e3o industrial.<\/div><\/div>\t\t\t\t\t\t\t\t<\/div>\n\t\t\t\t<\/div>\n\t\t\t\t<\/div>\n\t\t\t\t<\/div>\n\t\t\t\t<\/div>\n\t\t\t\t\t<\/div>\n\t\t\t\t<\/div>\n\t\t<div class=\"elementor-element elementor-element-393838c e-flex e-con-boxed e-con e-parent\" data-id=\"393838c\" data-element_type=\"container\">\n\t\t\t\t\t<div class=\"e-con-inner\">\n\t\t<div class=\"elementor-element elementor-element-b51119d e-con-full e-flex e-con e-child\" data-id=\"b51119d\" data-element_type=\"container\">\n\t\t\t\t<div class=\"elementor-element elementor-element-34f0453 elementor-widget elementor-widget-heading\" data-id=\"34f0453\" data-element_type=\"widget\" data-widget_type=\"heading.default\">\n\t\t\t\t<div class=\"elementor-widget-container\">\n\t\t\t\t\t<h2 class=\"elementor-heading-title elementor-size-default\">Nossa equipe<\/h2>\t\t\t\t<\/div>\n\t\t\t\t<\/div>\n\t\t\t\t<div class=\"elementor-element elementor-element-7cf5b4a elementor-widget elementor-widget-text-editor\" data-id=\"7cf5b4a\" data-element_type=\"widget\" data-widget_type=\"text-editor.default\">\n\t\t\t\t<div class=\"elementor-widget-container\">\n\t\t\t\t\t\t\t\t\t<p>Na Omch, nossa equipe \u00e9 movida pela paix\u00e3o de criar solu\u00e7\u00f5es de automa\u00e7\u00e3o confi\u00e1veis e acess\u00edveis. Com d\u00e9cadas de experi\u00eancia, inova\u00e7\u00e3o e dedica\u00e7\u00e3o, garantimos que cada produto atenda aos mais altos padr\u00f5es e capacite nossos clientes para o sucesso.<\/p>\t\t\t\t\t\t\t\t<\/div>\n\t\t\t\t<\/div>\n\t\t\t\t<\/div>\n\t\t<div class=\"elementor-element elementor-element-8aa68f7 e-con-full e-flex e-con e-child\" data-id=\"8aa68f7\" data-element_type=\"container\">\n\t\t\t\t<div class=\"elementor-element elementor-element-f9410a3 elementor-widget elementor-widget-image\" data-id=\"f9410a3\" data-element_type=\"widget\" data-widget_type=\"image.default\">\n\t\t\t\t<div class=\"elementor-widget-container\">\n\t\t\t\t\t\t\t\t\t\t\t\t\t\t\t<img decoding=\"async\" width=\"800\" height=\"534\" src=\"https:\/\/www.omch.com\/wp-content\/uploads\/2025\/06\/C09-1024x683.webp\" class=\"attachment-large size-large wp-image-5459\" alt=\"Reuni\u00e3o para discutir\" srcset=\"https:\/\/www.omch.com\/wp-content\/uploads\/2025\/06\/C09-1024x683.webp 1024w, https:\/\/www.omch.com\/wp-content\/uploads\/2025\/06\/C09-300x200.webp 300w, https:\/\/www.omch.com\/wp-content\/uploads\/2025\/06\/C09-768x512.webp 768w, https:\/\/www.omch.com\/wp-content\/uploads\/2025\/06\/C09-600x400.webp 600w, https:\/\/www.omch.com\/wp-content\/uploads\/2025\/06\/C09.webp 1200w\" sizes=\"(max-width: 800px) 100vw, 800px\" \/>\t\t\t\t\t\t\t\t\t\t\t\t\t\t\t<\/div>\n\t\t\t\t<\/div>\n\t\t\t\t<\/div>\n\t\t\t\t\t<\/div>\n\t\t\t\t<\/div>\n\t\t<div class=\"elementor-element elementor-element-349efd0 e-flex e-con-boxed e-con e-parent\" data-id=\"349efd0\" data-element_type=\"container\" data-settings=\"{&quot;background_background&quot;:&quot;classic&quot;}\">\n\t\t\t\t\t<div class=\"e-con-inner\">\n\t\t\t\t<div class=\"elementor-element elementor-element-6730f67 elementor-widget elementor-widget-heading\" data-id=\"6730f67\" data-element_type=\"widget\" data-widget_type=\"heading.default\">\n\t\t\t\t<div class=\"elementor-widget-container\">\n\t\t\t\t\t<h2 class=\"elementor-heading-title elementor-size-default\">Automa\u00e7\u00e3o industrial confi\u00e1vel, n\u00f3s o mantemos funcionando!<\/h2>\t\t\t\t<\/div>\n\t\t\t\t<\/div>\n\t\t\t\t<div class=\"elementor-element elementor-element-fa08eb5 elementor-align-center elementor-widget elementor-widget-button\" data-id=\"fa08eb5\" data-element_type=\"widget\" data-widget_type=\"button.default\">\n\t\t\t\t<div class=\"elementor-widget-container\">\n\t\t\t\t\t\t\t\t\t<div class=\"elementor-button-wrapper\">\n\t\t\t\t\t<a class=\"elementor-button elementor-button-link elementor-size-sm\" href=\"#elementor-action%3Aaction%3Dpopup%3Aopen%26settings%3DeyJpZCI6IjI1MzUiLCJ0b2dnbGUiOmZhbHNlfQ%3D%3D\">\n\t\t\t\t\t\t<span class=\"elementor-button-content-wrapper\">\n\t\t\t\t\t\t\t\t\t<span class=\"elementor-button-text\">ENTRE EM CONTATO CONOSCO<\/span>\n\t\t\t\t\t<\/span>\n\t\t\t\t\t<\/a>\n\t\t\t\t<\/div>\n\t\t\t\t\t\t\t\t<\/div>\n\t\t\t\t<\/div>\n\t\t\t\t\t<\/div>\n\t\t\t\t<\/div>\n\t\t\t\t<\/div>","protected":false},"excerpt":{"rendered":"<p>Conhe\u00e7a nossa equipe Home Fundador \u201cTornar a automa\u00e7\u00e3o acess\u00edvel e confi\u00e1vel para todos. Essa \u00e9 a vis\u00e3o que orienta tudo o que fazemos.\u201d O fundador da Omch, Sr. Chen, \u00e9 um empres\u00e1rio vision\u00e1rio com mais de 37 anos de experi\u00eancia no setor de automa\u00e7\u00e3o industrial. Com um in\u00edcio humilde em 1986, ele e seus irm\u00e3os constru\u00edram a Omch a partir de [...]<\/p>","protected":false},"author":4,"featured_media":0,"parent":0,"menu_order":0,"comment_status":"closed","ping_status":"closed","template":"elementor_header_footer","meta":{"_acf_changed":false,"_seopress_robots_primary_cat":"","_seopress_titles_title":"Experts in Industrial Automation at Omch","_seopress_titles_desc":"Meet the passionate and experienced team behind Omch, committed to providing accessible automation solutions that empower our customers' success.","_seopress_robots_index":"","footnotes":""},"class_list":["post-273","page","type-page","status-publish","hentry"],"acf":[],"_links":{"self":[{"href":"https:\/\/www.omch.com\/pt\/wp-json\/wp\/v2\/pages\/273","targetHints":{"allow":["GET"]}}],"collection":[{"href":"https:\/\/www.omch.com\/pt\/wp-json\/wp\/v2\/pages"}],"about":[{"href":"https:\/\/www.omch.com\/pt\/wp-json\/wp\/v2\/types\/page"}],"author":[{"embeddable":true,"href":"https:\/\/www.omch.com\/pt\/wp-json\/wp\/v2\/users\/4"}],"replies":[{"embeddable":true,"href":"https:\/\/www.omch.com\/pt\/wp-json\/wp\/v2\/comments?post=273"}],"version-history":[{"count":3,"href":"https:\/\/www.omch.com\/pt\/wp-json\/wp\/v2\/pages\/273\/revisions"}],"predecessor-version":[{"id":5532,"href":"https:\/\/www.omch.com\/pt\/wp-json\/wp\/v2\/pages\/273\/revisions\/5532"}],"wp:attachment":[{"href":"https:\/\/www.omch.com\/pt\/wp-json\/wp\/v2\/media?parent=273"}],"curies":[{"name":"wp","href":"https:\/\/api.w.org\/{rel}","templated":true}]}}