{"id":269,"date":"2024-12-10T07:49:48","date_gmt":"2024-12-10T07:49:48","guid":{"rendered":"https:\/\/omch.com\/?page_id=269"},"modified":"2025-07-22T05:55:49","modified_gmt":"2025-07-22T05:55:49","slug":"blogs","status":"publish","type":"page","link":"https:\/\/www.omch.com\/pt\/blogs\/","title":{"rendered":"Blogs"},"content":{"rendered":"<div data-elementor-type=\"wp-page\" data-elementor-id=\"269\" class=\"elementor elementor-269\" data-elementor-settings=\"{&quot;element_pack_global_tooltip_width&quot;:{&quot;unit&quot;:&quot;px&quot;,&quot;size&quot;:&quot;&quot;,&quot;sizes&quot;:[]},&quot;element_pack_global_tooltip_width_tablet&quot;:{&quot;unit&quot;:&quot;px&quot;,&quot;size&quot;:&quot;&quot;,&quot;sizes&quot;:[]},&quot;element_pack_global_tooltip_width_mobile&quot;:{&quot;unit&quot;:&quot;px&quot;,&quot;size&quot;:&quot;&quot;,&quot;sizes&quot;:[]},&quot;element_pack_global_tooltip_padding&quot;:{&quot;unit&quot;:&quot;px&quot;,&quot;top&quot;:&quot;&quot;,&quot;right&quot;:&quot;&quot;,&quot;bottom&quot;:&quot;&quot;,&quot;left&quot;:&quot;&quot;,&quot;isLinked&quot;:true},&quot;element_pack_global_tooltip_padding_tablet&quot;:{&quot;unit&quot;:&quot;px&quot;,&quot;top&quot;:&quot;&quot;,&quot;right&quot;:&quot;&quot;,&quot;bottom&quot;:&quot;&quot;,&quot;left&quot;:&quot;&quot;,&quot;isLinked&quot;:true},&quot;element_pack_global_tooltip_padding_mobile&quot;:{&quot;unit&quot;:&quot;px&quot;,&quot;top&quot;:&quot;&quot;,&quot;right&quot;:&quot;&quot;,&quot;bottom&quot;:&quot;&quot;,&quot;left&quot;:&quot;&quot;,&quot;isLinked&quot;:true},&quot;element_pack_global_tooltip_border_radius&quot;:{&quot;unit&quot;:&quot;px&quot;,&quot;top&quot;:&quot;&quot;,&quot;right&quot;:&quot;&quot;,&quot;bottom&quot;:&quot;&quot;,&quot;left&quot;:&quot;&quot;,&quot;isLinked&quot;:true},&quot;element_pack_global_tooltip_border_radius_tablet&quot;:{&quot;unit&quot;:&quot;px&quot;,&quot;top&quot;:&quot;&quot;,&quot;right&quot;:&quot;&quot;,&quot;bottom&quot;:&quot;&quot;,&quot;left&quot;:&quot;&quot;,&quot;isLinked&quot;:true},&quot;element_pack_global_tooltip_border_radius_mobile&quot;:{&quot;unit&quot;:&quot;px&quot;,&quot;top&quot;:&quot;&quot;,&quot;right&quot;:&quot;&quot;,&quot;bottom&quot;:&quot;&quot;,&quot;left&quot;:&quot;&quot;,&quot;isLinked&quot;:true}}\" data-elementor-post-type=\"page\">\n\t\t\t\t<div class=\"elementor-element elementor-element-0f3211a e-flex e-con-boxed e-con e-parent\" data-id=\"0f3211a\" data-element_type=\"container\" data-settings=\"{&quot;background_background&quot;:&quot;classic&quot;}\">\n\t\t\t\t\t<div class=\"e-con-inner\">\n\t\t\t\t<div class=\"elementor-element elementor-element-8d5514a elementor-widget elementor-widget-heading\" data-id=\"8d5514a\" data-element_type=\"widget\" data-widget_type=\"heading.default\">\n\t\t\t\t<div class=\"elementor-widget-container\">\n\t\t\t\t\t<h1 class=\"elementor-heading-title elementor-size-default\">Blogs<\/h1>\t\t\t\t<\/div>\n\t\t\t\t<\/div>\n\t\t\t\t<div class=\"elementor-element elementor-element-5f0a03f elementor-widget elementor-widget-pp-breadcrumbs\" data-id=\"5f0a03f\" data-element_type=\"widget\" data-settings=\"{&quot;breadcrumbs_type&quot;:&quot;powerpack&quot;}\" data-widget_type=\"pp-breadcrumbs.default\">\n\t\t\t\t<div class=\"elementor-widget-container\">\n\t\t\t\t\t<ul class=\"pp-breadcrumbs pp-breadcrumbs-powerpack\">\t\t<li class=\"pp-breadcrumbs-item pp-breadcrumbs-item-home\">\n\t\t\t<a class=\"pp-breadcrumbs-crumb pp-breadcrumbs-crumb-link pp-breadcrumbs-crumb-home\" href=\"https:\/\/www.omch.com\/pt\" title=\"In\u00edcio\">\n\t\t\t\t<span class=\"pp-breadcrumbs-text\">\n\t\t\t\t\t\t\t\t\t\tIn\u00edcio\t\t\t\t<\/span>\n\t\t\t<\/a>\n\t\t<\/li>\n\t\t<li class=\"pp-breadcrumbs-separator\">\t\t\t\t<span class='pp-separator-icon pp-icon'>\n\t\t\t\t\t<i aria-hidden=\"true\" class=\"fas fa-angle-right\"><\/i>\t\t\t\t<\/span>\n\t\t\t\t<\/li><\/ul>\t\t\t\t<\/div>\n\t\t\t\t<\/div>\n\t\t\t\t\t<\/div>\n\t\t\t\t<\/div>\n\t\t<div class=\"elementor-element elementor-element-0f38121 e-flex e-con-boxed e-con e-parent\" data-id=\"0f38121\" data-element_type=\"container\">\n\t\t\t\t\t<div class=\"e-con-inner\">\n\t\t\t\t<div class=\"elementor-element elementor-element-6c5bf77 pp-equal-height-yes elementor-grid-3 elementor-grid-tablet-2 elementor-grid-mobile-1 pp-post-filters-align-left elementor-widget elementor-widget-pp-posts\" data-id=\"6c5bf77\" data-element_type=\"widget\" data-widget_type=\"pp-posts.card\">\n\t\t\t\t<div class=\"elementor-widget-container\">\n\t\t\t\t\t\t\t<div class=\"pp-post-filters-container\">\n\t\t\t\t\t\t<div class=\"pp-post-filters-wrap pp-post-filters-dropdown-no\">\n\t\t\t\t<ul class=\"pp-post-filters\">\n\t\t\t\t\t\t\t\t\t\t\t<li class=\"pp-post-filter pp-filter-current\" data-filter=\"*\" data-taxonomy=\"\">Todos<\/li>\n\t\t\t\t\t\t\t\t\t\t\t\t\t\t\t\t\t\t\t\t\t\t\t\t\t\t\t\t\t\t<li class=\"pp-post-filter\" data-filter=\".industrial-control\" data-taxonomy=\".category\">Controle industrial<\/li>\n\t\t\t\t\t\t\t\t\t\t\t\t\t\t\t\t\t\t\t\t\t\t\t\t\t\t<li class=\"pp-post-filter\" data-filter=\".power-supply\" data-taxonomy=\".category\">Fonte de alimenta\u00e7\u00e3o<\/li>\n\t\t\t\t\t\t\t\t\t\t\t\t\t\t\t\t\t\t\t\t\t\t\t\t\t\t<li class=\"pp-post-filter\" data-filter=\".uncategorized\" data-taxonomy=\".category\">Sem categoria<\/li>\n\t\t\t\t\t\t\t\t\t\t\t<\/ul>\n\n\t\t\t\t\t\t\t<\/div>\n\t\t\t\t\t\t\t\t<\/div>\n\t\t\t\t<div class=\"pp-posts-container\">\n\t\t\t\n\t\t\t\t\t\t\t\t\t\t\n\t\t\t<div class=\"pp-posts pp-posts-skin-card elementor-grid pp-posts-grid\" data-query-type=\"custom\" data-layout=\"grid\" data-page=\"269\" data-skin=\"card\">\n\t\t\t\t\t\t\t\t\t\t\t<div class=\"pp-post-wrap pp-grid-item-wrap elementor-grid-item post-10245 post type-post status-publish format-standard has-post-thumbnail hentry category-industrial-control\">\n\t\t\t\t\t\t<div class=\"pp-post pp-grid-item\">\n\t\t\t\t\t\t<div class=\"pp-post-thumbnail\">\n\t\t\t<a class=\"pp-post-thumbnail-wrap\" href=\"https:\/\/www.omch.com\/pt\/temperature-sensors-manufacturers-guide\/\" title=\"Principais fabricantes de sensores de temperatura: O guia definitivo de sele\u00e7\u00e3o e fornecimento global\">\n\t\t\t\t<img fetchpriority=\"high\" decoding=\"async\" width=\"800\" height=\"600\" src=\"https:\/\/www.omch.com\/wp-content\/uploads\/2026\/03\/temperature-sensors-1.jpg\" class=\"attachment-large size-large wp-image-10248\" alt=\"sensores de temperatura\" srcset=\"https:\/\/www.omch.com\/wp-content\/uploads\/2026\/03\/temperature-sensors-1.jpg 1024w, https:\/\/www.omch.com\/wp-content\/uploads\/2026\/03\/temperature-sensors-1-300x225.jpg 300w, https:\/\/www.omch.com\/wp-content\/uploads\/2026\/03\/temperature-sensors-1-768x576.jpg 768w, https:\/\/www.omch.com\/wp-content\/uploads\/2026\/03\/temperature-sensors-1-16x12.jpg 16w\" sizes=\"(max-width: 800px) 100vw, 800px\" \/>\t\t\t<\/a>\n\t\t<\/div>\n\t\t\n\t\t\t\t<div class=\"pp-post-content-wrap\">\n\t\t\t\t\t<div class=\"pp-post-content\">\n\t\t\t\t\t\t\t\t\t\t\t\t<h4 class=\"pp-post-title\">\n\t\t\t\t<a href=\"https:\/\/www.omch.com\/pt\/temperature-sensors-manufacturers-guide\/\">Principais fabricantes de sensores de temperatura: O guia definitivo de sele\u00e7\u00e3o e fornecimento global<\/a>\t\t\t<\/h4>\n\t\t\t\t\t\t\t<div class=\"pp-post-excerpt\">\n\t\t\t<p>Os sensores de temperatura s\u00e3o componentes fundamentais essenciais nas \u00e1reas de automa\u00e7\u00e3o industrial moderna, fabrica\u00e7\u00e3o automotiva e Internet das Coisas ...<\/p>\n\t\t<\/div>\n\t\t\t\t\t\t\t\t\t<\/div>\n\t\t\t\t\t\t\t\t\t<\/div>\n\n\t\t\t\t\t\t\t<\/div>\n\t\t\t\t\t<\/div>\n\t\t\t\t<div class=\"pp-post-wrap pp-grid-item-wrap elementor-grid-item post-10238 post type-post status-publish format-standard has-post-thumbnail hentry category-uncategorized\">\n\t\t\t\t\t\t<div class=\"pp-post pp-grid-item\">\n\t\t\t\t\t\t<div class=\"pp-post-thumbnail\">\n\t\t\t<a class=\"pp-post-thumbnail-wrap\" href=\"https:\/\/www.omch.com\/pt\/factory-automation-components-guide\/\" title=\"Componentes de automa\u00e7\u00e3o de f\u00e1brica: O guia definitivo para sele\u00e7\u00e3o e integra\u00e7\u00e3o\">\n\t\t\t\t<img decoding=\"async\" width=\"800\" height=\"600\" src=\"https:\/\/www.omch.com\/wp-content\/uploads\/2026\/03\/factory-automation-components-2.webp\" class=\"attachment-large size-large wp-image-10241\" alt=\"componentes de automa\u00e7\u00e3o de f\u00e1brica\" srcset=\"https:\/\/www.omch.com\/wp-content\/uploads\/2026\/03\/factory-automation-components-2.webp 1024w, https:\/\/www.omch.com\/wp-content\/uploads\/2026\/03\/factory-automation-components-2-300x225.webp 300w, https:\/\/www.omch.com\/wp-content\/uploads\/2026\/03\/factory-automation-components-2-768x576.webp 768w, https:\/\/www.omch.com\/wp-content\/uploads\/2026\/03\/factory-automation-components-2-16x12.webp 16w\" sizes=\"(max-width: 800px) 100vw, 800px\" \/>\t\t\t<\/a>\n\t\t<\/div>\n\t\t\n\t\t\t\t<div class=\"pp-post-content-wrap\">\n\t\t\t\t\t<div class=\"pp-post-content\">\n\t\t\t\t\t\t\t\t\t\t\t\t<h4 class=\"pp-post-title\">\n\t\t\t\t<a href=\"https:\/\/www.omch.com\/pt\/factory-automation-components-guide\/\">Componentes de automa\u00e7\u00e3o de f\u00e1brica: O guia definitivo para sele\u00e7\u00e3o e integra\u00e7\u00e3o<\/a>\t\t\t<\/h4>\n\t\t\t\t\t\t\t<div class=\"pp-post-excerpt\">\n\t\t\t<p>No mundo moderno da manufatura moderna e do setor de manufatura mais amplo, h\u00e1 muito tempo que se ultrapassou a era da ...<\/p>\n\t\t<\/div>\n\t\t\t\t\t\t\t\t\t<\/div>\n\t\t\t\t\t\t\t\t\t<\/div>\n\n\t\t\t\t\t\t\t<\/div>\n\t\t\t\t\t<\/div>\n\t\t\t\t<div class=\"pp-post-wrap pp-grid-item-wrap elementor-grid-item post-10213 post type-post status-publish format-standard has-post-thumbnail hentry category-power-supply\">\n\t\t\t\t\t\t<div class=\"pp-post pp-grid-item\">\n\t\t\t\t\t\t<div class=\"pp-post-thumbnail\">\n\t\t\t<a class=\"pp-post-thumbnail-wrap\" href=\"https:\/\/www.omch.com\/pt\/top-custom-power-supply-manufacturers\/\" title=\"Principais fabricantes de fontes de alimenta\u00e7\u00e3o personalizadas: Um guia para a excel\u00eancia em engenharia\">\n\t\t\t\t<img decoding=\"async\" width=\"800\" height=\"600\" src=\"https:\/\/www.omch.com\/wp-content\/uploads\/2026\/03\/iot-solutions-for-warehouse-management-2.webp\" class=\"attachment-large size-large wp-image-10224\" alt=\"coopera\u00e7\u00e3o\" srcset=\"https:\/\/www.omch.com\/wp-content\/uploads\/2026\/03\/iot-solutions-for-warehouse-management-2.webp 1024w, https:\/\/www.omch.com\/wp-content\/uploads\/2026\/03\/iot-solutions-for-warehouse-management-2-300x225.webp 300w, https:\/\/www.omch.com\/wp-content\/uploads\/2026\/03\/iot-solutions-for-warehouse-management-2-768x576.webp 768w, https:\/\/www.omch.com\/wp-content\/uploads\/2026\/03\/iot-solutions-for-warehouse-management-2-16x12.webp 16w\" sizes=\"(max-width: 800px) 100vw, 800px\" \/>\t\t\t<\/a>\n\t\t<\/div>\n\t\t\n\t\t\t\t<div class=\"pp-post-content-wrap\">\n\t\t\t\t\t<div class=\"pp-post-content\">\n\t\t\t\t\t\t\t\t\t\t\t\t<h4 class=\"pp-post-title\">\n\t\t\t\t<a href=\"https:\/\/www.omch.com\/pt\/top-custom-power-supply-manufacturers\/\">Principais fabricantes de fontes de alimenta\u00e7\u00e3o personalizadas: Um guia para a excel\u00eancia em engenharia<\/a>\t\t\t<\/h4>\n\t\t\t\t\t\t\t<div class=\"pp-post-excerpt\">\n\t\t\t<p>O sistema de energia \u00e9 comumente referido metaforicamente como o cora\u00e7\u00e3o no desenvolvimento de equipamentos eletr\u00f4nicos modernos. Mesmo que ...<\/p>\n\t\t<\/div>\n\t\t\t\t\t\t\t\t\t<\/div>\n\t\t\t\t\t\t\t\t\t<\/div>\n\n\t\t\t\t\t\t\t<\/div>\n\t\t\t\t\t<\/div>\n\t\t\t\t<div class=\"pp-post-wrap pp-grid-item-wrap elementor-grid-item post-10205 post type-post status-publish format-standard has-post-thumbnail hentry category-industrial-control\">\n\t\t\t\t\t\t<div class=\"pp-post pp-grid-item\">\n\t\t\t\t\t\t<div class=\"pp-post-thumbnail\">\n\t\t\t<a class=\"pp-post-thumbnail-wrap\" href=\"https:\/\/www.omch.com\/pt\/iot-solutions-for-warehouse-management\/\" title=\"Solu\u00e7\u00f5es estrat\u00e9gicas de IoT para gerenciamento de armaz\u00e9ns: Um plano de efici\u00eancia\">\n\t\t\t\t<img loading=\"lazy\" decoding=\"async\" width=\"800\" height=\"600\" src=\"https:\/\/www.omch.com\/wp-content\/uploads\/2026\/03\/iot-solutions-for-warehouse-management-3.webp\" class=\"attachment-large size-large wp-image-10225\" alt=\"solu\u00e7\u00f5es de iot para gerenciamento de armaz\u00e9ns\" srcset=\"https:\/\/www.omch.com\/wp-content\/uploads\/2026\/03\/iot-solutions-for-warehouse-management-3.webp 1024w, https:\/\/www.omch.com\/wp-content\/uploads\/2026\/03\/iot-solutions-for-warehouse-management-3-300x225.webp 300w, https:\/\/www.omch.com\/wp-content\/uploads\/2026\/03\/iot-solutions-for-warehouse-management-3-768x576.webp 768w, https:\/\/www.omch.com\/wp-content\/uploads\/2026\/03\/iot-solutions-for-warehouse-management-3-16x12.webp 16w\" sizes=\"(max-width: 800px) 100vw, 800px\" \/>\t\t\t<\/a>\n\t\t<\/div>\n\t\t\n\t\t\t\t<div class=\"pp-post-content-wrap\">\n\t\t\t\t\t<div class=\"pp-post-content\">\n\t\t\t\t\t\t\t\t\t\t\t\t<h4 class=\"pp-post-title\">\n\t\t\t\t<a href=\"https:\/\/www.omch.com\/pt\/iot-solutions-for-warehouse-management\/\">Solu\u00e7\u00f5es estrat\u00e9gicas de IoT para gerenciamento de armaz\u00e9ns: Um plano de efici\u00eancia<\/a>\t\t\t<\/h4>\n\t\t\t\t\t\t\t<div class=\"pp-post-excerpt\">\n\t\t\t<p>Solucionando os problemas log\u00edsticos modernos com estruturas de IoT integradas Precisamos enfrentar os problemas profundamente arraigados no gerenciamento de armaz\u00e9ns modernos antes de ...<\/p>\n\t\t<\/div>\n\t\t\t\t\t\t\t\t\t<\/div>\n\t\t\t\t\t\t\t\t\t<\/div>\n\n\t\t\t\t\t\t\t<\/div>\n\t\t\t\t\t<\/div>\n\t\t\t\t<div class=\"pp-post-wrap pp-grid-item-wrap elementor-grid-item post-10193 post type-post status-publish format-standard has-post-thumbnail hentry category-power-supply\">\n\t\t\t\t\t\t<div class=\"pp-post pp-grid-item\">\n\t\t\t\t\t\t<div class=\"pp-post-thumbnail\">\n\t\t\t<a class=\"pp-post-thumbnail-wrap\" href=\"https:\/\/www.omch.com\/pt\/industrial-ups-manufacturers\/\" title=\"Os 5 principais fabricantes de UPS industriais: Um guia abrangente do comprador para 2026\">\n\t\t\t\t<img loading=\"lazy\" decoding=\"async\" width=\"800\" height=\"600\" src=\"https:\/\/www.omch.com\/wp-content\/uploads\/2026\/03\/industrial-ups-1.webp\" class=\"attachment-large size-large wp-image-10198\" alt=\"ups industriais\" srcset=\"https:\/\/www.omch.com\/wp-content\/uploads\/2026\/03\/industrial-ups-1.webp 1024w, https:\/\/www.omch.com\/wp-content\/uploads\/2026\/03\/industrial-ups-1-300x225.webp 300w, https:\/\/www.omch.com\/wp-content\/uploads\/2026\/03\/industrial-ups-1-768x576.webp 768w, https:\/\/www.omch.com\/wp-content\/uploads\/2026\/03\/industrial-ups-1-16x12.webp 16w\" sizes=\"(max-width: 800px) 100vw, 800px\" \/>\t\t\t<\/a>\n\t\t<\/div>\n\t\t\n\t\t\t\t<div class=\"pp-post-content-wrap\">\n\t\t\t\t\t<div class=\"pp-post-content\">\n\t\t\t\t\t\t\t\t\t\t\t\t<h4 class=\"pp-post-title\">\n\t\t\t\t<a href=\"https:\/\/www.omch.com\/pt\/industrial-ups-manufacturers\/\">Os 5 principais fabricantes de UPS industriais: Um guia abrangente do comprador para 2026<\/a>\t\t\t<\/h4>\n\t\t\t\t\t\t\t<div class=\"pp-post-excerpt\">\n\t\t\t<p>Com a automa\u00e7\u00e3o industrial moderna e a transforma\u00e7\u00e3o digital, a estabilidade do fornecimento de energia se tornou a t\u00e1bua de salva\u00e7\u00e3o das empresas. Em ...<\/p>\n\t\t<\/div>\n\t\t\t\t\t\t\t\t\t<\/div>\n\t\t\t\t\t\t\t\t\t<\/div>\n\n\t\t\t\t\t\t\t<\/div>\n\t\t\t\t\t<\/div>\n\t\t\t\t<div class=\"pp-post-wrap pp-grid-item-wrap elementor-grid-item post-10182 post type-post status-publish format-standard has-post-thumbnail hentry category-industrial-control\">\n\t\t\t\t\t\t<div class=\"pp-post pp-grid-item\">\n\t\t\t\t\t\t<div class=\"pp-post-thumbnail\">\n\t\t\t<a class=\"pp-post-thumbnail-wrap\" href=\"https:\/\/www.omch.com\/pt\/industrial-automating-components\/\" title=\"Componentes de automa\u00e7\u00e3o industrial: O que s\u00e3o e como escolher?\">\n\t\t\t\t<img loading=\"lazy\" decoding=\"async\" width=\"800\" height=\"600\" src=\"https:\/\/www.omch.com\/wp-content\/uploads\/2026\/03\/industrial-automation-components-2.webp\" class=\"attachment-large size-large wp-image-10185\" alt=\"componentes de automa\u00e7\u00e3o industrial\" srcset=\"https:\/\/www.omch.com\/wp-content\/uploads\/2026\/03\/industrial-automation-components-2.webp 1024w, https:\/\/www.omch.com\/wp-content\/uploads\/2026\/03\/industrial-automation-components-2-300x225.webp 300w, https:\/\/www.omch.com\/wp-content\/uploads\/2026\/03\/industrial-automation-components-2-768x576.webp 768w, https:\/\/www.omch.com\/wp-content\/uploads\/2026\/03\/industrial-automation-components-2-16x12.webp 16w\" sizes=\"(max-width: 800px) 100vw, 800px\" \/>\t\t\t<\/a>\n\t\t<\/div>\n\t\t\n\t\t\t\t<div class=\"pp-post-content-wrap\">\n\t\t\t\t\t<div class=\"pp-post-content\">\n\t\t\t\t\t\t\t\t\t\t\t\t<h4 class=\"pp-post-title\">\n\t\t\t\t<a href=\"https:\/\/www.omch.com\/pt\/industrial-automating-components\/\">Componentes de automa\u00e7\u00e3o industrial: O que s\u00e3o e como escolher?<\/a>\t\t\t<\/h4>\n\t\t\t\t\t\t\t<div class=\"pp-post-excerpt\">\n\t\t\t<p>At\u00e9 2026, o mundo da manufatura j\u00e1 estar\u00e1 na era da digitaliza\u00e7\u00e3o e da automa\u00e7\u00e3o inteligente, impulsionando mudan\u00e7as significativas em todo o ...<\/p>\n\t\t<\/div>\n\t\t\t\t\t\t\t\t\t<\/div>\n\t\t\t\t\t\t\t\t\t<\/div>\n\n\t\t\t\t\t\t\t<\/div>\n\t\t\t\t\t<\/div>\n\t\t\t\t\t\t\t\t\t<\/div>\n\t\t\t\n\t\t\t\n\t\t\t\n\t\t\t\n\t\t\t\t\t\t\t\t\t\t\t<div class=\"pp-posts-pagination-wrap pp-posts-pagination-bottom\">\n\t\t\t\t\t\t\t\t<nav class=\"pp-posts-pagination pp-posts-pagination-ajax elementor-pagination\" role=\"navigation\" aria-label=\"Pagina\u00e7\u00e3o\" data-total=\"16\">\n\t\t\t\t<span aria-current=\"page\" class=\"page-numbers current\">1<\/span>\n<a class=\"page-numbers\" href=\"https:\/\/www.omch.com\/wp-json\/wp\/v2\/pages\/269\/page\/2\/\">2<\/a>\n<a class=\"page-numbers\" href=\"https:\/\/www.omch.com\/wp-json\/wp\/v2\/pages\/269\/page\/3\/\">3<\/a>\n<a class=\"page-numbers\" href=\"https:\/\/www.omch.com\/wp-json\/wp\/v2\/pages\/269\/page\/4\/\">4<\/a>\n<a class=\"page-numbers\" href=\"https:\/\/www.omch.com\/wp-json\/wp\/v2\/pages\/269\/page\/5\/\">5<\/a>\n<a class=\"next page-numbers\" href=\"https:\/\/www.omch.com\/wp-json\/wp\/v2\/pages\/269\/page\/2\/\">Pr\u00f3ximo \u00bb<\/a>\t\t\t<\/nav>\n\t\t\t\t\t\t\t<\/div>\n\t\t\t\t\t\t\t\t\t<\/div>\n\n\t\t\n\t\t\t\t\t\t<\/div>\n\t\t\t\t<\/div>\n\t\t\t\t\t<\/div>\n\t\t\t\t<\/div>\n\t\t<div class=\"elementor-element elementor-element-fdc447f e-con-full e-flex e-con e-parent\" data-id=\"fdc447f\" data-element_type=\"container\">\n\t\t\t\t<div class=\"elementor-element elementor-element-4c8e5d0 elementor-widget elementor-widget-template\" data-id=\"4c8e5d0\" data-element_type=\"widget\" data-widget_type=\"template.default\">\n\t\t\t\t<div class=\"elementor-widget-container\">\n\t\t\t\t\t\t\t<div class=\"elementor-template\">\n\t\t\t\t\t<div data-elementor-type=\"container\" data-elementor-id=\"1163\" class=\"elementor elementor-1163\" data-elementor-post-type=\"elementor_library\">\n\t\t\t\t<div class=\"elementor-element elementor-element-25fb23f6 e-flex e-con-boxed e-con e-parent\" data-id=\"25fb23f6\" data-element_type=\"container\" data-settings=\"{&quot;background_background&quot;:&quot;classic&quot;}\">\n\t\t\t\t\t<div class=\"e-con-inner\">\n\t\t\t\t<div class=\"elementor-element elementor-element-447db66 elementor-widget elementor-widget-heading\" data-id=\"447db66\" data-element_type=\"widget\" data-widget_type=\"heading.default\">\n\t\t\t\t<div class=\"elementor-widget-container\">\n\t\t\t\t\t<h3 class=\"elementor-heading-title elementor-size-default\">Automa\u00e7\u00e3o industrial confi\u00e1vel, n\u00f3s o mantemos funcionando!<\/h3>\t\t\t\t<\/div>\n\t\t\t\t<\/div>\n\t\t\t\t<div class=\"elementor-element elementor-element-58f026d elementor-align-center elementor-widget elementor-widget-button\" data-id=\"58f026d\" data-element_type=\"widget\" data-widget_type=\"button.default\">\n\t\t\t\t<div class=\"elementor-widget-container\">\n\t\t\t\t\t\t\t\t\t<div class=\"elementor-button-wrapper\">\n\t\t\t\t\t<a class=\"elementor-button elementor-button-link elementor-size-sm\" href=\"#elementor-action%3Aaction%3Dpopup%3Aopen%26settings%3DeyJpZCI6IjI1MzUiLCJ0b2dnbGUiOmZhbHNlfQ%3D%3D\">\n\t\t\t\t\t\t<span class=\"elementor-button-content-wrapper\">\n\t\t\t\t\t\t\t\t\t<span class=\"elementor-button-text\">ENTRE EM CONTATO CONOSCO<\/span>\n\t\t\t\t\t<\/span>\n\t\t\t\t\t<\/a>\n\t\t\t\t<\/div>\n\t\t\t\t\t\t\t\t<\/div>\n\t\t\t\t<\/div>\n\t\t\t\t\t<\/div>\n\t\t\t\t<\/div>\n\t\t\t\t<\/div>\n\t\t\t\t<\/div>\n\t\t\t\t\t\t<\/div>\n\t\t\t\t<\/div>\n\t\t\t\t<\/div>\n\t\t\t\t<\/div>","protected":false},"excerpt":{"rendered":"<p>Blogs In\u00edcio Todos Controle industrial Fonte de alimenta\u00e7\u00e3o Escolhendo o rel\u00e9 certo: Um guia para todos os tipos e usos Os rel\u00e9s el\u00e9tricos s\u00e3o um dos componentes mais b\u00e1sicos, mas tamb\u00e9m um dos mais vers\u00e1teis no enorme dom\u00ednio ... O que \u00e9 um rel\u00e9 de estado s\u00f3lido? O guia definitivo para 2025 Al\u00e9m do clique: O que \u00e9 [...]<\/p>","protected":false},"author":4,"featured_media":0,"parent":0,"menu_order":0,"comment_status":"closed","ping_status":"closed","template":"elementor_header_footer","meta":{"_acf_changed":false,"_seopress_robots_primary_cat":"","_seopress_titles_title":"Omch Blog: Your Resource for Automation Expertise","_seopress_titles_desc":"Stay updated on the latest trends and gain valuable insights into automation from our blog.","_seopress_robots_index":"","footnotes":""},"class_list":["post-269","page","type-page","status-publish","hentry"],"acf":[],"_links":{"self":[{"href":"https:\/\/www.omch.com\/pt\/wp-json\/wp\/v2\/pages\/269","targetHints":{"allow":["GET"]}}],"collection":[{"href":"https:\/\/www.omch.com\/pt\/wp-json\/wp\/v2\/pages"}],"about":[{"href":"https:\/\/www.omch.com\/pt\/wp-json\/wp\/v2\/types\/page"}],"author":[{"embeddable":true,"href":"https:\/\/www.omch.com\/pt\/wp-json\/wp\/v2\/users\/4"}],"replies":[{"embeddable":true,"href":"https:\/\/www.omch.com\/pt\/wp-json\/wp\/v2\/comments?post=269"}],"version-history":[{"count":9,"href":"https:\/\/www.omch.com\/pt\/wp-json\/wp\/v2\/pages\/269\/revisions"}],"predecessor-version":[{"id":6501,"href":"https:\/\/www.omch.com\/pt\/wp-json\/wp\/v2\/pages\/269\/revisions\/6501"}],"wp:attachment":[{"href":"https:\/\/www.omch.com\/pt\/wp-json\/wp\/v2\/media?parent=269"}],"curies":[{"name":"wp","href":"https:\/\/api.w.org\/{rel}","templated":true}]}}