{"id":271,"date":"2024-12-10T07:49:48","date_gmt":"2024-12-10T07:49:48","guid":{"rendered":"https:\/\/omch.com\/?page_id=271"},"modified":"2025-06-16T05:42:22","modified_gmt":"2025-06-16T05:42:22","slug":"certificates","status":"publish","type":"page","link":"https:\/\/www.omch.com\/fr\/certificates\/","title":{"rendered":"Certificats"},"content":{"rendered":"<div data-elementor-type=\"wp-page\" data-elementor-id=\"271\" class=\"elementor elementor-271\" data-elementor-settings=\"{&quot;element_pack_global_tooltip_width&quot;:{&quot;unit&quot;:&quot;px&quot;,&quot;size&quot;:&quot;&quot;,&quot;sizes&quot;:[]},&quot;element_pack_global_tooltip_width_tablet&quot;:{&quot;unit&quot;:&quot;px&quot;,&quot;size&quot;:&quot;&quot;,&quot;sizes&quot;:[]},&quot;element_pack_global_tooltip_width_mobile&quot;:{&quot;unit&quot;:&quot;px&quot;,&quot;size&quot;:&quot;&quot;,&quot;sizes&quot;:[]},&quot;element_pack_global_tooltip_padding&quot;:{&quot;unit&quot;:&quot;px&quot;,&quot;top&quot;:&quot;&quot;,&quot;right&quot;:&quot;&quot;,&quot;bottom&quot;:&quot;&quot;,&quot;left&quot;:&quot;&quot;,&quot;isLinked&quot;:true},&quot;element_pack_global_tooltip_padding_tablet&quot;:{&quot;unit&quot;:&quot;px&quot;,&quot;top&quot;:&quot;&quot;,&quot;right&quot;:&quot;&quot;,&quot;bottom&quot;:&quot;&quot;,&quot;left&quot;:&quot;&quot;,&quot;isLinked&quot;:true},&quot;element_pack_global_tooltip_padding_mobile&quot;:{&quot;unit&quot;:&quot;px&quot;,&quot;top&quot;:&quot;&quot;,&quot;right&quot;:&quot;&quot;,&quot;bottom&quot;:&quot;&quot;,&quot;left&quot;:&quot;&quot;,&quot;isLinked&quot;:true},&quot;element_pack_global_tooltip_border_radius&quot;:{&quot;unit&quot;:&quot;px&quot;,&quot;top&quot;:&quot;&quot;,&quot;right&quot;:&quot;&quot;,&quot;bottom&quot;:&quot;&quot;,&quot;left&quot;:&quot;&quot;,&quot;isLinked&quot;:true},&quot;element_pack_global_tooltip_border_radius_tablet&quot;:{&quot;unit&quot;:&quot;px&quot;,&quot;top&quot;:&quot;&quot;,&quot;right&quot;:&quot;&quot;,&quot;bottom&quot;:&quot;&quot;,&quot;left&quot;:&quot;&quot;,&quot;isLinked&quot;:true},&quot;element_pack_global_tooltip_border_radius_mobile&quot;:{&quot;unit&quot;:&quot;px&quot;,&quot;top&quot;:&quot;&quot;,&quot;right&quot;:&quot;&quot;,&quot;bottom&quot;:&quot;&quot;,&quot;left&quot;:&quot;&quot;,&quot;isLinked&quot;:true}}\" data-elementor-post-type=\"page\">\n\t\t\t\t<div class=\"elementor-element elementor-element-07340f0 e-flex e-con-boxed e-con e-parent\" data-id=\"07340f0\" data-element_type=\"container\" data-settings=\"{&quot;background_background&quot;:&quot;classic&quot;}\">\n\t\t\t\t\t<div class=\"e-con-inner\">\n\t\t\t\t<div class=\"elementor-element elementor-element-998b1f8 elementor-widget elementor-widget-heading\" data-id=\"998b1f8\" data-element_type=\"widget\" data-widget_type=\"heading.default\">\n\t\t\t\t<div class=\"elementor-widget-container\">\n\t\t\t\t\t<h1 class=\"elementor-heading-title elementor-size-default\">Certificats<\/h1>\t\t\t\t<\/div>\n\t\t\t\t<\/div>\n\t\t\t\t<div class=\"elementor-element elementor-element-51ce1f9 elementor-widget elementor-widget-pp-breadcrumbs\" data-id=\"51ce1f9\" data-element_type=\"widget\" data-settings=\"{&quot;breadcrumbs_type&quot;:&quot;powerpack&quot;}\" data-widget_type=\"pp-breadcrumbs.default\">\n\t\t\t\t<div class=\"elementor-widget-container\">\n\t\t\t\t\t<ul class=\"pp-breadcrumbs pp-breadcrumbs-powerpack\">\t\t<li class=\"pp-breadcrumbs-item pp-breadcrumbs-item-home\">\n\t\t\t<a class=\"pp-breadcrumbs-crumb pp-breadcrumbs-crumb-link pp-breadcrumbs-crumb-home\" href=\"https:\/\/www.omch.com\/fr\" title=\"Accueil\">\n\t\t\t\t<span class=\"pp-breadcrumbs-text\">\n\t\t\t\t\t\t\t\t\t\tAccueil\t\t\t\t<\/span>\n\t\t\t<\/a>\n\t\t<\/li>\n\t\t<li class=\"pp-breadcrumbs-separator\">\t\t\t\t<span class='pp-separator-icon pp-icon'>\n\t\t\t\t\t<i aria-hidden=\"true\" class=\"fas fa-angle-right\"><\/i>\t\t\t\t<\/span>\n\t\t\t\t<\/li><\/ul>\t\t\t\t<\/div>\n\t\t\t\t<\/div>\n\t\t\t\t\t<\/div>\n\t\t\t\t<\/div>\n\t\t<div class=\"elementor-element elementor-element-77df290 e-flex e-con-boxed e-con e-parent\" data-id=\"77df290\" data-element_type=\"container\">\n\t\t\t\t\t<div class=\"e-con-inner\">\n\t\t<div class=\"elementor-element elementor-element-cdba886 e-con-full e-flex e-con e-child\" data-id=\"cdba886\" data-element_type=\"container\">\n\t\t<div class=\"elementor-element elementor-element-2e633b4 e-con-full e-flex e-con e-child\" data-id=\"2e633b4\" data-element_type=\"container\">\n\t\t\t\t<div class=\"elementor-element elementor-element-6e7b1e5 elementor-arrows-position-outside elementor-pagination-position-outside elementor-widget elementor-widget-image-carousel\" data-id=\"6e7b1e5\" data-element_type=\"widget\" data-settings=\"{&quot;slides_to_show&quot;:&quot;2&quot;,&quot;slides_to_scroll&quot;:&quot;1&quot;,&quot;navigation&quot;:&quot;both&quot;,&quot;autoplay&quot;:&quot;yes&quot;,&quot;pause_on_hover&quot;:&quot;yes&quot;,&quot;pause_on_interaction&quot;:&quot;yes&quot;,&quot;autoplay_speed&quot;:5000,&quot;infinite&quot;:&quot;yes&quot;,&quot;speed&quot;:500,&quot;image_spacing_custom&quot;:{&quot;unit&quot;:&quot;px&quot;,&quot;size&quot;:20,&quot;sizes&quot;:[]},&quot;image_spacing_custom_tablet&quot;:{&quot;unit&quot;:&quot;px&quot;,&quot;size&quot;:&quot;&quot;,&quot;sizes&quot;:[]},&quot;image_spacing_custom_mobile&quot;:{&quot;unit&quot;:&quot;px&quot;,&quot;size&quot;:&quot;&quot;,&quot;sizes&quot;:[]}}\" data-widget_type=\"image-carousel.default\">\n\t\t\t\t<div class=\"elementor-widget-container\">\n\t\t\t\t\t\t\t<div class=\"elementor-image-carousel-wrapper swiper\" role=\"region\" aria-roledescription=\"carousel\" aria-label=\"Carrousel d&#039;images\" dir=\"ltr\">\n\t\t\t<div class=\"elementor-image-carousel swiper-wrapper\" aria-live=\"off\">\n\t\t\t\t\t\t\t\t<div class=\"swiper-slide\" role=\"group\" aria-roledescription=\"slide\" aria-label=\"1 sur 5\"><figure class=\"swiper-slide-inner\"><img decoding=\"async\" class=\"swiper-slide-image\" src=\"https:\/\/www.omch.com\/wp-content\/uploads\/2025\/06\/certificate-8.webp\" alt=\"certificat (8)\" \/><\/figure><\/div><div class=\"swiper-slide\" role=\"group\" aria-roledescription=\"slide\" aria-label=\"2 sur 5\"><figure class=\"swiper-slide-inner\"><img decoding=\"async\" class=\"swiper-slide-image\" src=\"https:\/\/www.omch.com\/wp-content\/uploads\/2025\/06\/certificate-9.webp\" alt=\"certificat (9)\" \/><\/figure><\/div><div class=\"swiper-slide\" role=\"group\" aria-roledescription=\"slide\" aria-label=\"3 sur 5\"><figure class=\"swiper-slide-inner\"><img decoding=\"async\" class=\"swiper-slide-image\" src=\"https:\/\/www.omch.com\/wp-content\/uploads\/2025\/06\/certificate-3.webp\" alt=\"certificat (3)\" \/><\/figure><\/div><div class=\"swiper-slide\" role=\"group\" aria-roledescription=\"slide\" aria-label=\"4 sur 5\"><figure class=\"swiper-slide-inner\"><img decoding=\"async\" class=\"swiper-slide-image\" src=\"https:\/\/www.omch.com\/wp-content\/uploads\/2025\/06\/certificate-4.webp\" alt=\"certificat (4)\" \/><\/figure><\/div><div class=\"swiper-slide\" role=\"group\" aria-roledescription=\"slide\" aria-label=\"5 sur 5\"><figure class=\"swiper-slide-inner\"><img decoding=\"async\" class=\"swiper-slide-image\" src=\"https:\/\/www.omch.com\/wp-content\/uploads\/2025\/06\/certificate-6.webp\" alt=\"certificat (6)\" \/><\/figure><\/div>\t\t\t<\/div>\n\t\t\t\t\t\t\t\t\t\t\t\t<div class=\"elementor-swiper-button elementor-swiper-button-prev\" role=\"button\" tabindex=\"0\">\n\t\t\t\t\t\t<i aria-hidden=\"true\" class=\"eicon-chevron-left\"><\/i>\t\t\t\t\t<\/div>\n\t\t\t\t\t<div class=\"elementor-swiper-button elementor-swiper-button-next\" role=\"button\" tabindex=\"0\">\n\t\t\t\t\t\t<i aria-hidden=\"true\" class=\"eicon-chevron-right\"><\/i>\t\t\t\t\t<\/div>\n\t\t\t\t\n\t\t\t\t\t\t\t\t\t<div class=\"swiper-pagination\"><\/div>\n\t\t\t\t\t\t\t\t\t<\/div>\n\t\t\t\t\t\t<\/div>\n\t\t\t\t<\/div>\n\t\t\t\t<\/div>\n\t\t<div class=\"elementor-element elementor-element-c48dee4 e-con-full e-flex e-con e-child\" data-id=\"c48dee4\" data-element_type=\"container\">\n\t\t\t\t<div class=\"elementor-element elementor-element-745049f elementor-widget elementor-widget-heading\" data-id=\"745049f\" data-element_type=\"widget\" data-widget_type=\"heading.default\">\n\t\t\t\t<div class=\"elementor-widget-container\">\n\t\t\t\t\t<h2 class=\"elementor-heading-title elementor-size-default\">Certificats de produit<\/h2>\t\t\t\t<\/div>\n\t\t\t\t<\/div>\n\t\t\t\t<div class=\"elementor-element elementor-element-00250a5 elementor-widget elementor-widget-text-editor\" data-id=\"00250a5\" data-element_type=\"widget\" data-widget_type=\"text-editor.default\">\n\t\t\t\t<div class=\"elementor-widget-container\">\n\t\t\t\t\t\t\t\t\t<div data-page-id=\"KvojdmQWMos4frxVUR4cBQQGnYe\" data-lark-html-role=\"root\" data-docx-has-block-data=\"false\"><div class=\"ace-line ace-line old-record-id-XacFd6ErXo5r51xVM2VcByBbnIh\">Nos certifications mondialement reconnues, notamment CE, CCC et RoHS, t\u00e9moignent de notre engagement en faveur de l'excellence et d'une qualit\u00e9 \u00e0 la pointe de l'industrie.<\/div><\/div>\t\t\t\t\t\t\t\t<\/div>\n\t\t\t\t<\/div>\n\t\t\t\t<\/div>\n\t\t\t\t<\/div>\n\t\t\t\t\t<\/div>\n\t\t\t\t<\/div>\n\t\t<div class=\"elementor-element elementor-element-fdcd796 e-flex e-con-boxed e-con e-parent\" data-id=\"fdcd796\" data-element_type=\"container\" data-settings=\"{&quot;background_background&quot;:&quot;classic&quot;}\">\n\t\t\t\t\t<div class=\"e-con-inner\">\n\t\t\t\t<div class=\"elementor-element elementor-element-b891ffc elementor-widget elementor-widget-heading\" data-id=\"b891ffc\" data-element_type=\"widget\" data-widget_type=\"heading.default\">\n\t\t\t\t<div class=\"elementor-widget-container\">\n\t\t\t\t\t<h2 class=\"elementor-heading-title elementor-size-default\">Honneurs de l'entreprise<\/h2>\t\t\t\t<\/div>\n\t\t\t\t<\/div>\n\t\t\t\t<div class=\"elementor-element elementor-element-ecb13a1 elementor-widget elementor-widget-text-editor\" data-id=\"ecb13a1\" data-element_type=\"widget\" data-widget_type=\"text-editor.default\">\n\t\t\t\t<div class=\"elementor-widget-container\">\n\t\t\t\t\t\t\t\t\t<div data-page-id=\"KvojdmQWMos4frxVUR4cBQQGnYe\" data-lark-html-role=\"root\" data-docx-has-block-data=\"false\"><div class=\"ace-line ace-line old-record-id-ATSvdgbERoQ8dnxnJ7RcVnILndf\">Nos distinctions prestigieuses, telles que les prix High-Tech Enterprise, confirment notre leadership et notre innovation dans le domaine de l'automatisation industrielle.<\/div><\/div>\t\t\t\t\t\t\t\t<\/div>\n\t\t\t\t<\/div>\n\t\t\t\t<div class=\"elementor-element elementor-element-a5821c6 elementor-widget__width-inherit elementor-widget elementor-widget-ucaddon_logo_carousel\" data-id=\"a5821c6\" data-element_type=\"widget\" data-widget_type=\"ucaddon_logo_carousel.default\">\n\t\t\t\t<div class=\"elementor-widget-container\">\n\t\t\t\t\t\n<!-- start Logo Carousel -->\n\t\t<link id='font-awesome-css' href='https:\/\/www.omch.com\/wp-content\/plugins\/unlimited-elements-for-elementor-premium\/assets_libraries\/font-awesome6\/fontawesome-all.min.css' type='text\/css' rel='stylesheet' >\n\t\t<link id='font-awesome-4-shim-css' href='https:\/\/www.omch.com\/wp-content\/plugins\/unlimited-elements-for-elementor-premium\/assets_libraries\/font-awesome6\/fontawesome-v4-shims.min.css' type='text\/css' rel='stylesheet' >\n\t\t<link id='owl-carousel-css' href='https:\/\/www.omch.com\/wp-content\/plugins\/unlimited-elements-for-elementor-premium\/assets_libraries\/owl-carousel-new\/assets\/owl.carousel.css' type='text\/css' rel='stylesheet' >\n\n<style>\/* widget: Logo Carousel *\/\n\n#uc_logo_carousel_elementor_a5821c6{\n  min-height:1px;\n}\n\n#uc_logo_carousel_elementor_a5821c6 *{\n  box-sizing:border-box;\n}\n\n#uc_logo_carousel_elementor_a5821c6 .owl-nav .owl-prev{\n    position:absolute;\n  \n    display:inline-block;\n    text-align:center;\n}\n#uc_logo_carousel_elementor_a5821c6 .owl-nav .owl-next{\n  position:absolute;\n\n  display:inline-block;\n  text-align:center;\n}\n\n\n#uc_logo_carousel_elementor_a5821c6 .owl-dots {\noverflow:hidden;\ndisplay:none !important;\ntext-align:center;\n}\n\n#uc_logo_carousel_elementor_a5821c6 .owl-dot {\nborder-radius:50%;\ndisplay:inline-block;\n}\n\n\n#uc_logo_carousel_elementor_a5821c6{\n\ttext-align: center;\n  position:relative;\n}\n#uc_logo_carousel_elementor_a5821c6 .uc_logo_carousel_holder{\n    display:flex;\n    align-items: center;\n    justify-content:center;\n    flex-wrap: wrap;\n    width: 100%;\n}\n#uc_logo_carousel_elementor_a5821c6 .uc_logo_carousel_holder a\n{height:100%;\n    width: 100%;\n  display:flex;\n  align-items: center;\n    justify-content:center;\n}\n\n#uc_logo_carousel_elementor_a5821c6  img{\n    height:100%;\n    width: 100%;\n    object-fit: contain;\n}\n\n\n\n\n<\/style>\n\n<div class=\"uc_logo_carousel\"  style=\"direction:ltr;\">\n   <div class=\"uc_carousel owl-carousel owl-theme uc-items-wrapper\" id=\"uc_logo_carousel_elementor_a5821c6\"   data-new-tab=\"false\">\n   \t\t\n<div class=\"uc_logo_carousel\">\n    \n    <div class=\"uc_logo_carousel_holder ue-item\">\n          <a href=\"#\" >\n          <img fetchpriority=\"high\" decoding=\"async\" src=\"https:\/\/www.omch.com\/wp-content\/uploads\/2025\/06\/certificate-5.webp\"  alt=\"certificat (5)\" width=\"643\" height=\"900\" >\n          <\/a>\n    <\/div>\n\t\n      \n<\/div>\n\n<div class=\"uc_logo_carousel\">\n    \n    <div class=\"uc_logo_carousel_holder ue-item\">\n          <a href=\"#\" >\n          <img decoding=\"async\" src=\"https:\/\/www.omch.com\/wp-content\/uploads\/2025\/06\/certificate-2.webp\"  alt=\"certificat (2)\" width=\"643\" height=\"900\" >\n          <\/a>\n    <\/div>\n\t\n      \n<\/div>\n\n<div class=\"uc_logo_carousel\">\n    \n    <div class=\"uc_logo_carousel_holder ue-item\">\n          <a href=\"#\" >\n          <img decoding=\"async\" src=\"https:\/\/www.omch.com\/wp-content\/uploads\/2025\/06\/certificate-2.webp\"  alt=\"certificat (2)\" width=\"643\" height=\"900\" >\n          <\/a>\n    <\/div>\n\t\n      \n<\/div>\n\n<div class=\"uc_logo_carousel\">\n    \n    <div class=\"uc_logo_carousel_holder ue-item\">\n          <a href=\"#\" >\n          <img decoding=\"async\" src=\"https:\/\/www.omch.com\/wp-content\/uploads\/2025\/06\/certificate-2.webp\"  alt=\"certificat (2)\" width=\"643\" height=\"900\" >\n          <\/a>\n    <\/div>\n\t\n      \n<\/div>\n\n   <\/div>\t\n<\/div>\n<!-- end Logo Carousel -->\t\t\t\t<\/div>\n\t\t\t\t<\/div>\n\t\t\t\t\t<\/div>\n\t\t\t\t<\/div>\n\t\t<div class=\"elementor-element elementor-element-c511dc9 e-flex e-con-boxed e-con e-parent\" data-id=\"c511dc9\" data-element_type=\"container\">\n\t\t\t\t\t<div class=\"e-con-inner\">\n\t\t<div class=\"elementor-element elementor-element-df90b2d e-con-full e-flex e-con e-child\" data-id=\"df90b2d\" data-element_type=\"container\">\n\t\t\t\t<div class=\"elementor-element elementor-element-e32f1a7 elementor-widget elementor-widget-heading\" data-id=\"e32f1a7\" data-element_type=\"widget\" data-widget_type=\"heading.default\">\n\t\t\t\t<div class=\"elementor-widget-container\">\n\t\t\t\t\t<h2 class=\"elementor-heading-title elementor-size-default\">Brevets innovants<\/h2>\t\t\t\t<\/div>\n\t\t\t\t<\/div>\n\t\t\t\t<div class=\"elementor-element elementor-element-cbcaa84 elementor-widget elementor-widget-text-editor\" data-id=\"cbcaa84\" data-element_type=\"widget\" data-widget_type=\"text-editor.default\">\n\t\t\t\t<div class=\"elementor-widget-container\">\n\t\t\t\t\t\t\t\t\t<div data-page-id=\"KvojdmQWMos4frxVUR4cBQQGnYe\" data-lark-html-role=\"root\" data-docx-has-block-data=\"false\"><div class=\"ace-line ace-line old-record-id-LqHEdbrbGogvwYxi6AvcL10Bn4d\">Avec plus de 30 brevets, nous favorisons l'innovation dans l'industrie et \u00e9tablissons de nouvelles normes en mati\u00e8re de solutions d'automatisation avanc\u00e9es.<\/div><\/div>\t\t\t\t\t\t\t\t<\/div>\n\t\t\t\t<\/div>\n\t\t\t\t<\/div>\n\t\t<div class=\"elementor-element elementor-element-a56a309 e-con-full e-flex e-con e-child\" data-id=\"a56a309\" data-element_type=\"container\">\n\t\t\t\t<div class=\"elementor-element elementor-element-51c87d0 elementor-arrows-position-outside elementor-pagination-position-outside elementor-widget elementor-widget-image-carousel\" data-id=\"51c87d0\" data-element_type=\"widget\" data-settings=\"{&quot;slides_to_show&quot;:&quot;2&quot;,&quot;slides_to_scroll&quot;:&quot;1&quot;,&quot;navigation&quot;:&quot;both&quot;,&quot;autoplay&quot;:&quot;yes&quot;,&quot;pause_on_hover&quot;:&quot;yes&quot;,&quot;pause_on_interaction&quot;:&quot;yes&quot;,&quot;autoplay_speed&quot;:5000,&quot;infinite&quot;:&quot;yes&quot;,&quot;speed&quot;:500,&quot;image_spacing_custom&quot;:{&quot;unit&quot;:&quot;px&quot;,&quot;size&quot;:20,&quot;sizes&quot;:[]},&quot;image_spacing_custom_tablet&quot;:{&quot;unit&quot;:&quot;px&quot;,&quot;size&quot;:&quot;&quot;,&quot;sizes&quot;:[]},&quot;image_spacing_custom_mobile&quot;:{&quot;unit&quot;:&quot;px&quot;,&quot;size&quot;:&quot;&quot;,&quot;sizes&quot;:[]}}\" data-widget_type=\"image-carousel.default\">\n\t\t\t\t<div class=\"elementor-widget-container\">\n\t\t\t\t\t\t\t<div class=\"elementor-image-carousel-wrapper swiper\" role=\"region\" aria-roledescription=\"carousel\" aria-label=\"Carrousel d&#039;images\" dir=\"ltr\">\n\t\t\t<div class=\"elementor-image-carousel swiper-wrapper\" aria-live=\"off\">\n\t\t\t\t\t\t\t\t<div class=\"swiper-slide\" role=\"group\" aria-roledescription=\"slide\" aria-label=\"1 sur 5\"><figure class=\"swiper-slide-inner\"><img decoding=\"async\" class=\"swiper-slide-image\" src=\"https:\/\/www.omch.com\/wp-content\/uploads\/2025\/06\/certificate-12.webp\" alt=\"certificat (12)\" \/><\/figure><\/div><div class=\"swiper-slide\" role=\"group\" aria-roledescription=\"slide\" aria-label=\"2 sur 5\"><figure class=\"swiper-slide-inner\"><img decoding=\"async\" class=\"swiper-slide-image\" src=\"https:\/\/www.omch.com\/wp-content\/uploads\/2025\/06\/certificate-10.webp\" alt=\"certificat (10)\" \/><\/figure><\/div><div class=\"swiper-slide\" role=\"group\" aria-roledescription=\"slide\" aria-label=\"3 sur 5\"><figure class=\"swiper-slide-inner\"><img decoding=\"async\" class=\"swiper-slide-image\" src=\"https:\/\/www.omch.com\/wp-content\/uploads\/2025\/06\/certificate-11.webp\" alt=\"certificat (11)\" \/><\/figure><\/div><div class=\"swiper-slide\" role=\"group\" aria-roledescription=\"slide\" aria-label=\"4 sur 5\"><figure class=\"swiper-slide-inner\"><img decoding=\"async\" class=\"swiper-slide-image\" src=\"https:\/\/www.omch.com\/wp-content\/uploads\/2025\/06\/certificate-1.webp\" alt=\"certificat (1)\" \/><\/figure><\/div><div class=\"swiper-slide\" role=\"group\" aria-roledescription=\"slide\" aria-label=\"5 sur 5\"><figure class=\"swiper-slide-inner\"><img decoding=\"async\" class=\"swiper-slide-image\" src=\"https:\/\/www.omch.com\/wp-content\/uploads\/2025\/06\/certificate-7.webp\" alt=\"certificat (7)\" \/><\/figure><\/div>\t\t\t<\/div>\n\t\t\t\t\t\t\t\t\t\t\t\t<div class=\"elementor-swiper-button elementor-swiper-button-prev\" role=\"button\" tabindex=\"0\">\n\t\t\t\t\t\t<i aria-hidden=\"true\" class=\"eicon-chevron-left\"><\/i>\t\t\t\t\t<\/div>\n\t\t\t\t\t<div class=\"elementor-swiper-button elementor-swiper-button-next\" role=\"button\" tabindex=\"0\">\n\t\t\t\t\t\t<i aria-hidden=\"true\" class=\"eicon-chevron-right\"><\/i>\t\t\t\t\t<\/div>\n\t\t\t\t\n\t\t\t\t\t\t\t\t\t<div class=\"swiper-pagination\"><\/div>\n\t\t\t\t\t\t\t\t\t<\/div>\n\t\t\t\t\t\t<\/div>\n\t\t\t\t<\/div>\n\t\t\t\t<\/div>\n\t\t\t\t\t<\/div>\n\t\t\t\t<\/div>\n\t\t<div class=\"elementor-element elementor-element-07a2dd1 e-con-full e-flex e-con e-parent\" data-id=\"07a2dd1\" data-element_type=\"container\">\n\t\t\t\t<div class=\"elementor-element elementor-element-c988853 elementor-widget elementor-widget-template\" data-id=\"c988853\" data-element_type=\"widget\" data-widget_type=\"template.default\">\n\t\t\t\t<div class=\"elementor-widget-container\">\n\t\t\t\t\t\t\t<div class=\"elementor-template\">\n\t\t\t\t\t<div data-elementor-type=\"container\" data-elementor-id=\"1163\" class=\"elementor elementor-1163\" data-elementor-post-type=\"elementor_library\">\n\t\t\t\t<div class=\"elementor-element elementor-element-25fb23f6 e-flex e-con-boxed e-con e-parent\" data-id=\"25fb23f6\" data-element_type=\"container\" data-settings=\"{&quot;background_background&quot;:&quot;classic&quot;}\">\n\t\t\t\t\t<div class=\"e-con-inner\">\n\t\t\t\t<div class=\"elementor-element elementor-element-447db66 elementor-widget elementor-widget-heading\" data-id=\"447db66\" data-element_type=\"widget\" data-widget_type=\"heading.default\">\n\t\t\t\t<div class=\"elementor-widget-container\">\n\t\t\t\t\t<h3 class=\"elementor-heading-title elementor-size-default\">Automatisation industrielle fiable, nous assurons votre fonctionnement !<\/h3>\t\t\t\t<\/div>\n\t\t\t\t<\/div>\n\t\t\t\t<div class=\"elementor-element elementor-element-58f026d elementor-align-center elementor-widget elementor-widget-button\" data-id=\"58f026d\" data-element_type=\"widget\" data-widget_type=\"button.default\">\n\t\t\t\t<div class=\"elementor-widget-container\">\n\t\t\t\t\t\t\t\t\t<div class=\"elementor-button-wrapper\">\n\t\t\t\t\t<a class=\"elementor-button elementor-button-link elementor-size-sm\" href=\"#elementor-action%3Aaction%3Dpopup%3Aopen%26settings%3DeyJpZCI6IjI1MzUiLCJ0b2dnbGUiOmZhbHNlfQ%3D%3D\">\n\t\t\t\t\t\t<span class=\"elementor-button-content-wrapper\">\n\t\t\t\t\t\t\t\t\t<span class=\"elementor-button-text\">CONTACTEZ-NOUS<\/span>\n\t\t\t\t\t<\/span>\n\t\t\t\t\t<\/a>\n\t\t\t\t<\/div>\n\t\t\t\t\t\t\t\t<\/div>\n\t\t\t\t<\/div>\n\t\t\t\t\t<\/div>\n\t\t\t\t<\/div>\n\t\t\t\t<\/div>\n\t\t\t\t<\/div>\n\t\t\t\t\t\t<\/div>\n\t\t\t\t<\/div>\n\t\t\t\t<\/div>\n\t\t\t\t<\/div>","protected":false},"excerpt":{"rendered":"<p>Certificats Accueil Produits Certificats Nos certifications mondialement reconnues, notamment CE, CCC et RoHS, t\u00e9moignent de notre engagement en faveur de l'excellence et d'une qualit\u00e9 \u00e0 la pointe de l'industrie. Distinctions de l'entreprise Nos distinctions prestigieuses, telles que les prix High-Tech Enterprise, confirment notre leadership et notre innovation dans le domaine de l'automatisation industrielle. Brevets innovants Avec plus de 30 brevets, nous favorisons l'innovation dans l'industrie et \u00e9tablissons de nouvelles normes dans le domaine de l'automatisation [...]<\/p>","protected":false},"author":4,"featured_media":0,"parent":0,"menu_order":0,"comment_status":"closed","ping_status":"closed","template":"elementor_header_footer","meta":{"_acf_changed":false,"_seopress_robots_primary_cat":"","_seopress_titles_title":"Innovative & Quality: Our Patents & Certifications","_seopress_titles_desc":"See Omch's over 30 patents driving innovation in advanced automation solutions, alongside our globally recognized product and company certifications.","_seopress_robots_index":"","footnotes":""},"class_list":["post-271","page","type-page","status-publish","hentry"],"acf":[],"_links":{"self":[{"href":"https:\/\/www.omch.com\/fr\/wp-json\/wp\/v2\/pages\/271","targetHints":{"allow":["GET"]}}],"collection":[{"href":"https:\/\/www.omch.com\/fr\/wp-json\/wp\/v2\/pages"}],"about":[{"href":"https:\/\/www.omch.com\/fr\/wp-json\/wp\/v2\/types\/page"}],"author":[{"embeddable":true,"href":"https:\/\/www.omch.com\/fr\/wp-json\/wp\/v2\/users\/4"}],"replies":[{"embeddable":true,"href":"https:\/\/www.omch.com\/fr\/wp-json\/wp\/v2\/comments?post=271"}],"version-history":[{"count":3,"href":"https:\/\/www.omch.com\/fr\/wp-json\/wp\/v2\/pages\/271\/revisions"}],"predecessor-version":[{"id":5529,"href":"https:\/\/www.omch.com\/fr\/wp-json\/wp\/v2\/pages\/271\/revisions\/5529"}],"wp:attachment":[{"href":"https:\/\/www.omch.com\/fr\/wp-json\/wp\/v2\/media?parent=271"}],"curies":[{"name":"wp","href":"https:\/\/api.w.org\/{rel}","templated":true}]}}