{"id":250,"date":"2024-12-10T07:44:11","date_gmt":"2024-12-10T07:44:11","guid":{"rendered":"https:\/\/omch.com\/?page_id=250"},"modified":"2025-06-16T06:57:15","modified_gmt":"2025-06-16T06:57:15","slug":"technical-after-sales-support","status":"publish","type":"page","link":"https:\/\/www.omch.com\/fr\/technical-after-sales-support\/","title":{"rendered":"Support technique et apr\u00e8s-vente"},"content":{"rendered":"<div data-elementor-type=\"wp-page\" data-elementor-id=\"250\" class=\"elementor elementor-250\" data-elementor-settings=\"{&quot;element_pack_global_tooltip_width&quot;:{&quot;unit&quot;:&quot;px&quot;,&quot;size&quot;:&quot;&quot;,&quot;sizes&quot;:[]},&quot;element_pack_global_tooltip_width_tablet&quot;:{&quot;unit&quot;:&quot;px&quot;,&quot;size&quot;:&quot;&quot;,&quot;sizes&quot;:[]},&quot;element_pack_global_tooltip_width_mobile&quot;:{&quot;unit&quot;:&quot;px&quot;,&quot;size&quot;:&quot;&quot;,&quot;sizes&quot;:[]},&quot;element_pack_global_tooltip_padding&quot;:{&quot;unit&quot;:&quot;px&quot;,&quot;top&quot;:&quot;&quot;,&quot;right&quot;:&quot;&quot;,&quot;bottom&quot;:&quot;&quot;,&quot;left&quot;:&quot;&quot;,&quot;isLinked&quot;:true},&quot;element_pack_global_tooltip_padding_tablet&quot;:{&quot;unit&quot;:&quot;px&quot;,&quot;top&quot;:&quot;&quot;,&quot;right&quot;:&quot;&quot;,&quot;bottom&quot;:&quot;&quot;,&quot;left&quot;:&quot;&quot;,&quot;isLinked&quot;:true},&quot;element_pack_global_tooltip_padding_mobile&quot;:{&quot;unit&quot;:&quot;px&quot;,&quot;top&quot;:&quot;&quot;,&quot;right&quot;:&quot;&quot;,&quot;bottom&quot;:&quot;&quot;,&quot;left&quot;:&quot;&quot;,&quot;isLinked&quot;:true},&quot;element_pack_global_tooltip_border_radius&quot;:{&quot;unit&quot;:&quot;px&quot;,&quot;top&quot;:&quot;&quot;,&quot;right&quot;:&quot;&quot;,&quot;bottom&quot;:&quot;&quot;,&quot;left&quot;:&quot;&quot;,&quot;isLinked&quot;:true},&quot;element_pack_global_tooltip_border_radius_tablet&quot;:{&quot;unit&quot;:&quot;px&quot;,&quot;top&quot;:&quot;&quot;,&quot;right&quot;:&quot;&quot;,&quot;bottom&quot;:&quot;&quot;,&quot;left&quot;:&quot;&quot;,&quot;isLinked&quot;:true},&quot;element_pack_global_tooltip_border_radius_mobile&quot;:{&quot;unit&quot;:&quot;px&quot;,&quot;top&quot;:&quot;&quot;,&quot;right&quot;:&quot;&quot;,&quot;bottom&quot;:&quot;&quot;,&quot;left&quot;:&quot;&quot;,&quot;isLinked&quot;:true}}\" data-elementor-post-type=\"page\">\n\t\t\t\t<div class=\"elementor-element elementor-element-a0d413e e-flex e-con-boxed e-con e-parent\" data-id=\"a0d413e\" data-element_type=\"container\" data-settings=\"{&quot;background_background&quot;:&quot;classic&quot;}\">\n\t\t\t\t\t<div class=\"e-con-inner\">\n\t\t\t\t<div class=\"elementor-element elementor-element-1c6bc05 elementor-widget elementor-widget-heading\" data-id=\"1c6bc05\" data-element_type=\"widget\" data-widget_type=\"heading.default\">\n\t\t\t\t<div class=\"elementor-widget-container\">\n\t\t\t\t\t<h1 class=\"elementor-heading-title elementor-size-default\">Support technique et apr\u00e8s-vente<\/h1>\t\t\t\t<\/div>\n\t\t\t\t<\/div>\n\t\t\t\t<div class=\"elementor-element elementor-element-20cf85a elementor-widget elementor-widget-pp-breadcrumbs\" data-id=\"20cf85a\" data-element_type=\"widget\" data-settings=\"{&quot;breadcrumbs_type&quot;:&quot;powerpack&quot;}\" data-widget_type=\"pp-breadcrumbs.default\">\n\t\t\t\t<div class=\"elementor-widget-container\">\n\t\t\t\t\t<ul class=\"pp-breadcrumbs pp-breadcrumbs-powerpack\">\t\t<li class=\"pp-breadcrumbs-item pp-breadcrumbs-item-home\">\n\t\t\t<a class=\"pp-breadcrumbs-crumb pp-breadcrumbs-crumb-link pp-breadcrumbs-crumb-home\" href=\"https:\/\/www.omch.com\/fr\" title=\"Accueil\">\n\t\t\t\t<span class=\"pp-breadcrumbs-text\">\n\t\t\t\t\t\t\t\t\t\tAccueil\t\t\t\t<\/span>\n\t\t\t<\/a>\n\t\t<\/li>\n\t\t<li class=\"pp-breadcrumbs-separator\">\t\t\t\t<span class='pp-separator-icon pp-icon'>\n\t\t\t\t\t<i aria-hidden=\"true\" class=\"fas fa-angle-right\"><\/i>\t\t\t\t<\/span>\n\t\t\t\t<\/li><\/ul>\t\t\t\t<\/div>\n\t\t\t\t<\/div>\n\t\t\t\t\t<\/div>\n\t\t\t\t<\/div>\n\t\t<div class=\"elementor-element elementor-element-3aef63d e-flex e-con-boxed e-con e-parent\" data-id=\"3aef63d\" data-element_type=\"container\">\n\t\t\t\t\t<div class=\"e-con-inner\">\n\t\t<div class=\"elementor-element elementor-element-fe0280f e-con-full e-flex e-con e-child\" data-id=\"fe0280f\" data-element_type=\"container\">\n\t\t\t\t<div class=\"elementor-element elementor-element-83ad999 elementor-widget elementor-widget-heading\" data-id=\"83ad999\" data-element_type=\"widget\" data-widget_type=\"heading.default\">\n\t\t\t\t<div class=\"elementor-widget-container\">\n\t\t\t\t\t<h2 class=\"elementor-heading-title elementor-size-default\">N'h\u00e9sitez pas \u00e0 nous contacter \u00e0 tout moment<\/h2>\t\t\t\t<\/div>\n\t\t\t\t<\/div>\n\t\t\t\t<div class=\"elementor-element elementor-element-5e209aa elementor-widget elementor-widget-text-editor\" data-id=\"5e209aa\" data-element_type=\"widget\" data-widget_type=\"text-editor.default\">\n\t\t\t\t<div class=\"elementor-widget-container\">\n\t\t\t\t\t\t\t\t\t<div data-page-id=\"PghpdN5LmooCtXxY9b1cULqdnDc\" data-lark-html-role=\"root\" data-docx-has-block-data=\"false\"><div class=\"ace-line ace-line old-record-id-ThbfdK289oXEtMxmT10c3bJRnug\">Si vous avez des questions ou besoin d'aide, n'h\u00e9sitez pas \u00e0 nous contacter. Nous sommes l\u00e0 pour vous 24 heures sur 24, 7 jours sur 7, pr\u00eats \u00e0 vous aider, qu'il s'agisse d'une demande de renseignements sur un produit ou d'une assistance technique.<\/div><\/div>\t\t\t\t\t\t\t\t<\/div>\n\t\t\t\t<\/div>\n\t\t\t\t<div class=\"elementor-element elementor-element-b0e4324 elementor-align-left elementor-widget elementor-widget-button\" data-id=\"b0e4324\" data-element_type=\"widget\" data-widget_type=\"button.default\">\n\t\t\t\t<div class=\"elementor-widget-container\">\n\t\t\t\t\t\t\t\t\t<div class=\"elementor-button-wrapper\">\n\t\t\t\t\t<a class=\"elementor-button elementor-button-link elementor-size-sm\" href=\"#elementor-action%3Aaction%3Dpopup%3Aopen%26settings%3DeyJpZCI6IjI1MzUiLCJ0b2dnbGUiOmZhbHNlfQ%3D%3D\">\n\t\t\t\t\t\t<span class=\"elementor-button-content-wrapper\">\n\t\t\t\t\t\t\t\t\t<span class=\"elementor-button-text\">Nous contacter<\/span>\n\t\t\t\t\t<\/span>\n\t\t\t\t\t<\/a>\n\t\t\t\t<\/div>\n\t\t\t\t\t\t\t\t<\/div>\n\t\t\t\t<\/div>\n\t\t\t\t<\/div>\n\t\t<div class=\"elementor-element elementor-element-5ddc325 e-con-full e-flex e-con e-child\" data-id=\"5ddc325\" data-element_type=\"container\">\n\t\t\t\t<div class=\"elementor-element elementor-element-05ea225 elementor-widget elementor-widget-ucaddon_zoom_caption_reveal_content_box\" data-id=\"05ea225\" data-element_type=\"widget\" data-widget_type=\"ucaddon_zoom_caption_reveal_content_box.default\">\n\t\t\t\t<div class=\"elementor-widget-container\">\n\t\t\t\t\t\n<!-- start Caption Reveal Content Box -->\n<style>\/* widget: Caption Reveal Content Box *\/\n\n#uc_zoom_caption_reveal_content_box_elementor_05ea225 *\n{\n  box-sizing:border-box;\n}\n#uc_zoom_caption_reveal_content_box_elementor_05ea225\n{\n  position:relative;\n  overflow:hidden;\n  text-align:center;\n  height:350pxpx;\n}\n\n#uc_zoom_caption_reveal_content_box_elementor_05ea225 .ue-link\n{\n  display:block;\n  position:absolute;\n  left:0;\n  right:0;\n  bottom:0;\n  top:0;\n}\n\n#uc_zoom_caption_reveal_content_box_elementor_05ea225 .image-caption-reveal-on-hover\n{\n\n  width:100%;\n  background-color:lightgray;\n  transition:0.5s;\n  background-image:url(https:\/\/www.omch.com\/wp-content\/uploads\/2025\/06\/C09.webp);\n  background-size:cover;\n  background-position:top center;\n  position:absolute;\n  top:0;\n  left:0;\n  bottom:0;\n  right:0;\n}\n\n#uc_zoom_caption_reveal_content_box_elementor_05ea225:hover .image-caption-reveal-on-hover\n{\n transform:scale(1.1,1.1);\n}\n\n#uc_zoom_caption_reveal_content_box_elementor_05ea225 .icroh-caption\n{\n  position:absolute;\n  top:0px;\n  transition:0.5s;\n  color:white;\n  width:100%;\n  background-color:;\n}\n\n#uc_zoom_caption_reveal_content_box_elementor_05ea225:hover .icroh-caption\n{\n  background-color:#00000000;\n}\n\n.icroh-title\n{\n  font-size:18px;\n}\n\n#uc_zoom_caption_reveal_content_box_elementor_05ea225 .icroh-text\n{\n  display:none;\n}\n\n<\/style>\n\n<div id=\"uc_zoom_caption_reveal_content_box_elementor_05ea225\" class=\"zoom_caption_reveal_content_box\">\n  <div class=\"image-caption-reveal-on-hover\">\n  <\/div>\n  \n    <div class=\"icroh-caption\">\n      <div class=\"icroh-title\"><\/div>\n      <div class=\"icroh-text\">\n        \n      <\/div>\n    <\/div>\n  \n  \n\t\n\n  \n  \n<\/div>\n<!-- end Caption Reveal Content Box -->\t\t\t\t<\/div>\n\t\t\t\t<\/div>\n\t\t\t\t<\/div>\n\t\t\t\t\t<\/div>\n\t\t\t\t<\/div>\n\t\t<div class=\"elementor-element elementor-element-c9a39a6 e-flex e-con-boxed e-con e-parent\" data-id=\"c9a39a6\" data-element_type=\"container\">\n\t\t\t\t\t<div class=\"e-con-inner\">\n\t\t<div class=\"elementor-element elementor-element-cb252f0 e-con-full e-flex e-con e-child\" data-id=\"cb252f0\" data-element_type=\"container\">\n\t\t\t\t<div class=\"elementor-element elementor-element-5a9dcda elementor-widget elementor-widget-ucaddon_zoom_caption_reveal_content_box\" data-id=\"5a9dcda\" data-element_type=\"widget\" data-widget_type=\"ucaddon_zoom_caption_reveal_content_box.default\">\n\t\t\t\t<div class=\"elementor-widget-container\">\n\t\t\t\t\t\n<!-- start Caption Reveal Content Box -->\n<style>\/* widget: Caption Reveal Content Box *\/\n\n#uc_zoom_caption_reveal_content_box_elementor_5a9dcda *\n{\n  box-sizing:border-box;\n}\n#uc_zoom_caption_reveal_content_box_elementor_5a9dcda\n{\n  position:relative;\n  overflow:hidden;\n  text-align:center;\n  height:350pxpx;\n}\n\n#uc_zoom_caption_reveal_content_box_elementor_5a9dcda .ue-link\n{\n  display:block;\n  position:absolute;\n  left:0;\n  right:0;\n  bottom:0;\n  top:0;\n}\n\n#uc_zoom_caption_reveal_content_box_elementor_5a9dcda .image-caption-reveal-on-hover\n{\n\n  width:100%;\n  background-color:lightgray;\n  transition:0.5s;\n  background-image:url(https:\/\/www.omch.com\/wp-content\/uploads\/2025\/06\/C05.webp);\n  background-size:cover;\n  background-position:top center;\n  position:absolute;\n  top:0;\n  left:0;\n  bottom:0;\n  right:0;\n}\n\n#uc_zoom_caption_reveal_content_box_elementor_5a9dcda:hover .image-caption-reveal-on-hover\n{\n transform:scale(1.1,1.1);\n}\n\n#uc_zoom_caption_reveal_content_box_elementor_5a9dcda .icroh-caption\n{\n  position:absolute;\n  top:0px;\n  transition:0.5s;\n  color:white;\n  width:100%;\n  background-color:;\n}\n\n#uc_zoom_caption_reveal_content_box_elementor_5a9dcda:hover .icroh-caption\n{\n  background-color:#00000000;\n}\n\n.icroh-title\n{\n  font-size:18px;\n}\n\n#uc_zoom_caption_reveal_content_box_elementor_5a9dcda .icroh-text\n{\n  display:none;\n}\n\n<\/style>\n\n<div id=\"uc_zoom_caption_reveal_content_box_elementor_5a9dcda\" class=\"zoom_caption_reveal_content_box\">\n  <div class=\"image-caption-reveal-on-hover\">\n  <\/div>\n  \n    <div class=\"icroh-caption\">\n      <div class=\"icroh-title\"><\/div>\n      <div class=\"icroh-text\">\n        \n      <\/div>\n    <\/div>\n  \n  \n\t\n\n  \n  \n<\/div>\n<!-- end Caption Reveal Content Box -->\t\t\t\t<\/div>\n\t\t\t\t<\/div>\n\t\t\t\t<\/div>\n\t\t<div class=\"elementor-element elementor-element-6b11b33 e-con-full e-flex e-con e-child\" data-id=\"6b11b33\" data-element_type=\"container\">\n\t\t\t\t<div class=\"elementor-element elementor-element-3f498d3 elementor-widget elementor-widget-heading\" data-id=\"3f498d3\" data-element_type=\"widget\" data-widget_type=\"heading.default\">\n\t\t\t\t<div class=\"elementor-widget-container\">\n\t\t\t\t\t<h2 class=\"elementor-heading-title elementor-size-default\">Notre support technique<\/h2>\t\t\t\t<\/div>\n\t\t\t\t<\/div>\n\t\t\t\t<div class=\"elementor-element elementor-element-0c15963 elementor-widget elementor-widget-text-editor\" data-id=\"0c15963\" data-element_type=\"widget\" data-widget_type=\"text-editor.default\">\n\t\t\t\t<div class=\"elementor-widget-container\">\n\t\t\t\t\t\t\t\t\t<div data-page-id=\"PghpdN5LmooCtXxY9b1cULqdnDc\" data-lark-html-role=\"root\" data-docx-has-block-data=\"false\"><div class=\"ace-line ace-line old-record-id-ThbfdK289oXEtMxmT10c3bJRnug\">Nous sommes l\u00e0 pour vous offrir une assistance technique compl\u00e8te. Notre \u00e9quipe d'ing\u00e9nieurs est toujours pr\u00eate \u00e0 fournir des r\u00e9parations rapides et une assistance technique d\u00e9taill\u00e9e. Nous fournissons \u00e9galement des rapports d'essai et de la documentation technique pour vous aider \u00e0 prendre des d\u00e9cisions \u00e9clair\u00e9es.<\/div><\/div>\t\t\t\t\t\t\t\t<\/div>\n\t\t\t\t<\/div>\n\t\t\t\t<div class=\"elementor-element elementor-element-416d086 elementor-align-left elementor-widget elementor-widget-button\" data-id=\"416d086\" data-element_type=\"widget\" data-widget_type=\"button.default\">\n\t\t\t\t<div class=\"elementor-widget-container\">\n\t\t\t\t\t\t\t\t\t<div class=\"elementor-button-wrapper\">\n\t\t\t\t\t<a class=\"elementor-button elementor-button-link elementor-size-sm\" href=\"#elementor-action%3Aaction%3Dpopup%3Aopen%26settings%3DeyJpZCI6IjI1MzUiLCJ0b2dnbGUiOmZhbHNlfQ%3D%3D\">\n\t\t\t\t\t\t<span class=\"elementor-button-content-wrapper\">\n\t\t\t\t\t\t\t\t\t<span class=\"elementor-button-text\">Obtenez votre soutien<\/span>\n\t\t\t\t\t<\/span>\n\t\t\t\t\t<\/a>\n\t\t\t\t<\/div>\n\t\t\t\t\t\t\t\t<\/div>\n\t\t\t\t<\/div>\n\t\t\t\t<\/div>\n\t\t\t\t\t<\/div>\n\t\t\t\t<\/div>\n\t\t<div class=\"elementor-element elementor-element-54a0396 e-flex e-con-boxed e-con e-parent\" data-id=\"54a0396\" data-element_type=\"container\">\n\t\t\t\t\t<div class=\"e-con-inner\">\n\t\t<div class=\"elementor-element elementor-element-b080b6c e-con-full e-flex e-con e-child\" data-id=\"b080b6c\" data-element_type=\"container\">\n\t\t\t\t<div class=\"elementor-element elementor-element-a0e7e68 elementor-widget elementor-widget-heading\" data-id=\"a0e7e68\" data-element_type=\"widget\" data-widget_type=\"heading.default\">\n\t\t\t\t<div class=\"elementor-widget-container\">\n\t\t\t\t\t<h2 class=\"elementor-heading-title elementor-size-default\">Un service apr\u00e8s-vente professionnel<\/h2>\t\t\t\t<\/div>\n\t\t\t\t<\/div>\n\t\t\t\t<div class=\"elementor-element elementor-element-db04142 elementor-widget elementor-widget-text-editor\" data-id=\"db04142\" data-element_type=\"widget\" data-widget_type=\"text-editor.default\">\n\t\t\t\t<div class=\"elementor-widget-container\">\n\t\t\t\t\t\t\t\t\t<p>Chez Omch, nous offrons une garantie d'un an et, si le probl\u00e8me est de notre fait, nous nous engageons \u00e0 le r\u00e9soudre en vous offrant une compensation. En cas de probl\u00e8me, nous vous aidons activement \u00e0 le r\u00e9soudre, nous vous fournissons les rapports de test pertinents et nous prenons les mesures n\u00e9cessaires pour optimiser et rectifier les produits afin de garantir votre satisfaction.<\/p><p>En outre, nous proposons des services de traitement secondaire, notamment l'usinage CNC, la peinture et d'autres am\u00e9liorations destin\u00e9es \u00e0 rehausser l'aspect et la fonctionnalit\u00e9 de vos produits, ce qui leur permet de se d\u00e9marquer sur le march\u00e9.<\/p>\t\t\t\t\t\t\t\t<\/div>\n\t\t\t\t<\/div>\n\t\t\t\t<\/div>\n\t\t<div class=\"elementor-element elementor-element-d391706 e-con-full e-flex e-con e-child\" data-id=\"d391706\" data-element_type=\"container\" data-settings=\"{&quot;background_background&quot;:&quot;classic&quot;}\">\n\t\t\t\t<\/div>\n\t\t\t\t\t<\/div>\n\t\t\t\t<\/div>\n\t\t<div class=\"elementor-element elementor-element-e1f2d4d e-con-full e-flex e-con e-parent\" data-id=\"e1f2d4d\" data-element_type=\"container\">\n\t\t\t\t<div class=\"elementor-element elementor-element-fe5d82b elementor-widget elementor-widget-template\" data-id=\"fe5d82b\" data-element_type=\"widget\" data-widget_type=\"template.default\">\n\t\t\t\t<div class=\"elementor-widget-container\">\n\t\t\t\t\t\t\t<div class=\"elementor-template\">\n\t\t\t\t\t<div data-elementor-type=\"container\" data-elementor-id=\"1163\" class=\"elementor elementor-1163\" data-elementor-post-type=\"elementor_library\">\n\t\t\t\t<div class=\"elementor-element elementor-element-25fb23f6 e-flex e-con-boxed e-con e-parent\" data-id=\"25fb23f6\" data-element_type=\"container\" data-settings=\"{&quot;background_background&quot;:&quot;classic&quot;}\">\n\t\t\t\t\t<div class=\"e-con-inner\">\n\t\t\t\t<div class=\"elementor-element elementor-element-447db66 elementor-widget elementor-widget-heading\" data-id=\"447db66\" data-element_type=\"widget\" data-widget_type=\"heading.default\">\n\t\t\t\t<div class=\"elementor-widget-container\">\n\t\t\t\t\t<h3 class=\"elementor-heading-title elementor-size-default\">Automatisation industrielle fiable, nous assurons votre fonctionnement !<\/h3>\t\t\t\t<\/div>\n\t\t\t\t<\/div>\n\t\t\t\t<div class=\"elementor-element elementor-element-58f026d elementor-align-center elementor-widget elementor-widget-button\" data-id=\"58f026d\" data-element_type=\"widget\" data-widget_type=\"button.default\">\n\t\t\t\t<div class=\"elementor-widget-container\">\n\t\t\t\t\t\t\t\t\t<div class=\"elementor-button-wrapper\">\n\t\t\t\t\t<a class=\"elementor-button elementor-button-link elementor-size-sm\" href=\"#elementor-action%3Aaction%3Dpopup%3Aopen%26settings%3DeyJpZCI6IjI1MzUiLCJ0b2dnbGUiOmZhbHNlfQ%3D%3D\">\n\t\t\t\t\t\t<span class=\"elementor-button-content-wrapper\">\n\t\t\t\t\t\t\t\t\t<span class=\"elementor-button-text\">CONTACTEZ-NOUS<\/span>\n\t\t\t\t\t<\/span>\n\t\t\t\t\t<\/a>\n\t\t\t\t<\/div>\n\t\t\t\t\t\t\t\t<\/div>\n\t\t\t\t<\/div>\n\t\t\t\t\t<\/div>\n\t\t\t\t<\/div>\n\t\t\t\t<\/div>\n\t\t\t\t<\/div>\n\t\t\t\t\t\t<\/div>\n\t\t\t\t<\/div>\n\t\t\t\t<\/div>\n\t\t\t\t<\/div>","protected":false},"excerpt":{"rendered":"<p>Support technique et apr\u00e8s-vente Accueil N'h\u00e9sitez pas \u00e0 nous contacter \u00e0 tout moment Si vous avez des questions ou si vous avez besoin d'aide, n'h\u00e9sitez pas \u00e0 nous contacter. Nous sommes l\u00e0 pour vous 24 heures sur 24, 7 jours sur 7, pr\u00eats \u00e0 vous aider, qu'il s'agisse d'une question sur un produit ou d'une question d'assistance technique. Contactez-nous d\u00e8s maintenant Notre support technique Nous sommes l\u00e0 pour vous offrir un support technique complet. Notre [...]<\/p>","protected":false},"author":4,"featured_media":0,"parent":0,"menu_order":0,"comment_status":"closed","ping_status":"closed","template":"elementor_header_footer","meta":{"_acf_changed":false,"_seopress_robots_primary_cat":"","_seopress_titles_title":"Reliable Technical & After-sales Service | Omch","_seopress_titles_desc":"Get 24\/7 expert support from Omch for your industrial automation needs. We offer immediate help, technical expertise, repairs, and full documentation.","_seopress_robots_index":"","footnotes":""},"class_list":["post-250","page","type-page","status-publish","hentry"],"acf":[],"_links":{"self":[{"href":"https:\/\/www.omch.com\/fr\/wp-json\/wp\/v2\/pages\/250","targetHints":{"allow":["GET"]}}],"collection":[{"href":"https:\/\/www.omch.com\/fr\/wp-json\/wp\/v2\/pages"}],"about":[{"href":"https:\/\/www.omch.com\/fr\/wp-json\/wp\/v2\/types\/page"}],"author":[{"embeddable":true,"href":"https:\/\/www.omch.com\/fr\/wp-json\/wp\/v2\/users\/4"}],"replies":[{"embeddable":true,"href":"https:\/\/www.omch.com\/fr\/wp-json\/wp\/v2\/comments?post=250"}],"version-history":[{"count":3,"href":"https:\/\/www.omch.com\/fr\/wp-json\/wp\/v2\/pages\/250\/revisions"}],"predecessor-version":[{"id":5566,"href":"https:\/\/www.omch.com\/fr\/wp-json\/wp\/v2\/pages\/250\/revisions\/5566"}],"wp:attachment":[{"href":"https:\/\/www.omch.com\/fr\/wp-json\/wp\/v2\/media?parent=250"}],"curies":[{"name":"wp","href":"https:\/\/api.w.org\/{rel}","templated":true}]}}