{"id":272,"date":"2024-12-10T07:49:48","date_gmt":"2024-12-10T07:49:48","guid":{"rendered":"https:\/\/omch.com\/?page_id=272"},"modified":"2025-04-21T06:06:56","modified_gmt":"2025-04-21T06:06:56","slug":"faqs","status":"publish","type":"page","link":"https:\/\/www.omch.com\/es\/faqs\/","title":{"rendered":"Preguntas frecuentes"},"content":{"rendered":"<div data-elementor-type=\"wp-page\" data-elementor-id=\"272\" class=\"elementor elementor-272\" data-elementor-settings=\"{&quot;element_pack_global_tooltip_width&quot;:{&quot;unit&quot;:&quot;px&quot;,&quot;size&quot;:&quot;&quot;,&quot;sizes&quot;:[]},&quot;element_pack_global_tooltip_width_tablet&quot;:{&quot;unit&quot;:&quot;px&quot;,&quot;size&quot;:&quot;&quot;,&quot;sizes&quot;:[]},&quot;element_pack_global_tooltip_width_mobile&quot;:{&quot;unit&quot;:&quot;px&quot;,&quot;size&quot;:&quot;&quot;,&quot;sizes&quot;:[]},&quot;element_pack_global_tooltip_padding&quot;:{&quot;unit&quot;:&quot;px&quot;,&quot;top&quot;:&quot;&quot;,&quot;right&quot;:&quot;&quot;,&quot;bottom&quot;:&quot;&quot;,&quot;left&quot;:&quot;&quot;,&quot;isLinked&quot;:true},&quot;element_pack_global_tooltip_padding_tablet&quot;:{&quot;unit&quot;:&quot;px&quot;,&quot;top&quot;:&quot;&quot;,&quot;right&quot;:&quot;&quot;,&quot;bottom&quot;:&quot;&quot;,&quot;left&quot;:&quot;&quot;,&quot;isLinked&quot;:true},&quot;element_pack_global_tooltip_padding_mobile&quot;:{&quot;unit&quot;:&quot;px&quot;,&quot;top&quot;:&quot;&quot;,&quot;right&quot;:&quot;&quot;,&quot;bottom&quot;:&quot;&quot;,&quot;left&quot;:&quot;&quot;,&quot;isLinked&quot;:true},&quot;element_pack_global_tooltip_border_radius&quot;:{&quot;unit&quot;:&quot;px&quot;,&quot;top&quot;:&quot;&quot;,&quot;right&quot;:&quot;&quot;,&quot;bottom&quot;:&quot;&quot;,&quot;left&quot;:&quot;&quot;,&quot;isLinked&quot;:true},&quot;element_pack_global_tooltip_border_radius_tablet&quot;:{&quot;unit&quot;:&quot;px&quot;,&quot;top&quot;:&quot;&quot;,&quot;right&quot;:&quot;&quot;,&quot;bottom&quot;:&quot;&quot;,&quot;left&quot;:&quot;&quot;,&quot;isLinked&quot;:true},&quot;element_pack_global_tooltip_border_radius_mobile&quot;:{&quot;unit&quot;:&quot;px&quot;,&quot;top&quot;:&quot;&quot;,&quot;right&quot;:&quot;&quot;,&quot;bottom&quot;:&quot;&quot;,&quot;left&quot;:&quot;&quot;,&quot;isLinked&quot;:true}}\" data-elementor-post-type=\"page\">\n\t\t\t\t<div class=\"elementor-element elementor-element-cd3a939 e-flex e-con-boxed e-con e-parent\" data-id=\"cd3a939\" data-element_type=\"container\" data-settings=\"{&quot;background_background&quot;:&quot;classic&quot;}\">\n\t\t\t\t\t<div class=\"e-con-inner\">\n\t\t\t\t<div class=\"elementor-element elementor-element-2f85163 elementor-widget elementor-widget-heading\" data-id=\"2f85163\" data-element_type=\"widget\" data-widget_type=\"heading.default\">\n\t\t\t\t<div class=\"elementor-widget-container\">\n\t\t\t\t\t<h1 class=\"elementor-heading-title elementor-size-default\">Faqs<\/h1>\t\t\t\t<\/div>\n\t\t\t\t<\/div>\n\t\t\t\t<div class=\"elementor-element elementor-element-6d34871 elementor-widget elementor-widget-pp-breadcrumbs\" data-id=\"6d34871\" data-element_type=\"widget\" data-settings=\"{&quot;breadcrumbs_type&quot;:&quot;powerpack&quot;}\" data-widget_type=\"pp-breadcrumbs.default\">\n\t\t\t\t<div class=\"elementor-widget-container\">\n\t\t\t\t\t<ul class=\"pp-breadcrumbs pp-breadcrumbs-powerpack\">\t\t<li class=\"pp-breadcrumbs-item pp-breadcrumbs-item-home\">\n\t\t\t<a class=\"pp-breadcrumbs-crumb pp-breadcrumbs-crumb-link pp-breadcrumbs-crumb-home\" href=\"https:\/\/www.omch.com\/es\" title=\"Inicio\">\n\t\t\t\t<span class=\"pp-breadcrumbs-text\">\n\t\t\t\t\t\t\t\t\t\tInicio\t\t\t\t<\/span>\n\t\t\t<\/a>\n\t\t<\/li>\n\t\t<li class=\"pp-breadcrumbs-separator\">\t\t\t\t<span class='pp-separator-icon pp-icon'>\n\t\t\t\t\t<i aria-hidden=\"true\" class=\"fas fa-angle-right\"><\/i>\t\t\t\t<\/span>\n\t\t\t\t<\/li><\/ul>\t\t\t\t<\/div>\n\t\t\t\t<\/div>\n\t\t\t\t\t<\/div>\n\t\t\t\t<\/div>\n\t\t<div class=\"elementor-element elementor-element-38117d8 e-flex e-con-boxed e-con e-parent\" data-id=\"38117d8\" data-element_type=\"container\">\n\t\t\t\t\t<div class=\"e-con-inner\">\n\t\t\t\t<div class=\"elementor-element elementor-element-7d81335 elementor-widget elementor-widget-pp-faq\" data-id=\"7d81335\" data-element_type=\"widget\" data-settings=\"{&quot;faq_layout&quot;:&quot;accordion&quot;,&quot;accordion_type&quot;:&quot;accordion&quot;,&quot;toggle_speed&quot;:300}\" data-widget_type=\"pp-faq.default\">\n\t\t\t\t<div class=\"elementor-widget-container\">\n\t\t\t\t\t\t\t<div class=\"pp-faqs pp-advanced-accordion pp-toggle-icon-align-right\" id=\"pp-advanced-accordion-7d81335\" data-accordion-id=\"7d81335\">\n\t\t\t\t\t\t<div class=\"pp-faq-item elementor-grid-item pp-accordion-item\">\n\t\t\t\t<div id=\"pp-accordion-tab-title-1311\" class=\"pp-faq-question pp-accordion-tab-title\" tabindex=\"0\" data-tab=\"1\">\n\t\t\t\t\t<div class=\"pp-accordion-title-icon\">\n\t\t\t\t\t\t\t\t\t\t\t\t\t<span class=\"pp-accordion-tab-icon pp-icon\">\n\t\t\t\t\t\t\t<i aria-hidden=\"true\" class=\"fas fa-caret-right\"><\/i>\t\t\t\t\t\t\t<\/span>\n\t\t\t\t\t\t\t\t\t\t\t\t\t\t\t\t\t\t<div class=\"pp-accordion-title-text\">\n\t\t\t\t\t\t\t\u00bfQu\u00e9 ofrecemos?\t\t\t\t\t\t<\/div>\n\t\t\t\t\t<\/div>\n\t\t\t\t\t\t\t\t\t\t\t<div class=\"pp-accordion-toggle-icon\">\n\t\t\t\t\t\t\t\t\t\t\t\t\t\t\t<span class='pp-accordion-toggle-icon-close pp-icon'>\n\t\t\t\t\t\t\t\t\t<i aria-hidden=\"true\" class=\"fas fa-plus\"><\/i>\t\t\t\t\t\t\t\t<\/span>\n\t\t\t\t\t\t\t\t\t\t\t\t\t\t\t\t\t\t\t\t\t\t<span class='pp-accordion-toggle-icon-open pp-icon'>\n\t\t\t\t\t\t\t\t\t<i aria-hidden=\"true\" class=\"fas fa-minus\"><\/i>\t\t\t\t\t\t\t\t<\/span>\n\t\t\t\t\t\t\t\t\t\t\t\t\t<\/div>\n\t\t\t\t\t\t\t\t\t<\/div>\n\n\t\t\t\t<div id=\"pp-accordion-tab-content-1311\" class=\"pp-faq-answer pp-accordion-tab-content\" data-tab=\"1\">\n\t\t\t\t\t<div data-page-id=\"Sk3Od3KbaooyO8xqnuUcr2N8nVj\" data-lark-html-role=\"root\" data-docx-has-block-data=\"false\">\n<div class=\"ace-line ace-line old-record-id-VTDpdKpQYoQ2YmxADZjc0z0LnTd\">Ofrecemos una amplia gama de equipos el\u00e9ctricos de baja tensi\u00f3n, componentes de control industrial, sistemas neum\u00e1ticos, conectores y herramientas de hardware para diversas aplicaciones de automatizaci\u00f3n.<\/div>\n<\/div>\n\t\t\t\t<\/div>\n\t\t\t<\/div>\n\t\t\t\t\t\t<div class=\"pp-faq-item elementor-grid-item pp-accordion-item\">\n\t\t\t\t<div id=\"pp-accordion-tab-title-1312\" class=\"pp-faq-question pp-accordion-tab-title\" tabindex=\"0\" data-tab=\"2\">\n\t\t\t\t\t<div class=\"pp-accordion-title-icon\">\n\t\t\t\t\t\t\t\t\t\t\t\t\t<span class=\"pp-accordion-tab-icon pp-icon\">\n\t\t\t\t\t\t\t<i aria-hidden=\"true\" class=\"fas fa-caret-right\"><\/i>\t\t\t\t\t\t\t<\/span>\n\t\t\t\t\t\t\t\t\t\t\t\t\t\t\t\t\t\t<div class=\"pp-accordion-title-text\">\n\t\t\t\t\t\t\t\u00bfPuedo personalizar productos?\t\t\t\t\t\t<\/div>\n\t\t\t\t\t<\/div>\n\t\t\t\t\t\t\t\t\t\t\t<div class=\"pp-accordion-toggle-icon\">\n\t\t\t\t\t\t\t\t\t\t\t\t\t\t\t<span class='pp-accordion-toggle-icon-close pp-icon'>\n\t\t\t\t\t\t\t\t\t<i aria-hidden=\"true\" class=\"fas fa-plus\"><\/i>\t\t\t\t\t\t\t\t<\/span>\n\t\t\t\t\t\t\t\t\t\t\t\t\t\t\t\t\t\t\t\t\t\t<span class='pp-accordion-toggle-icon-open pp-icon'>\n\t\t\t\t\t\t\t\t\t<i aria-hidden=\"true\" class=\"fas fa-minus\"><\/i>\t\t\t\t\t\t\t\t<\/span>\n\t\t\t\t\t\t\t\t\t\t\t\t\t<\/div>\n\t\t\t\t\t\t\t\t\t<\/div>\n\n\t\t\t\t<div id=\"pp-accordion-tab-content-1312\" class=\"pp-faq-answer pp-accordion-tab-content\" data-tab=\"2\">\n\t\t\t\t\t<div data-page-id=\"Sk3Od3KbaooyO8xqnuUcr2N8nVj\" data-lark-html-role=\"root\" data-docx-has-block-data=\"false\">\n<div class=\"ace-line ace-line old-record-id-JyyFdPuu4opzS2x0TUxcb2Bjn5d\">S\u00ed, ofrecemos soluciones personalizadas para satisfacer requisitos espec\u00edficos de los productos, como la longitud de los cables, los tipos de conectores y los tama\u00f1os de los tubos met\u00e1licos.<\/div>\n<\/div>\n\t\t\t\t<\/div>\n\t\t\t<\/div>\n\t\t\t\t\t\t<div class=\"pp-faq-item elementor-grid-item pp-accordion-item\">\n\t\t\t\t<div id=\"pp-accordion-tab-title-1313\" class=\"pp-faq-question pp-accordion-tab-title\" tabindex=\"0\" data-tab=\"3\">\n\t\t\t\t\t<div class=\"pp-accordion-title-icon\">\n\t\t\t\t\t\t\t\t\t\t\t\t\t<span class=\"pp-accordion-tab-icon pp-icon\">\n\t\t\t\t\t\t\t<i aria-hidden=\"true\" class=\"fas fa-caret-right\"><\/i>\t\t\t\t\t\t\t<\/span>\n\t\t\t\t\t\t\t\t\t\t\t\t\t\t\t\t\t\t<div class=\"pp-accordion-title-text\">\n\t\t\t\t\t\t\t\u00bfC\u00f3mo garantizar la calidad de los productos de origen?\t\t\t\t\t\t<\/div>\n\t\t\t\t\t<\/div>\n\t\t\t\t\t\t\t\t\t\t\t<div class=\"pp-accordion-toggle-icon\">\n\t\t\t\t\t\t\t\t\t\t\t\t\t\t\t<span class='pp-accordion-toggle-icon-close pp-icon'>\n\t\t\t\t\t\t\t\t\t<i aria-hidden=\"true\" class=\"fas fa-plus\"><\/i>\t\t\t\t\t\t\t\t<\/span>\n\t\t\t\t\t\t\t\t\t\t\t\t\t\t\t\t\t\t\t\t\t\t<span class='pp-accordion-toggle-icon-open pp-icon'>\n\t\t\t\t\t\t\t\t\t<i aria-hidden=\"true\" class=\"fas fa-minus\"><\/i>\t\t\t\t\t\t\t\t<\/span>\n\t\t\t\t\t\t\t\t\t\t\t\t\t<\/div>\n\t\t\t\t\t\t\t\t\t<\/div>\n\n\t\t\t\t<div id=\"pp-accordion-tab-content-1313\" class=\"pp-faq-answer pp-accordion-tab-content\" data-tab=\"3\">\n\t\t\t\t\t<div data-page-id=\"Sk3Od3KbaooyO8xqnuUcr2N8nVj\" data-lark-html-role=\"root\" data-docx-has-block-data=\"false\">\n<div class=\"ace-line ace-line old-record-id-JyyFdPuu4opzS2x0TUxcb2Bjn5d\">Nos aseguramos de que todos los productos, ya sean de fabricaci\u00f3n propia o de proveedores, pasen por nuestro estricto proceso de control de calidad. A la hora de elegir proveedores, contamos con nuestro propio conjunto de normas para asegurarnos de ofrecer siempre los mejores productos y servicios a nuestros clientes.<\/div>\n<\/div>\n\t\t\t\t<\/div>\n\t\t\t<\/div>\n\t\t\t\t\t\t<div class=\"pp-faq-item elementor-grid-item pp-accordion-item\">\n\t\t\t\t<div id=\"pp-accordion-tab-title-1314\" class=\"pp-faq-question pp-accordion-tab-title\" tabindex=\"0\" data-tab=\"4\">\n\t\t\t\t\t<div class=\"pp-accordion-title-icon\">\n\t\t\t\t\t\t\t\t\t\t\t\t\t<span class=\"pp-accordion-tab-icon pp-icon\">\n\t\t\t\t\t\t\t<i aria-hidden=\"true\" class=\"fas fa-caret-right\"><\/i>\t\t\t\t\t\t\t<\/span>\n\t\t\t\t\t\t\t\t\t\t\t\t\t\t\t\t\t\t<div class=\"pp-accordion-title-text\">\n\t\t\t\t\t\t\t\u00bfPuedo obtener muestras?\t\t\t\t\t\t<\/div>\n\t\t\t\t\t<\/div>\n\t\t\t\t\t\t\t\t\t\t\t<div class=\"pp-accordion-toggle-icon\">\n\t\t\t\t\t\t\t\t\t\t\t\t\t\t\t<span class='pp-accordion-toggle-icon-close pp-icon'>\n\t\t\t\t\t\t\t\t\t<i aria-hidden=\"true\" class=\"fas fa-plus\"><\/i>\t\t\t\t\t\t\t\t<\/span>\n\t\t\t\t\t\t\t\t\t\t\t\t\t\t\t\t\t\t\t\t\t\t<span class='pp-accordion-toggle-icon-open pp-icon'>\n\t\t\t\t\t\t\t\t\t<i aria-hidden=\"true\" class=\"fas fa-minus\"><\/i>\t\t\t\t\t\t\t\t<\/span>\n\t\t\t\t\t\t\t\t\t\t\t\t\t<\/div>\n\t\t\t\t\t\t\t\t\t<\/div>\n\n\t\t\t\t<div id=\"pp-accordion-tab-content-1314\" class=\"pp-faq-answer pp-accordion-tab-content\" data-tab=\"4\">\n\t\t\t\t\t<div data-page-id=\"Sk3Od3KbaooyO8xqnuUcr2N8nVj\" data-lark-html-role=\"root\" data-docx-has-block-data=\"false\">\n<div class=\"ace-line ace-line old-record-id-Y8CBdVfcGolUPYxoWyTcnax9nmg\">S\u00ed, proporcionamos muestras en funci\u00f3n del valor del pedido. Los gastos de env\u00edo suelen correr a cargo del cliente.<\/div>\n<\/div>\n\t\t\t\t<\/div>\n\t\t\t<\/div>\n\t\t\t\t\t\t<div class=\"pp-faq-item elementor-grid-item pp-accordion-item\">\n\t\t\t\t<div id=\"pp-accordion-tab-title-1315\" class=\"pp-faq-question pp-accordion-tab-title\" tabindex=\"0\" data-tab=\"5\">\n\t\t\t\t\t<div class=\"pp-accordion-title-icon\">\n\t\t\t\t\t\t\t\t\t\t\t\t\t<span class=\"pp-accordion-tab-icon pp-icon\">\n\t\t\t\t\t\t\t<i aria-hidden=\"true\" class=\"fas fa-caret-right\"><\/i>\t\t\t\t\t\t\t<\/span>\n\t\t\t\t\t\t\t\t\t\t\t\t\t\t\t\t\t\t<div class=\"pp-accordion-title-text\">\n\t\t\t\t\t\t\t\u00bfC\u00f3mo puedo hacer un pedido a Omch?\t\t\t\t\t\t<\/div>\n\t\t\t\t\t<\/div>\n\t\t\t\t\t\t\t\t\t\t\t<div class=\"pp-accordion-toggle-icon\">\n\t\t\t\t\t\t\t\t\t\t\t\t\t\t\t<span class='pp-accordion-toggle-icon-close pp-icon'>\n\t\t\t\t\t\t\t\t\t<i aria-hidden=\"true\" class=\"fas fa-plus\"><\/i>\t\t\t\t\t\t\t\t<\/span>\n\t\t\t\t\t\t\t\t\t\t\t\t\t\t\t\t\t\t\t\t\t\t<span class='pp-accordion-toggle-icon-open pp-icon'>\n\t\t\t\t\t\t\t\t\t<i aria-hidden=\"true\" class=\"fas fa-minus\"><\/i>\t\t\t\t\t\t\t\t<\/span>\n\t\t\t\t\t\t\t\t\t\t\t\t\t<\/div>\n\t\t\t\t\t\t\t\t\t<\/div>\n\n\t\t\t\t<div id=\"pp-accordion-tab-content-1315\" class=\"pp-faq-answer pp-accordion-tab-content\" data-tab=\"5\">\n\t\t\t\t\t<div data-page-id=\"Sk3Od3KbaooyO8xqnuUcr2N8nVj\" data-lark-html-role=\"root\" data-docx-has-block-data=\"false\">\n<div class=\"ace-line ace-line old-record-id-Y8CBdVfcGolUPYxoWyTcnax9nmg\">\n<div data-page-id=\"Sk3Od3KbaooyO8xqnuUcr2N8nVj\" data-lark-html-role=\"root\" data-docx-has-block-data=\"false\">\n<div class=\"ace-line ace-line old-record-id-WWQfdTlcSoIgIUxyQ59csm3ynLf\">Los pedidos pueden realizarse directamente a trav\u00e9s de nuestro sitio web o poni\u00e9ndose en contacto con nuestro equipo de ventas para pedidos al por mayor o personalizados.<\/div>\n<\/div>\n<\/div>\n<\/div>\n\t\t\t\t<\/div>\n\t\t\t<\/div>\n\t\t\t\t\t\t<div class=\"pp-faq-item elementor-grid-item pp-accordion-item\">\n\t\t\t\t<div id=\"pp-accordion-tab-title-1316\" class=\"pp-faq-question pp-accordion-tab-title\" tabindex=\"0\" data-tab=\"6\">\n\t\t\t\t\t<div class=\"pp-accordion-title-icon\">\n\t\t\t\t\t\t\t\t\t\t\t\t\t<span class=\"pp-accordion-tab-icon pp-icon\">\n\t\t\t\t\t\t\t<i aria-hidden=\"true\" class=\"fas fa-caret-right\"><\/i>\t\t\t\t\t\t\t<\/span>\n\t\t\t\t\t\t\t\t\t\t\t\t\t\t\t\t\t\t<div class=\"pp-accordion-title-text\">\n\t\t\t\t\t\t\t\u00bfC\u00f3mo pagar?\t\t\t\t\t\t<\/div>\n\t\t\t\t\t<\/div>\n\t\t\t\t\t\t\t\t\t\t\t<div class=\"pp-accordion-toggle-icon\">\n\t\t\t\t\t\t\t\t\t\t\t\t\t\t\t<span class='pp-accordion-toggle-icon-close pp-icon'>\n\t\t\t\t\t\t\t\t\t<i aria-hidden=\"true\" class=\"fas fa-plus\"><\/i>\t\t\t\t\t\t\t\t<\/span>\n\t\t\t\t\t\t\t\t\t\t\t\t\t\t\t\t\t\t\t\t\t\t<span class='pp-accordion-toggle-icon-open pp-icon'>\n\t\t\t\t\t\t\t\t\t<i aria-hidden=\"true\" class=\"fas fa-minus\"><\/i>\t\t\t\t\t\t\t\t<\/span>\n\t\t\t\t\t\t\t\t\t\t\t\t\t<\/div>\n\t\t\t\t\t\t\t\t\t<\/div>\n\n\t\t\t\t<div id=\"pp-accordion-tab-content-1316\" class=\"pp-faq-answer pp-accordion-tab-content\" data-tab=\"6\">\n\t\t\t\t\t<div data-page-id=\"Sk3Od3KbaooyO8xqnuUcr2N8nVj\" data-lark-html-role=\"root\" data-docx-has-block-data=\"false\">\n<div class=\"ace-line ace-line old-record-id-Y8CBdVfcGolUPYxoWyTcnax9nmg\">\n<div data-page-id=\"Sk3Od3KbaooyO8xqnuUcr2N8nVj\" data-lark-html-role=\"root\" data-docx-has-block-data=\"false\">\n<div class=\"ace-line ace-line old-record-id-WWQfdTlcSoIgIUxyQ59csm3ynLf\">\n<div data-page-id=\"Sk3Od3KbaooyO8xqnuUcr2N8nVj\" data-lark-html-role=\"root\" data-docx-has-block-data=\"false\">\n<div class=\"ace-line ace-line old-record-id-PiehdUmAvooH8CxlQ56ckmqKnnf\">Aceptamos transferencias bancarias, pagos con tarjeta de cr\u00e9dito y m\u00e9todos de pago seguros en l\u00ednea.<\/div>\n<\/div>\n<\/div>\n<\/div>\n<\/div>\n<\/div>\n\t\t\t\t<\/div>\n\t\t\t<\/div>\n\t\t\t\t\t\t<div class=\"pp-faq-item elementor-grid-item pp-accordion-item\">\n\t\t\t\t<div id=\"pp-accordion-tab-title-1317\" class=\"pp-faq-question pp-accordion-tab-title\" tabindex=\"0\" data-tab=\"7\">\n\t\t\t\t\t<div class=\"pp-accordion-title-icon\">\n\t\t\t\t\t\t\t\t\t\t\t\t\t<span class=\"pp-accordion-tab-icon pp-icon\">\n\t\t\t\t\t\t\t<i aria-hidden=\"true\" class=\"fas fa-caret-right\"><\/i>\t\t\t\t\t\t\t<\/span>\n\t\t\t\t\t\t\t\t\t\t\t\t\t\t\t\t\t\t<div class=\"pp-accordion-title-text\">\n\t\t\t\t\t\t\t\u00bfCu\u00e1l es el plazo de entrega habitual de los pedidos?\t\t\t\t\t\t<\/div>\n\t\t\t\t\t<\/div>\n\t\t\t\t\t\t\t\t\t\t\t<div class=\"pp-accordion-toggle-icon\">\n\t\t\t\t\t\t\t\t\t\t\t\t\t\t\t<span class='pp-accordion-toggle-icon-close pp-icon'>\n\t\t\t\t\t\t\t\t\t<i aria-hidden=\"true\" class=\"fas fa-plus\"><\/i>\t\t\t\t\t\t\t\t<\/span>\n\t\t\t\t\t\t\t\t\t\t\t\t\t\t\t\t\t\t\t\t\t\t<span class='pp-accordion-toggle-icon-open pp-icon'>\n\t\t\t\t\t\t\t\t\t<i aria-hidden=\"true\" class=\"fas fa-minus\"><\/i>\t\t\t\t\t\t\t\t<\/span>\n\t\t\t\t\t\t\t\t\t\t\t\t\t<\/div>\n\t\t\t\t\t\t\t\t\t<\/div>\n\n\t\t\t\t<div id=\"pp-accordion-tab-content-1317\" class=\"pp-faq-answer pp-accordion-tab-content\" data-tab=\"7\">\n\t\t\t\t\t<div data-page-id=\"Sk3Od3KbaooyO8xqnuUcr2N8nVj\" data-lark-html-role=\"root\" data-docx-has-block-data=\"false\">\n<div class=\"ace-line ace-line old-record-id-Y8CBdVfcGolUPYxoWyTcnax9nmg\">\n<div data-page-id=\"Sk3Od3KbaooyO8xqnuUcr2N8nVj\" data-lark-html-role=\"root\" data-docx-has-block-data=\"false\">\n<div class=\"ace-line ace-line old-record-id-WWQfdTlcSoIgIUxyQ59csm3ynLf\">\n<div data-page-id=\"Sk3Od3KbaooyO8xqnuUcr2N8nVj\" data-lark-html-role=\"root\" data-docx-has-block-data=\"false\">\n<div class=\"ace-line ace-line old-record-id-PiehdUmAvooH8CxlQ56ckmqKnnf\">\n<div data-page-id=\"Sk3Od3KbaooyO8xqnuUcr2N8nVj\" data-lark-html-role=\"root\" data-docx-has-block-data=\"false\">\n<div class=\"ace-line ace-line old-record-id-Wmz8d1mD8o7G2DxJAHecdJmfnvf\">El plazo de entrega suele ser de 30 a 45 d\u00edas, en funci\u00f3n de las especificaciones y el volumen del pedido.<\/div>\n<\/div>\n<\/div>\n<\/div>\n<\/div>\n<\/div>\n<\/div>\n<\/div>\n\t\t\t\t<\/div>\n\t\t\t<\/div>\n\t\t\t\t\t\t<div class=\"pp-faq-item elementor-grid-item pp-accordion-item\">\n\t\t\t\t<div id=\"pp-accordion-tab-title-1318\" class=\"pp-faq-question pp-accordion-tab-title\" tabindex=\"0\" data-tab=\"8\">\n\t\t\t\t\t<div class=\"pp-accordion-title-icon\">\n\t\t\t\t\t\t\t\t\t\t\t\t\t<span class=\"pp-accordion-tab-icon pp-icon\">\n\t\t\t\t\t\t\t<i aria-hidden=\"true\" class=\"fas fa-caret-right\"><\/i>\t\t\t\t\t\t\t<\/span>\n\t\t\t\t\t\t\t\t\t\t\t\t\t\t\t\t\t\t<div class=\"pp-accordion-title-text\">\n\t\t\t\t\t\t\t\u00bfC\u00f3mo puedo ser distribuidor?\t\t\t\t\t\t<\/div>\n\t\t\t\t\t<\/div>\n\t\t\t\t\t\t\t\t\t\t\t<div class=\"pp-accordion-toggle-icon\">\n\t\t\t\t\t\t\t\t\t\t\t\t\t\t\t<span class='pp-accordion-toggle-icon-close pp-icon'>\n\t\t\t\t\t\t\t\t\t<i aria-hidden=\"true\" class=\"fas fa-plus\"><\/i>\t\t\t\t\t\t\t\t<\/span>\n\t\t\t\t\t\t\t\t\t\t\t\t\t\t\t\t\t\t\t\t\t\t<span class='pp-accordion-toggle-icon-open pp-icon'>\n\t\t\t\t\t\t\t\t\t<i aria-hidden=\"true\" class=\"fas fa-minus\"><\/i>\t\t\t\t\t\t\t\t<\/span>\n\t\t\t\t\t\t\t\t\t\t\t\t\t<\/div>\n\t\t\t\t\t\t\t\t\t<\/div>\n\n\t\t\t\t<div id=\"pp-accordion-tab-content-1318\" class=\"pp-faq-answer pp-accordion-tab-content\" data-tab=\"8\">\n\t\t\t\t\t<div data-page-id=\"Sk3Od3KbaooyO8xqnuUcr2N8nVj\" data-lark-html-role=\"root\" data-docx-has-block-data=\"false\">\n<div class=\"ace-line ace-line old-record-id-Y8CBdVfcGolUPYxoWyTcnax9nmg\">\n<div data-page-id=\"Sk3Od3KbaooyO8xqnuUcr2N8nVj\" data-lark-html-role=\"root\" data-docx-has-block-data=\"false\">\n<div class=\"ace-line ace-line old-record-id-WWQfdTlcSoIgIUxyQ59csm3ynLf\">\n<div data-page-id=\"Sk3Od3KbaooyO8xqnuUcr2N8nVj\" data-lark-html-role=\"root\" data-docx-has-block-data=\"false\">\n<div class=\"ace-line ace-line old-record-id-PiehdUmAvooH8CxlQ56ckmqKnnf\">\n<div data-page-id=\"Sk3Od3KbaooyO8xqnuUcr2N8nVj\" data-lark-html-role=\"root\" data-docx-has-block-data=\"false\">\n<div class=\"ace-line ace-line old-record-id-Wmz8d1mD8o7G2DxJAHecdJmfnvf\">\n<div data-page-id=\"Sk3Od3KbaooyO8xqnuUcr2N8nVj\" data-lark-html-role=\"root\" data-docx-has-block-data=\"false\">\n<div class=\"ace-line ace-line old-record-id-IY1od5TJQoIyiHxPNy5cQFtKn1e\">Para convertirse en distribuidor oficial, p\u00f3ngase en contacto con nosotros y facil\u00edtenos los datos de su empresa. Revisaremos sus datos y le indicaremos los pasos necesarios para formar una asociaci\u00f3n y discutir las condiciones de distribuci\u00f3n.<\/div>\n<\/div>\n<\/div>\n<\/div>\n<\/div>\n<\/div>\n<\/div>\n<\/div>\n<\/div>\n<\/div>\n\t\t\t\t<\/div>\n\t\t\t<\/div>\n\t\t\t\t\t<\/div>\n\t\t\t\t\t\t<\/div>\n\t\t\t\t<\/div>\n\t\t\t\t\t<\/div>\n\t\t\t\t<\/div>\n\t\t<div class=\"elementor-element elementor-element-f3b400a e-con-full e-flex e-con e-parent\" data-id=\"f3b400a\" data-element_type=\"container\">\n\t\t\t\t<div class=\"elementor-element elementor-element-06bf745 elementor-widget elementor-widget-template\" data-id=\"06bf745\" data-element_type=\"widget\" data-widget_type=\"template.default\">\n\t\t\t\t<div class=\"elementor-widget-container\">\n\t\t\t\t\t\t\t<div class=\"elementor-template\">\n\t\t\t\t\t<div data-elementor-type=\"container\" data-elementor-id=\"1163\" class=\"elementor elementor-1163\" data-elementor-post-type=\"elementor_library\">\n\t\t\t\t<div class=\"elementor-element elementor-element-25fb23f6 e-flex e-con-boxed e-con e-parent\" data-id=\"25fb23f6\" data-element_type=\"container\" data-settings=\"{&quot;background_background&quot;:&quot;classic&quot;}\">\n\t\t\t\t\t<div class=\"e-con-inner\">\n\t\t\t\t<div class=\"elementor-element elementor-element-447db66 elementor-widget elementor-widget-heading\" data-id=\"447db66\" data-element_type=\"widget\" data-widget_type=\"heading.default\">\n\t\t\t\t<div class=\"elementor-widget-container\">\n\t\t\t\t\t<h3 class=\"elementor-heading-title elementor-size-default\">Automatizaci\u00f3n industrial fiable, \u00a1le mantenemos en funcionamiento!<\/h3>\t\t\t\t<\/div>\n\t\t\t\t<\/div>\n\t\t\t\t<div class=\"elementor-element elementor-element-58f026d elementor-align-center elementor-widget elementor-widget-button\" data-id=\"58f026d\" data-element_type=\"widget\" data-widget_type=\"button.default\">\n\t\t\t\t<div class=\"elementor-widget-container\">\n\t\t\t\t\t\t\t\t\t<div class=\"elementor-button-wrapper\">\n\t\t\t\t\t<a class=\"elementor-button elementor-button-link elementor-size-sm\" href=\"#elementor-action%3Aaction%3Dpopup%3Aopen%26settings%3DeyJpZCI6IjI1MzUiLCJ0b2dnbGUiOmZhbHNlfQ%3D%3D\">\n\t\t\t\t\t\t<span class=\"elementor-button-content-wrapper\">\n\t\t\t\t\t\t\t\t\t<span class=\"elementor-button-text\">CONTACTO<\/span>\n\t\t\t\t\t<\/span>\n\t\t\t\t\t<\/a>\n\t\t\t\t<\/div>\n\t\t\t\t\t\t\t\t<\/div>\n\t\t\t\t<\/div>\n\t\t\t\t\t<\/div>\n\t\t\t\t<\/div>\n\t\t\t\t<\/div>\n\t\t\t\t<\/div>\n\t\t\t\t\t\t<\/div>\n\t\t\t\t<\/div>\n\t\t\t\t<\/div>\n\t\t\t\t<\/div>","protected":false},"excerpt":{"rendered":"<p>Faqs Inicio \u00bfQu\u00e9 ofrecemos? Ofrecemos una amplia gama de equipos el\u00e9ctricos de baja tensi\u00f3n, componentes de control industrial, sistemas neum\u00e1ticos, conectores y herramientas de hardware para diversas aplicaciones de automatizaci\u00f3n. \u00bfSe pueden personalizar los productos? S\u00ed, ofrecemos soluciones personalizadas para satisfacer requisitos espec\u00edficos de los productos, como la longitud de los cables, los tipos de conectores y los tama\u00f1os de los tubos met\u00e1licos. \u00bfC\u00f3mo [...]<\/p>","protected":false},"author":4,"featured_media":0,"parent":0,"menu_order":0,"comment_status":"closed","ping_status":"closed","template":"elementor_header_footer","meta":{"_acf_changed":false,"_seopress_robots_primary_cat":"","_seopress_titles_title":"Omch Support: Your Questions Answered","_seopress_titles_desc":"Get quick answers to your questions about our extensive selection of products, customization possibilities, how to place an order, and more.","_seopress_robots_index":"","footnotes":""},"class_list":["post-272","page","type-page","status-publish","hentry"],"acf":[],"_links":{"self":[{"href":"https:\/\/www.omch.com\/es\/wp-json\/wp\/v2\/pages\/272","targetHints":{"allow":["GET"]}}],"collection":[{"href":"https:\/\/www.omch.com\/es\/wp-json\/wp\/v2\/pages"}],"about":[{"href":"https:\/\/www.omch.com\/es\/wp-json\/wp\/v2\/types\/page"}],"author":[{"embeddable":true,"href":"https:\/\/www.omch.com\/es\/wp-json\/wp\/v2\/users\/4"}],"replies":[{"embeddable":true,"href":"https:\/\/www.omch.com\/es\/wp-json\/wp\/v2\/comments?post=272"}],"version-history":[{"count":0,"href":"https:\/\/www.omch.com\/es\/wp-json\/wp\/v2\/pages\/272\/revisions"}],"wp:attachment":[{"href":"https:\/\/www.omch.com\/es\/wp-json\/wp\/v2\/media?parent=272"}],"curies":[{"name":"wp","href":"https:\/\/api.w.org\/{rel}","templated":true}]}}