{"id":269,"date":"2024-12-10T07:49:48","date_gmt":"2024-12-10T07:49:48","guid":{"rendered":"https:\/\/omch.com\/?page_id=269"},"modified":"2025-07-22T05:55:49","modified_gmt":"2025-07-22T05:55:49","slug":"blogs","status":"publish","type":"page","link":"https:\/\/www.omch.com\/es\/blogs\/","title":{"rendered":"Blogs"},"content":{"rendered":"<div data-elementor-type=\"wp-page\" data-elementor-id=\"269\" class=\"elementor elementor-269\" data-elementor-settings=\"{&quot;element_pack_global_tooltip_width&quot;:{&quot;unit&quot;:&quot;px&quot;,&quot;size&quot;:&quot;&quot;,&quot;sizes&quot;:[]},&quot;element_pack_global_tooltip_width_tablet&quot;:{&quot;unit&quot;:&quot;px&quot;,&quot;size&quot;:&quot;&quot;,&quot;sizes&quot;:[]},&quot;element_pack_global_tooltip_width_mobile&quot;:{&quot;unit&quot;:&quot;px&quot;,&quot;size&quot;:&quot;&quot;,&quot;sizes&quot;:[]},&quot;element_pack_global_tooltip_padding&quot;:{&quot;unit&quot;:&quot;px&quot;,&quot;top&quot;:&quot;&quot;,&quot;right&quot;:&quot;&quot;,&quot;bottom&quot;:&quot;&quot;,&quot;left&quot;:&quot;&quot;,&quot;isLinked&quot;:true},&quot;element_pack_global_tooltip_padding_tablet&quot;:{&quot;unit&quot;:&quot;px&quot;,&quot;top&quot;:&quot;&quot;,&quot;right&quot;:&quot;&quot;,&quot;bottom&quot;:&quot;&quot;,&quot;left&quot;:&quot;&quot;,&quot;isLinked&quot;:true},&quot;element_pack_global_tooltip_padding_mobile&quot;:{&quot;unit&quot;:&quot;px&quot;,&quot;top&quot;:&quot;&quot;,&quot;right&quot;:&quot;&quot;,&quot;bottom&quot;:&quot;&quot;,&quot;left&quot;:&quot;&quot;,&quot;isLinked&quot;:true},&quot;element_pack_global_tooltip_border_radius&quot;:{&quot;unit&quot;:&quot;px&quot;,&quot;top&quot;:&quot;&quot;,&quot;right&quot;:&quot;&quot;,&quot;bottom&quot;:&quot;&quot;,&quot;left&quot;:&quot;&quot;,&quot;isLinked&quot;:true},&quot;element_pack_global_tooltip_border_radius_tablet&quot;:{&quot;unit&quot;:&quot;px&quot;,&quot;top&quot;:&quot;&quot;,&quot;right&quot;:&quot;&quot;,&quot;bottom&quot;:&quot;&quot;,&quot;left&quot;:&quot;&quot;,&quot;isLinked&quot;:true},&quot;element_pack_global_tooltip_border_radius_mobile&quot;:{&quot;unit&quot;:&quot;px&quot;,&quot;top&quot;:&quot;&quot;,&quot;right&quot;:&quot;&quot;,&quot;bottom&quot;:&quot;&quot;,&quot;left&quot;:&quot;&quot;,&quot;isLinked&quot;:true}}\" data-elementor-post-type=\"page\">\n\t\t\t\t<div class=\"elementor-element elementor-element-0f3211a e-flex e-con-boxed e-con e-parent\" data-id=\"0f3211a\" data-element_type=\"container\" data-settings=\"{&quot;background_background&quot;:&quot;classic&quot;}\">\n\t\t\t\t\t<div class=\"e-con-inner\">\n\t\t\t\t<div class=\"elementor-element elementor-element-8d5514a elementor-widget elementor-widget-heading\" data-id=\"8d5514a\" data-element_type=\"widget\" data-widget_type=\"heading.default\">\n\t\t\t\t<div class=\"elementor-widget-container\">\n\t\t\t\t\t<h1 class=\"elementor-heading-title elementor-size-default\">Blogs<\/h1>\t\t\t\t<\/div>\n\t\t\t\t<\/div>\n\t\t\t\t<div class=\"elementor-element elementor-element-5f0a03f elementor-widget elementor-widget-pp-breadcrumbs\" data-id=\"5f0a03f\" data-element_type=\"widget\" data-settings=\"{&quot;breadcrumbs_type&quot;:&quot;powerpack&quot;}\" data-widget_type=\"pp-breadcrumbs.default\">\n\t\t\t\t<div class=\"elementor-widget-container\">\n\t\t\t\t\t<ul class=\"pp-breadcrumbs pp-breadcrumbs-powerpack\">\t\t<li class=\"pp-breadcrumbs-item pp-breadcrumbs-item-home\">\n\t\t\t<a class=\"pp-breadcrumbs-crumb pp-breadcrumbs-crumb-link pp-breadcrumbs-crumb-home\" href=\"https:\/\/www.omch.com\/es\" title=\"Inicio\">\n\t\t\t\t<span class=\"pp-breadcrumbs-text\">\n\t\t\t\t\t\t\t\t\t\tInicio\t\t\t\t<\/span>\n\t\t\t<\/a>\n\t\t<\/li>\n\t\t<li class=\"pp-breadcrumbs-separator\">\t\t\t\t<span class='pp-separator-icon pp-icon'>\n\t\t\t\t\t<i aria-hidden=\"true\" class=\"fas fa-angle-right\"><\/i>\t\t\t\t<\/span>\n\t\t\t\t<\/li><\/ul>\t\t\t\t<\/div>\n\t\t\t\t<\/div>\n\t\t\t\t\t<\/div>\n\t\t\t\t<\/div>\n\t\t<div class=\"elementor-element elementor-element-0f38121 e-flex e-con-boxed e-con e-parent\" data-id=\"0f38121\" data-element_type=\"container\">\n\t\t\t\t\t<div class=\"e-con-inner\">\n\t\t\t\t<div class=\"elementor-element elementor-element-6c5bf77 pp-equal-height-yes elementor-grid-3 elementor-grid-tablet-2 elementor-grid-mobile-1 pp-post-filters-align-left elementor-widget elementor-widget-pp-posts\" data-id=\"6c5bf77\" data-element_type=\"widget\" data-widget_type=\"pp-posts.card\">\n\t\t\t\t<div class=\"elementor-widget-container\">\n\t\t\t\t\t\t\t<div class=\"pp-post-filters-container\">\n\t\t\t\t\t\t<div class=\"pp-post-filters-wrap pp-post-filters-dropdown-no\">\n\t\t\t\t<ul class=\"pp-post-filters\">\n\t\t\t\t\t\t\t\t\t\t\t<li class=\"pp-post-filter pp-filter-current\" data-filter=\"*\" data-taxonomy=\"\">Todos<\/li>\n\t\t\t\t\t\t\t\t\t\t\t\t\t\t\t\t\t\t\t\t\t\t\t\t\t\t\t\t\t\t<li class=\"pp-post-filter\" data-filter=\".industrial-control\" data-taxonomy=\".category\">Control industrial<\/li>\n\t\t\t\t\t\t\t\t\t\t\t\t\t\t\t\t\t\t\t\t\t\t\t\t\t\t<li class=\"pp-post-filter\" data-filter=\".power-supply\" data-taxonomy=\".category\">Fuente de alimentaci\u00f3n<\/li>\n\t\t\t\t\t\t\t\t\t\t\t\t\t\t\t\t\t\t\t\t\t\t\t\t\t\t<li class=\"pp-post-filter\" data-filter=\".uncategorized\" data-taxonomy=\".category\">Sin categor\u00eda<\/li>\n\t\t\t\t\t\t\t\t\t\t\t<\/ul>\n\n\t\t\t\t\t\t\t<\/div>\n\t\t\t\t\t\t\t\t<\/div>\n\t\t\t\t<div class=\"pp-posts-container\">\n\t\t\t\n\t\t\t\t\t\t\t\t\t\t\n\t\t\t<div class=\"pp-posts pp-posts-skin-card elementor-grid pp-posts-grid\" data-query-type=\"custom\" data-layout=\"grid\" data-page=\"269\" data-skin=\"card\">\n\t\t\t\t\t\t\t\t\t\t\t<div class=\"pp-post-wrap pp-grid-item-wrap elementor-grid-item post-10245 post type-post status-publish format-standard has-post-thumbnail hentry category-industrial-control\">\n\t\t\t\t\t\t<div class=\"pp-post pp-grid-item\">\n\t\t\t\t\t\t<div class=\"pp-post-thumbnail\">\n\t\t\t<a class=\"pp-post-thumbnail-wrap\" href=\"https:\/\/www.omch.com\/es\/temperature-sensors-manufacturers-guide\/\" title=\"Principales fabricantes de sensores de temperatura: La mejor gu\u00eda mundial de selecci\u00f3n y aprovisionamiento\">\n\t\t\t\t<img fetchpriority=\"high\" decoding=\"async\" width=\"800\" height=\"600\" src=\"https:\/\/www.omch.com\/wp-content\/uploads\/2026\/03\/temperature-sensors-1.jpg\" class=\"attachment-large size-large wp-image-10248\" alt=\"sensores de temperatura\" srcset=\"https:\/\/www.omch.com\/wp-content\/uploads\/2026\/03\/temperature-sensors-1.jpg 1024w, https:\/\/www.omch.com\/wp-content\/uploads\/2026\/03\/temperature-sensors-1-300x225.jpg 300w, https:\/\/www.omch.com\/wp-content\/uploads\/2026\/03\/temperature-sensors-1-768x576.jpg 768w, https:\/\/www.omch.com\/wp-content\/uploads\/2026\/03\/temperature-sensors-1-16x12.jpg 16w\" sizes=\"(max-width: 800px) 100vw, 800px\" \/>\t\t\t<\/a>\n\t\t<\/div>\n\t\t\n\t\t\t\t<div class=\"pp-post-content-wrap\">\n\t\t\t\t\t<div class=\"pp-post-content\">\n\t\t\t\t\t\t\t\t\t\t\t\t<h4 class=\"pp-post-title\">\n\t\t\t\t<a href=\"https:\/\/www.omch.com\/es\/temperature-sensors-manufacturers-guide\/\">Principales fabricantes de sensores de temperatura: La mejor gu\u00eda mundial de selecci\u00f3n y aprovisionamiento<\/a>\t\t\t<\/h4>\n\t\t\t\t\t\t\t<div class=\"pp-post-excerpt\">\n\t\t\t<p>Los sensores de temperatura son componentes fundamentales esenciales en las \u00e1reas de la automatizaci\u00f3n industrial moderna, la fabricaci\u00f3n de autom\u00f3viles y el Internet de las Cosas ...<\/p>\n\t\t<\/div>\n\t\t\t\t\t\t\t\t\t<\/div>\n\t\t\t\t\t\t\t\t\t<\/div>\n\n\t\t\t\t\t\t\t<\/div>\n\t\t\t\t\t<\/div>\n\t\t\t\t<div class=\"pp-post-wrap pp-grid-item-wrap elementor-grid-item post-10238 post type-post status-publish format-standard has-post-thumbnail hentry category-uncategorized\">\n\t\t\t\t\t\t<div class=\"pp-post pp-grid-item\">\n\t\t\t\t\t\t<div class=\"pp-post-thumbnail\">\n\t\t\t<a class=\"pp-post-thumbnail-wrap\" href=\"https:\/\/www.omch.com\/es\/factory-automation-components-guide\/\" title=\"Componentes de automatizaci\u00f3n industrial: La gu\u00eda definitiva para la selecci\u00f3n e integraci\u00f3n\">\n\t\t\t\t<img decoding=\"async\" width=\"800\" height=\"600\" src=\"https:\/\/www.omch.com\/wp-content\/uploads\/2026\/03\/factory-automation-components-2.webp\" class=\"attachment-large size-large wp-image-10241\" alt=\"componentes de automatizaci\u00f3n de f\u00e1bricas\" srcset=\"https:\/\/www.omch.com\/wp-content\/uploads\/2026\/03\/factory-automation-components-2.webp 1024w, https:\/\/www.omch.com\/wp-content\/uploads\/2026\/03\/factory-automation-components-2-300x225.webp 300w, https:\/\/www.omch.com\/wp-content\/uploads\/2026\/03\/factory-automation-components-2-768x576.webp 768w, https:\/\/www.omch.com\/wp-content\/uploads\/2026\/03\/factory-automation-components-2-16x12.webp 16w\" sizes=\"(max-width: 800px) 100vw, 800px\" \/>\t\t\t<\/a>\n\t\t<\/div>\n\t\t\n\t\t\t\t<div class=\"pp-post-content-wrap\">\n\t\t\t\t\t<div class=\"pp-post-content\">\n\t\t\t\t\t\t\t\t\t\t\t\t<h4 class=\"pp-post-title\">\n\t\t\t\t<a href=\"https:\/\/www.omch.com\/es\/factory-automation-components-guide\/\">Componentes de automatizaci\u00f3n industrial: La gu\u00eda definitiva para la selecci\u00f3n e integraci\u00f3n<\/a>\t\t\t<\/h4>\n\t\t\t\t\t\t\t<div class=\"pp-post-excerpt\">\n\t\t\t<p>En el mundo moderno de la fabricaci\u00f3n y la industria manufacturera en general, superada hace tiempo la era de ...<\/p>\n\t\t<\/div>\n\t\t\t\t\t\t\t\t\t<\/div>\n\t\t\t\t\t\t\t\t\t<\/div>\n\n\t\t\t\t\t\t\t<\/div>\n\t\t\t\t\t<\/div>\n\t\t\t\t<div class=\"pp-post-wrap pp-grid-item-wrap elementor-grid-item post-10213 post type-post status-publish format-standard has-post-thumbnail hentry category-power-supply\">\n\t\t\t\t\t\t<div class=\"pp-post pp-grid-item\">\n\t\t\t\t\t\t<div class=\"pp-post-thumbnail\">\n\t\t\t<a class=\"pp-post-thumbnail-wrap\" href=\"https:\/\/www.omch.com\/es\/top-custom-power-supply-manufacturers\/\" title=\"Los mejores fabricantes de fuentes de alimentaci\u00f3n personalizadas: Una gu\u00eda hacia la excelencia en ingenier\u00eda\">\n\t\t\t\t<img decoding=\"async\" width=\"800\" height=\"600\" src=\"https:\/\/www.omch.com\/wp-content\/uploads\/2026\/03\/iot-solutions-for-warehouse-management-2.webp\" class=\"attachment-large size-large wp-image-10224\" alt=\"cooperaci\u00f3n\" srcset=\"https:\/\/www.omch.com\/wp-content\/uploads\/2026\/03\/iot-solutions-for-warehouse-management-2.webp 1024w, https:\/\/www.omch.com\/wp-content\/uploads\/2026\/03\/iot-solutions-for-warehouse-management-2-300x225.webp 300w, https:\/\/www.omch.com\/wp-content\/uploads\/2026\/03\/iot-solutions-for-warehouse-management-2-768x576.webp 768w, https:\/\/www.omch.com\/wp-content\/uploads\/2026\/03\/iot-solutions-for-warehouse-management-2-16x12.webp 16w\" sizes=\"(max-width: 800px) 100vw, 800px\" \/>\t\t\t<\/a>\n\t\t<\/div>\n\t\t\n\t\t\t\t<div class=\"pp-post-content-wrap\">\n\t\t\t\t\t<div class=\"pp-post-content\">\n\t\t\t\t\t\t\t\t\t\t\t\t<h4 class=\"pp-post-title\">\n\t\t\t\t<a href=\"https:\/\/www.omch.com\/es\/top-custom-power-supply-manufacturers\/\">Los mejores fabricantes de fuentes de alimentaci\u00f3n personalizadas: Una gu\u00eda hacia la excelencia en ingenier\u00eda<\/a>\t\t\t<\/h4>\n\t\t\t\t\t\t\t<div class=\"pp-post-excerpt\">\n\t\t\t<p>Se suele hacer referencia metaf\u00f3ricamente al sistema de alimentaci\u00f3n como el coraz\u00f3n en el desarrollo de los equipos electr\u00f3nicos modernos. Aunque ...<\/p>\n\t\t<\/div>\n\t\t\t\t\t\t\t\t\t<\/div>\n\t\t\t\t\t\t\t\t\t<\/div>\n\n\t\t\t\t\t\t\t<\/div>\n\t\t\t\t\t<\/div>\n\t\t\t\t<div class=\"pp-post-wrap pp-grid-item-wrap elementor-grid-item post-10205 post type-post status-publish format-standard has-post-thumbnail hentry category-industrial-control\">\n\t\t\t\t\t\t<div class=\"pp-post pp-grid-item\">\n\t\t\t\t\t\t<div class=\"pp-post-thumbnail\">\n\t\t\t<a class=\"pp-post-thumbnail-wrap\" href=\"https:\/\/www.omch.com\/es\/iot-solutions-for-warehouse-management\/\" title=\"Soluciones estrat\u00e9gicas de IoT para la gesti\u00f3n de almacenes: Un plan de eficiencia\">\n\t\t\t\t<img loading=\"lazy\" decoding=\"async\" width=\"800\" height=\"600\" src=\"https:\/\/www.omch.com\/wp-content\/uploads\/2026\/03\/iot-solutions-for-warehouse-management-3.webp\" class=\"attachment-large size-large wp-image-10225\" alt=\"soluciones iot para la gesti\u00f3n de almacenes\" srcset=\"https:\/\/www.omch.com\/wp-content\/uploads\/2026\/03\/iot-solutions-for-warehouse-management-3.webp 1024w, https:\/\/www.omch.com\/wp-content\/uploads\/2026\/03\/iot-solutions-for-warehouse-management-3-300x225.webp 300w, https:\/\/www.omch.com\/wp-content\/uploads\/2026\/03\/iot-solutions-for-warehouse-management-3-768x576.webp 768w, https:\/\/www.omch.com\/wp-content\/uploads\/2026\/03\/iot-solutions-for-warehouse-management-3-16x12.webp 16w\" sizes=\"(max-width: 800px) 100vw, 800px\" \/>\t\t\t<\/a>\n\t\t<\/div>\n\t\t\n\t\t\t\t<div class=\"pp-post-content-wrap\">\n\t\t\t\t\t<div class=\"pp-post-content\">\n\t\t\t\t\t\t\t\t\t\t\t\t<h4 class=\"pp-post-title\">\n\t\t\t\t<a href=\"https:\/\/www.omch.com\/es\/iot-solutions-for-warehouse-management\/\">Soluciones estrat\u00e9gicas de IoT para la gesti\u00f3n de almacenes: Un plan de eficiencia<\/a>\t\t\t<\/h4>\n\t\t\t\t\t\t\t<div class=\"pp-post-excerpt\">\n\t\t\t<p>Resolver los problemas de la log\u00edstica moderna con marcos IoT integrados Debemos enfrentarnos a las profundidades de la gesti\u00f3n de almacenes moderna antes de ...<\/p>\n\t\t<\/div>\n\t\t\t\t\t\t\t\t\t<\/div>\n\t\t\t\t\t\t\t\t\t<\/div>\n\n\t\t\t\t\t\t\t<\/div>\n\t\t\t\t\t<\/div>\n\t\t\t\t<div class=\"pp-post-wrap pp-grid-item-wrap elementor-grid-item post-10193 post type-post status-publish format-standard has-post-thumbnail hentry category-power-supply\">\n\t\t\t\t\t\t<div class=\"pp-post pp-grid-item\">\n\t\t\t\t\t\t<div class=\"pp-post-thumbnail\">\n\t\t\t<a class=\"pp-post-thumbnail-wrap\" href=\"https:\/\/www.omch.com\/es\/industrial-ups-manufacturers\/\" title=\"Los 5 principales fabricantes de SAI industriales: Gu\u00eda completa del comprador para 2026\">\n\t\t\t\t<img loading=\"lazy\" decoding=\"async\" width=\"800\" height=\"600\" src=\"https:\/\/www.omch.com\/wp-content\/uploads\/2026\/03\/industrial-ups-1.webp\" class=\"attachment-large size-large wp-image-10198\" alt=\"ups industriales\" srcset=\"https:\/\/www.omch.com\/wp-content\/uploads\/2026\/03\/industrial-ups-1.webp 1024w, https:\/\/www.omch.com\/wp-content\/uploads\/2026\/03\/industrial-ups-1-300x225.webp 300w, https:\/\/www.omch.com\/wp-content\/uploads\/2026\/03\/industrial-ups-1-768x576.webp 768w, https:\/\/www.omch.com\/wp-content\/uploads\/2026\/03\/industrial-ups-1-16x12.webp 16w\" sizes=\"(max-width: 800px) 100vw, 800px\" \/>\t\t\t<\/a>\n\t\t<\/div>\n\t\t\n\t\t\t\t<div class=\"pp-post-content-wrap\">\n\t\t\t\t\t<div class=\"pp-post-content\">\n\t\t\t\t\t\t\t\t\t\t\t\t<h4 class=\"pp-post-title\">\n\t\t\t\t<a href=\"https:\/\/www.omch.com\/es\/industrial-ups-manufacturers\/\">Los 5 principales fabricantes de SAI industriales: Gu\u00eda completa del comprador para 2026<\/a>\t\t\t<\/h4>\n\t\t\t\t\t\t\t<div class=\"pp-post-excerpt\">\n\t\t\t<p>Con la moderna automatizaci\u00f3n industrial y la transformaci\u00f3n digital, la estabilidad del suministro el\u00e9ctrico se ha convertido en el salvavidas de las empresas. En ...<\/p>\n\t\t<\/div>\n\t\t\t\t\t\t\t\t\t<\/div>\n\t\t\t\t\t\t\t\t\t<\/div>\n\n\t\t\t\t\t\t\t<\/div>\n\t\t\t\t\t<\/div>\n\t\t\t\t<div class=\"pp-post-wrap pp-grid-item-wrap elementor-grid-item post-10182 post type-post status-publish format-standard has-post-thumbnail hentry category-industrial-control\">\n\t\t\t\t\t\t<div class=\"pp-post pp-grid-item\">\n\t\t\t\t\t\t<div class=\"pp-post-thumbnail\">\n\t\t\t<a class=\"pp-post-thumbnail-wrap\" href=\"https:\/\/www.omch.com\/es\/industrial-automating-components\/\" title=\"Componentes de automatizaci\u00f3n industrial: \u00bfQu\u00e9 son y c\u00f3mo elegirlos?\">\n\t\t\t\t<img loading=\"lazy\" decoding=\"async\" width=\"800\" height=\"600\" src=\"https:\/\/www.omch.com\/wp-content\/uploads\/2026\/03\/industrial-automation-components-2.webp\" class=\"attachment-large size-large wp-image-10185\" alt=\"componentes de automatizaci\u00f3n industrial\" srcset=\"https:\/\/www.omch.com\/wp-content\/uploads\/2026\/03\/industrial-automation-components-2.webp 1024w, https:\/\/www.omch.com\/wp-content\/uploads\/2026\/03\/industrial-automation-components-2-300x225.webp 300w, https:\/\/www.omch.com\/wp-content\/uploads\/2026\/03\/industrial-automation-components-2-768x576.webp 768w, https:\/\/www.omch.com\/wp-content\/uploads\/2026\/03\/industrial-automation-components-2-16x12.webp 16w\" sizes=\"(max-width: 800px) 100vw, 800px\" \/>\t\t\t<\/a>\n\t\t<\/div>\n\t\t\n\t\t\t\t<div class=\"pp-post-content-wrap\">\n\t\t\t\t\t<div class=\"pp-post-content\">\n\t\t\t\t\t\t\t\t\t\t\t\t<h4 class=\"pp-post-title\">\n\t\t\t\t<a href=\"https:\/\/www.omch.com\/es\/industrial-automating-components\/\">Componentes de automatizaci\u00f3n industrial: \u00bfQu\u00e9 son y c\u00f3mo elegirlos?<\/a>\t\t\t<\/h4>\n\t\t\t\t\t\t\t<div class=\"pp-post-excerpt\">\n\t\t\t<p>En 2026, el mundo de la fabricaci\u00f3n ya se encuentra en la era de la digitalizaci\u00f3n y la automatizaci\u00f3n inteligente, lo que impulsar\u00e1 cambios significativos ...<\/p>\n\t\t<\/div>\n\t\t\t\t\t\t\t\t\t<\/div>\n\t\t\t\t\t\t\t\t\t<\/div>\n\n\t\t\t\t\t\t\t<\/div>\n\t\t\t\t\t<\/div>\n\t\t\t\t\t\t\t\t\t<\/div>\n\t\t\t\n\t\t\t\n\t\t\t\n\t\t\t\n\t\t\t\t\t\t\t\t\t\t\t<div class=\"pp-posts-pagination-wrap pp-posts-pagination-bottom\">\n\t\t\t\t\t\t\t\t<nav class=\"pp-posts-pagination pp-posts-pagination-ajax elementor-pagination\" role=\"navigation\" aria-label=\"Paginaci\u00f3n\" data-total=\"16\">\n\t\t\t\t<span aria-current=\"page\" class=\"page-numbers current\">1<\/span>\n<a class=\"page-numbers\" href=\"https:\/\/www.omch.com\/wp-json\/wp\/v2\/pages\/269\/page\/2\/\">2<\/a>\n<a class=\"page-numbers\" href=\"https:\/\/www.omch.com\/wp-json\/wp\/v2\/pages\/269\/page\/3\/\">3<\/a>\n<a class=\"page-numbers\" href=\"https:\/\/www.omch.com\/wp-json\/wp\/v2\/pages\/269\/page\/4\/\">4<\/a>\n<a class=\"page-numbers\" href=\"https:\/\/www.omch.com\/wp-json\/wp\/v2\/pages\/269\/page\/5\/\">5<\/a>\n<a class=\"next page-numbers\" href=\"https:\/\/www.omch.com\/wp-json\/wp\/v2\/pages\/269\/page\/2\/\">Siguiente \u00bb<\/a>\t\t\t<\/nav>\n\t\t\t\t\t\t\t<\/div>\n\t\t\t\t\t\t\t\t\t<\/div>\n\n\t\t\n\t\t\t\t\t\t<\/div>\n\t\t\t\t<\/div>\n\t\t\t\t\t<\/div>\n\t\t\t\t<\/div>\n\t\t<div class=\"elementor-element elementor-element-fdc447f e-con-full e-flex e-con e-parent\" data-id=\"fdc447f\" data-element_type=\"container\">\n\t\t\t\t<div class=\"elementor-element elementor-element-4c8e5d0 elementor-widget elementor-widget-template\" data-id=\"4c8e5d0\" data-element_type=\"widget\" data-widget_type=\"template.default\">\n\t\t\t\t<div class=\"elementor-widget-container\">\n\t\t\t\t\t\t\t<div class=\"elementor-template\">\n\t\t\t\t\t<div data-elementor-type=\"container\" data-elementor-id=\"1163\" class=\"elementor elementor-1163\" data-elementor-post-type=\"elementor_library\">\n\t\t\t\t<div class=\"elementor-element elementor-element-25fb23f6 e-flex e-con-boxed e-con e-parent\" data-id=\"25fb23f6\" data-element_type=\"container\" data-settings=\"{&quot;background_background&quot;:&quot;classic&quot;}\">\n\t\t\t\t\t<div class=\"e-con-inner\">\n\t\t\t\t<div class=\"elementor-element elementor-element-447db66 elementor-widget elementor-widget-heading\" data-id=\"447db66\" data-element_type=\"widget\" data-widget_type=\"heading.default\">\n\t\t\t\t<div class=\"elementor-widget-container\">\n\t\t\t\t\t<h3 class=\"elementor-heading-title elementor-size-default\">Automatizaci\u00f3n industrial fiable, \u00a1le mantenemos en funcionamiento!<\/h3>\t\t\t\t<\/div>\n\t\t\t\t<\/div>\n\t\t\t\t<div class=\"elementor-element elementor-element-58f026d elementor-align-center elementor-widget elementor-widget-button\" data-id=\"58f026d\" data-element_type=\"widget\" data-widget_type=\"button.default\">\n\t\t\t\t<div class=\"elementor-widget-container\">\n\t\t\t\t\t\t\t\t\t<div class=\"elementor-button-wrapper\">\n\t\t\t\t\t<a class=\"elementor-button elementor-button-link elementor-size-sm\" href=\"#elementor-action%3Aaction%3Dpopup%3Aopen%26settings%3DeyJpZCI6IjI1MzUiLCJ0b2dnbGUiOmZhbHNlfQ%3D%3D\">\n\t\t\t\t\t\t<span class=\"elementor-button-content-wrapper\">\n\t\t\t\t\t\t\t\t\t<span class=\"elementor-button-text\">CONTACTO<\/span>\n\t\t\t\t\t<\/span>\n\t\t\t\t\t<\/a>\n\t\t\t\t<\/div>\n\t\t\t\t\t\t\t\t<\/div>\n\t\t\t\t<\/div>\n\t\t\t\t\t<\/div>\n\t\t\t\t<\/div>\n\t\t\t\t<\/div>\n\t\t\t\t<\/div>\n\t\t\t\t\t\t<\/div>\n\t\t\t\t<\/div>\n\t\t\t\t<\/div>\n\t\t\t\t<\/div>","protected":false},"excerpt":{"rendered":"<p>Inicio Todos Control industrial Fuente de alimentaci\u00f3n Elegir el rel\u00e9 adecuado: Gu\u00eda de todos los tipos y usos Los rel\u00e9s el\u00e9ctricos son uno de los componentes m\u00e1s b\u00e1sicos, pero tambi\u00e9n uno de los m\u00e1s vers\u00e1tiles, del enorme reino ... \u00bfQu\u00e9 es un rel\u00e9 de estado s\u00f3lido? La gu\u00eda definitiva para 2025 M\u00e1s all\u00e1 del clic: \u00bfQu\u00e9 es [...]<\/p>","protected":false},"author":4,"featured_media":0,"parent":0,"menu_order":0,"comment_status":"closed","ping_status":"closed","template":"elementor_header_footer","meta":{"_acf_changed":false,"_seopress_robots_primary_cat":"","_seopress_titles_title":"Omch Blog: Your Resource for Automation Expertise","_seopress_titles_desc":"Stay updated on the latest trends and gain valuable insights into automation from our blog.","_seopress_robots_index":"","footnotes":""},"class_list":["post-269","page","type-page","status-publish","hentry"],"acf":[],"_links":{"self":[{"href":"https:\/\/www.omch.com\/es\/wp-json\/wp\/v2\/pages\/269","targetHints":{"allow":["GET"]}}],"collection":[{"href":"https:\/\/www.omch.com\/es\/wp-json\/wp\/v2\/pages"}],"about":[{"href":"https:\/\/www.omch.com\/es\/wp-json\/wp\/v2\/types\/page"}],"author":[{"embeddable":true,"href":"https:\/\/www.omch.com\/es\/wp-json\/wp\/v2\/users\/4"}],"replies":[{"embeddable":true,"href":"https:\/\/www.omch.com\/es\/wp-json\/wp\/v2\/comments?post=269"}],"version-history":[{"count":9,"href":"https:\/\/www.omch.com\/es\/wp-json\/wp\/v2\/pages\/269\/revisions"}],"predecessor-version":[{"id":6501,"href":"https:\/\/www.omch.com\/es\/wp-json\/wp\/v2\/pages\/269\/revisions\/6501"}],"wp:attachment":[{"href":"https:\/\/www.omch.com\/es\/wp-json\/wp\/v2\/media?parent=269"}],"curies":[{"name":"wp","href":"https:\/\/api.w.org\/{rel}","templated":true}]}}